{"id":5301,"date":"2023-05-07T03:08:51","date_gmt":"2023-05-07T03:08:51","guid":{"rendered":"https:\/\/espaisagaro.com\/last-minute\/"},"modified":"2024-07-22T16:00:44","modified_gmt":"2024-07-22T16:00:44","slug":"faq","status":"publish","type":"page","link":"https:\/\/espaisagaro.com\/en\/faq\/","title":{"rendered":"FAQ"},"content":{"rendered":"\t\t<div data-elementor-type=\"wp-page\" data-elementor-id=\"5301\" class=\"elementor elementor-5301 elementor-409\" data-elementor-post-type=\"page\">\n\t\t\t\t<div class=\"elementor-element elementor-element-dff54f3 e-con-full e-flex e-con e-parent\" data-id=\"dff54f3\" data-element_type=\"container\" data-e-type=\"container\">\n\t\t\t\t<div class=\"elementor-element elementor-element-3c59e9f elementor-widget elementor-widget-text-editor\" data-id=\"3c59e9f\" data-element_type=\"widget\" data-e-type=\"widget\" data-widget_type=\"text-editor.default\">\n\t\t\t\t\t\t\t\t\tRental S&#8217;Agar\u00f3 Sleep on the Costa Brava Apartment Platja d&#8217;Aro Pet-friendly apartment S&#8217;Agar\u00f3 Holidays in S&#8217;Agar\u00f3 Costa Brava getaway Accommodation with sea view Apartment near the sea S&#8217;Agar\u00f3 Apartments with pool S&#8217;Agar\u00f3 Sleep in the center of S&#8217;Agar\u00f3 Getaway in S&#8217;Agar\u00f3 Rent apartment Costa Brava Sleep near the beach S&#8217;Agar\u00f3 Family accommodation S&#8217;Agar\u00f3 Comfortable apartment S&#8217;Agar\u00f3 Apartment in a quiet area S&#8217;Agar\u00f3 Sleep in Platja d&#8217;Aro Holidays on the Costa Brava Sleep in S&#8217;Agar\u00f3 with children Apartment with sea view Rent holiday apartment S&#8217;Agar\u00f3 Family apartment rental Costa Brava Getaway in Platja d&#8217;Aro Apartment with terrace S&#8217;Agar\u00f3 Sleep near Girona Apartment beachfront S&#8217;Agar\u00f3 Holiday rental Platja d&#8217;Aro Apartment near trails Costa Brava Short-term rental S&#8217;Agar\u00f3 Rent apartment Platja d&#8217;Aro \n\t\t\t\t\t\t\t\t<\/div>\n\t\t\t\t<\/div>\n\t\t\t\t<\/div>\n\t\t","protected":false},"excerpt":{"rendered":"<p>Rental S&#8217;Agar\u00f3 Sleep on the Costa Brava Apartment Platja d&#8217;Aro Pet-friendly apartment S&#8217;Agar\u00f3 Holidays in S&#8217;Agar\u00f3 Costa Brava getaway Accommodation with sea view Apartment near the sea S&#8217;Agar\u00f3 Apartments with pool S&#8217;Agar\u00f3 Sleep in the center of S&#8217;Agar\u00f3 Getaway in S&#8217;Agar\u00f3 Rent apartment Costa Brava Sleep near the beach S&#8217;Agar\u00f3 Family accommodation S&#8217;Agar\u00f3 Comfortable apartment [&hellip;]<\/p>\n","protected":false},"author":1,"featured_media":0,"parent":0,"menu_order":0,"comment_status":"closed","ping_status":"closed","template":"","meta":{"footnotes":""},"class_list":["post-5301","page","type-page","status-publish","hentry","entry","owp-thumbs-layout-horizontal","owp-btn-normal","owp-tabs-layout-horizontal","has-no-thumbnails","has-product-nav"],"yoast_head":"<!-- This site is optimized with the Yoast SEO Premium plugin v26.4 (Yoast SEO v27.3) - https:\/\/yoast.com\/product\/yoast-seo-premium-wordpress\/ -->\n<title>FAQ - Espai S&#039;Agar\u00f3<\/title>\n<meta name=\"robots\" content=\"index, follow, max-snippet:-1, max-image-preview:large, max-video-preview:-1\" \/>\n<link rel=\"canonical\" href=\"https:\/\/espaisagaro.com\/en\/faq\/\" \/>\n<meta property=\"og:locale\" content=\"en_US\" \/>\n<meta property=\"og:type\" content=\"article\" \/>\n<meta property=\"og:title\" content=\"FAQ\" \/>\n<meta property=\"og:description\" content=\"Rental S&#8217;Agar\u00f3 Sleep on the Costa Brava Apartment Platja d&#8217;Aro Pet-friendly apartment S&#8217;Agar\u00f3 Holidays in S&#8217;Agar\u00f3 Costa Brava getaway Accommodation with sea view Apartment near the sea S&#8217;Agar\u00f3 Apartments with pool S&#8217;Agar\u00f3 Sleep in the center of S&#8217;Agar\u00f3 Getaway in S&#8217;Agar\u00f3 Rent apartment Costa Brava Sleep near the beach S&#8217;Agar\u00f3 Family accommodation S&#8217;Agar\u00f3 Comfortable apartment [&hellip;]\" \/>\n<meta property=\"og:url\" content=\"https:\/\/espaisagaro.com\/en\/faq\/\" \/>\n<meta property=\"og:site_name\" content=\"Espai S&#039;Agar\u00f3\" \/>\n<meta property=\"article:modified_time\" content=\"2024-07-22T16:00:44+00:00\" \/>\n<meta name=\"twitter:card\" content=\"summary_large_image\" \/>\n<meta name=\"twitter:label1\" content=\"Est. reading time\" \/>\n\t<meta name=\"twitter:data1\" content=\"1 minute\" \/>\n<script type=\"application\/ld+json\" class=\"yoast-schema-graph\">{\"@context\":\"https:\\\/\\\/schema.org\",\"@graph\":[{\"@type\":\"WebPage\",\"@id\":\"https:\\\/\\\/espaisagaro.com\\\/en\\\/faq\\\/\",\"url\":\"https:\\\/\\\/espaisagaro.com\\\/en\\\/faq\\\/\",\"name\":\"FAQ - Espai S&#039;Agar\u00f3\",\"isPartOf\":{\"@id\":\"https:\\\/\\\/espaisagaro.com\\\/en\\\/#website\"},\"datePublished\":\"2023-05-07T03:08:51+00:00\",\"dateModified\":\"2024-07-22T16:00:44+00:00\",\"breadcrumb\":{\"@id\":\"https:\\\/\\\/espaisagaro.com\\\/en\\\/faq\\\/#breadcrumb\"},\"inLanguage\":\"en-US\",\"potentialAction\":[{\"@type\":\"ReadAction\",\"target\":[\"https:\\\/\\\/espaisagaro.com\\\/en\\\/faq\\\/\"]}]},{\"@type\":\"BreadcrumbList\",\"@id\":\"https:\\\/\\\/espaisagaro.com\\\/en\\\/faq\\\/#breadcrumb\",\"itemListElement\":[{\"@type\":\"ListItem\",\"position\":1,\"name\":\"Home\",\"item\":\"https:\\\/\\\/espaisagaro.com\\\/en\\\/\"},{\"@type\":\"ListItem\",\"position\":2,\"name\":\"FAQ\"}]},{\"@type\":\"WebSite\",\"@id\":\"https:\\\/\\\/espaisagaro.com\\\/en\\\/#website\",\"url\":\"https:\\\/\\\/espaisagaro.com\\\/en\\\/\",\"name\":\"Espai S'Agar\u00f3\",\"description\":\"Tourist rental of apartments in the heart of the Costa Brava\",\"publisher\":{\"@id\":\"https:\\\/\\\/espaisagaro.com\\\/en\\\/#organization\"},\"alternateName\":\"espaisagaro\",\"potentialAction\":[{\"@type\":\"SearchAction\",\"target\":{\"@type\":\"EntryPoint\",\"urlTemplate\":\"https:\\\/\\\/espaisagaro.com\\\/en\\\/?s={search_term_string}\"},\"query-input\":{\"@type\":\"PropertyValueSpecification\",\"valueRequired\":true,\"valueName\":\"search_term_string\"}}],\"inLanguage\":\"en-US\"},{\"@type\":\"Organization\",\"@id\":\"https:\\\/\\\/espaisagaro.com\\\/en\\\/#organization\",\"name\":\"Espai S'Agar\u00f3\",\"url\":\"https:\\\/\\\/espaisagaro.com\\\/en\\\/\",\"logo\":{\"@type\":\"ImageObject\",\"inLanguage\":\"en-US\",\"@id\":\"https:\\\/\\\/espaisagaro.com\\\/en\\\/#\\\/schema\\\/logo\\\/image\\\/\",\"url\":\"https:\\\/\\\/espaisagaro.com\\\/wp-content\\\/uploads\\\/espai.png\",\"contentUrl\":\"https:\\\/\\\/espaisagaro.com\\\/wp-content\\\/uploads\\\/espai.png\",\"width\":166,\"height\":165,\"caption\":\"Espai S'Agar\u00f3\"},\"image\":{\"@id\":\"https:\\\/\\\/espaisagaro.com\\\/en\\\/#\\\/schema\\\/logo\\\/image\\\/\"}}]}<\/script>\n<!-- \/ Yoast SEO Premium plugin. -->","yoast_head_json":{"title":"FAQ - Espai S&#039;Agar\u00f3","robots":{"index":"index","follow":"follow","max-snippet":"max-snippet:-1","max-image-preview":"max-image-preview:large","max-video-preview":"max-video-preview:-1"},"canonical":"https:\/\/espaisagaro.com\/en\/faq\/","og_locale":"en_US","og_type":"article","og_title":"FAQ","og_description":"Rental S&#8217;Agar\u00f3 Sleep on the Costa Brava Apartment Platja d&#8217;Aro Pet-friendly apartment S&#8217;Agar\u00f3 Holidays in S&#8217;Agar\u00f3 Costa Brava getaway Accommodation with sea view Apartment near the sea S&#8217;Agar\u00f3 Apartments with pool S&#8217;Agar\u00f3 Sleep in the center of S&#8217;Agar\u00f3 Getaway in S&#8217;Agar\u00f3 Rent apartment Costa Brava Sleep near the beach S&#8217;Agar\u00f3 Family accommodation S&#8217;Agar\u00f3 Comfortable apartment [&hellip;]","og_url":"https:\/\/espaisagaro.com\/en\/faq\/","og_site_name":"Espai S&#039;Agar\u00f3","article_modified_time":"2024-07-22T16:00:44+00:00","twitter_card":"summary_large_image","twitter_misc":{"Est. reading time":"1 minute"},"schema":{"@context":"https:\/\/schema.org","@graph":[{"@type":"WebPage","@id":"https:\/\/espaisagaro.com\/en\/faq\/","url":"https:\/\/espaisagaro.com\/en\/faq\/","name":"FAQ - Espai S&#039;Agar\u00f3","isPartOf":{"@id":"https:\/\/espaisagaro.com\/en\/#website"},"datePublished":"2023-05-07T03:08:51+00:00","dateModified":"2024-07-22T16:00:44+00:00","breadcrumb":{"@id":"https:\/\/espaisagaro.com\/en\/faq\/#breadcrumb"},"inLanguage":"en-US","potentialAction":[{"@type":"ReadAction","target":["https:\/\/espaisagaro.com\/en\/faq\/"]}]},{"@type":"BreadcrumbList","@id":"https:\/\/espaisagaro.com\/en\/faq\/#breadcrumb","itemListElement":[{"@type":"ListItem","position":1,"name":"Home","item":"https:\/\/espaisagaro.com\/en\/"},{"@type":"ListItem","position":2,"name":"FAQ"}]},{"@type":"WebSite","@id":"https:\/\/espaisagaro.com\/en\/#website","url":"https:\/\/espaisagaro.com\/en\/","name":"Espai S'Agar\u00f3","description":"Tourist rental of apartments in the heart of the Costa Brava","publisher":{"@id":"https:\/\/espaisagaro.com\/en\/#organization"},"alternateName":"espaisagaro","potentialAction":[{"@type":"SearchAction","target":{"@type":"EntryPoint","urlTemplate":"https:\/\/espaisagaro.com\/en\/?s={search_term_string}"},"query-input":{"@type":"PropertyValueSpecification","valueRequired":true,"valueName":"search_term_string"}}],"inLanguage":"en-US"},{"@type":"Organization","@id":"https:\/\/espaisagaro.com\/en\/#organization","name":"Espai S'Agar\u00f3","url":"https:\/\/espaisagaro.com\/en\/","logo":{"@type":"ImageObject","inLanguage":"en-US","@id":"https:\/\/espaisagaro.com\/en\/#\/schema\/logo\/image\/","url":"https:\/\/espaisagaro.com\/wp-content\/uploads\/espai.png","contentUrl":"https:\/\/espaisagaro.com\/wp-content\/uploads\/espai.png","width":166,"height":165,"caption":"Espai S'Agar\u00f3"},"image":{"@id":"https:\/\/espaisagaro.com\/en\/#\/schema\/logo\/image\/"}}]}},"_links":{"self":[{"href":"https:\/\/espaisagaro.com\/en\/wp-json\/wp\/v2\/pages\/5301","targetHints":{"allow":["GET"]}}],"collection":[{"href":"https:\/\/espaisagaro.com\/en\/wp-json\/wp\/v2\/pages"}],"about":[{"href":"https:\/\/espaisagaro.com\/en\/wp-json\/wp\/v2\/types\/page"}],"author":[{"embeddable":true,"href":"https:\/\/espaisagaro.com\/en\/wp-json\/wp\/v2\/users\/1"}],"replies":[{"embeddable":true,"href":"https:\/\/espaisagaro.com\/en\/wp-json\/wp\/v2\/comments?post=5301"}],"version-history":[{"count":5,"href":"https:\/\/espaisagaro.com\/en\/wp-json\/wp\/v2\/pages\/5301\/revisions"}],"predecessor-version":[{"id":8296,"href":"https:\/\/espaisagaro.com\/en\/wp-json\/wp\/v2\/pages\/5301\/revisions\/8296"}],"wp:attachment":[{"href":"https:\/\/espaisagaro.com\/en\/wp-json\/wp\/v2\/media?parent=5301"}],"curies":[{"name":"wp","href":"https:\/\/api.w.org\/{rel}","templated":true}]}}