{"id":5307,"date":"2023-03-20T21:45:26","date_gmt":"2023-03-20T21:45:26","guid":{"rendered":"https:\/\/espaisagaro.com\/where-are-we\/"},"modified":"2024-07-22T16:04:42","modified_gmt":"2024-07-22T16:04:42","slug":"where-are-we","status":"publish","type":"page","link":"https:\/\/espaisagaro.com\/en\/where-are-we\/","title":{"rendered":"Where are we"},"content":{"rendered":"\t\t<div data-elementor-type=\"wp-page\" data-elementor-id=\"5307\" class=\"elementor elementor-5307 elementor-50\" data-elementor-post-type=\"page\">\n\t\t\t\t\t\t<section class=\"elementor-section elementor-top-section elementor-element elementor-element-1340801 elementor-section-full_width elementor-section-stretched elementor-section-height-default elementor-section-height-default\" data-id=\"1340801\" data-element_type=\"section\" data-e-type=\"section\" data-settings=\"{&quot;stretch_section&quot;:&quot;section-stretched&quot;}\">\n\t\t\t\t\t\t<div class=\"elementor-container elementor-column-gap-default\">\n\t\t\t\t\t<div class=\"elementor-column elementor-col-100 elementor-top-column elementor-element elementor-element-a59cf44\" data-id=\"a59cf44\" data-element_type=\"column\" data-e-type=\"column\">\n\t\t\t<div class=\"elementor-widget-wrap elementor-element-populated\">\n\t\t\t\t\t\t<div class=\"elementor-element elementor-element-9aa8cab elementor-widget elementor-widget-image\" data-id=\"9aa8cab\" data-element_type=\"widget\" data-e-type=\"widget\" data-widget_type=\"image.default\">\n\t\t\t\t\t\t\t\t\t\t\t\t\t\t\t<img fetchpriority=\"high\" decoding=\"async\" width=\"1920\" height=\"880\" src=\"https:\/\/espaisagaro.com\/wp-content\/uploads\/2023\/03\/foto-portada-ON-SOM-copia.jpg\" class=\"attachment-full size-full wp-image-2403\" alt=\"\" srcset=\"https:\/\/espaisagaro.com\/wp-content\/uploads\/2023\/03\/foto-portada-ON-SOM-copia.jpg 1920w, https:\/\/espaisagaro.com\/wp-content\/uploads\/2023\/03\/foto-portada-ON-SOM-copia-600x275.jpg 600w, https:\/\/espaisagaro.com\/wp-content\/uploads\/2023\/03\/foto-portada-ON-SOM-copia-300x138.jpg 300w, https:\/\/espaisagaro.com\/wp-content\/uploads\/2023\/03\/foto-portada-ON-SOM-copia-1024x469.jpg 1024w, https:\/\/espaisagaro.com\/wp-content\/uploads\/2023\/03\/foto-portada-ON-SOM-copia-768x352.jpg 768w, https:\/\/espaisagaro.com\/wp-content\/uploads\/2023\/03\/foto-portada-ON-SOM-copia-1536x704.jpg 1536w\" sizes=\"(max-width: 1920px) 100vw, 1920px\" \/>\t\t\t\t\t\t\t\t\t\t\t\t\t\t\t<\/div>\n\t\t\t\t\t<\/div>\n\t\t<\/div>\n\t\t\t\t\t<\/div>\n\t\t<\/section>\n\t\t\t\t<section class=\"elementor-section elementor-top-section elementor-element elementor-element-95338ee elementor-section-full_width elementor-section-height-default elementor-section-height-default\" data-id=\"95338ee\" data-element_type=\"section\" data-e-type=\"section\">\n\t\t\t\t\t\t<div class=\"elementor-container elementor-column-gap-default\">\n\t\t\t\t\t<div class=\"elementor-column elementor-col-100 elementor-top-column elementor-element elementor-element-0ff8983\" data-id=\"0ff8983\" data-element_type=\"column\" data-e-type=\"column\">\n\t\t\t<div class=\"elementor-widget-wrap elementor-element-populated\">\n\t\t\t\t\t\t<div class=\"elementor-element elementor-element-4cb4564 elementor-widget elementor-widget-text-editor\" data-id=\"4cb4564\" data-element_type=\"widget\" data-e-type=\"widget\" data-widget_type=\"text-editor.default\">\n\t\t\t\t\t\t\t\t\tRental S&#8217;Agar\u00f3 Sleep on the Costa Brava Apartment Platja d&#8217;Aro Pet-friendly apartment S&#8217;Agar\u00f3 Holidays in S&#8217;Agar\u00f3 Costa Brava getaway Accommodation with sea view Apartment near the sea S&#8217;Agar\u00f3 Apartments with pool S&#8217;Agar\u00f3 Sleep in the center of S&#8217;Agar\u00f3 Getaway in S&#8217;Agar\u00f3 Rent apartment Costa Brava Sleep near the beach S&#8217;Agar\u00f3 Family accommodation S&#8217;Agar\u00f3 Comfortable apartment S&#8217;Agar\u00f3 Apartment in a quiet area S&#8217;Agar\u00f3 Sleep in Platja d&#8217;Aro Holidays on the Costa Brava Sleep in S&#8217;Agar\u00f3 with children Apartment with sea view Rent holiday apartment S&#8217;Agar\u00f3 Family apartment rental Costa Brava Getaway in Platja d&#8217;Aro Apartment with terrace S&#8217;Agar\u00f3 Sleep near Girona Apartment beachfront S&#8217;Agar\u00f3 Holiday rental Platja d&#8217;Aro Apartment near trails Costa Brava Short-term rental S&#8217;Agar\u00f3 Rent apartment Platja d&#8217;Aro\t\t\t\t\t\t\t\t<\/div>\n\t\t\t\t\t<\/div>\n\t\t<\/div>\n\t\t\t\t\t<\/div>\n\t\t<\/section>\n\t\t\t\t<section class=\"elementor-section elementor-top-section elementor-element elementor-element-e18743f elementor-section-boxed elementor-section-height-default elementor-section-height-default\" data-id=\"e18743f\" data-element_type=\"section\" data-e-type=\"section\">\n\t\t\t\t\t\t<div class=\"elementor-container elementor-column-gap-default\">\n\t\t\t\t\t<div class=\"elementor-column elementor-col-100 elementor-top-column elementor-element elementor-element-951e8fc\" data-id=\"951e8fc\" data-element_type=\"column\" data-e-type=\"column\">\n\t\t\t<div class=\"elementor-widget-wrap elementor-element-populated\">\n\t\t\t\t\t\t<div class=\"elementor-element elementor-element-89a0e53 elementor-widget elementor-widget-text-editor\" data-id=\"89a0e53\" data-element_type=\"widget\" data-e-type=\"widget\" data-widget_type=\"text-editor.default\">\n\t\t\t\t\t\t\t\t\t<p>S\u2019Agar\u00f3,<br \/> the heart of <br \/>Costa Brava<\/p>\n\t\t\t\t\t\t\t\t<\/div>\n\t\t\t\t\t<\/div>\n\t\t<\/div>\n\t\t\t\t\t<\/div>\n\t\t<\/section>\n\t\t\t\t<section class=\"elementor-section elementor-top-section elementor-element elementor-element-fbc2839 elementor-section-boxed elementor-section-height-default elementor-section-height-default\" data-id=\"fbc2839\" data-element_type=\"section\" data-e-type=\"section\">\n\t\t\t\t\t\t<div class=\"elementor-container elementor-column-gap-default\">\n\t\t\t\t\t<div class=\"elementor-column elementor-col-100 elementor-top-column elementor-element elementor-element-07deac6\" data-id=\"07deac6\" data-element_type=\"column\" data-e-type=\"column\">\n\t\t\t<div class=\"elementor-widget-wrap elementor-element-populated\">\n\t\t\t\t\t\t<section class=\"elementor-section elementor-inner-section elementor-element elementor-element-33d7ef3 elementor-section-boxed elementor-section-height-default elementor-section-height-default\" data-id=\"33d7ef3\" data-element_type=\"section\" data-e-type=\"section\">\n\t\t\t\t\t\t<div class=\"elementor-container elementor-column-gap-default\">\n\t\t\t\t\t<div class=\"elementor-column elementor-col-50 elementor-inner-column elementor-element elementor-element-05625f3\" data-id=\"05625f3\" data-element_type=\"column\" data-e-type=\"column\">\n\t\t\t<div class=\"elementor-widget-wrap elementor-element-populated\">\n\t\t\t\t\t\t<div class=\"elementor-element elementor-element-9922a27 elementor-widget elementor-widget-image\" data-id=\"9922a27\" data-element_type=\"widget\" data-e-type=\"widget\" data-widget_type=\"image.default\">\n\t\t\t\t\t\t\t\t\t\t\t\t\t\t\t<img decoding=\"async\" width=\"178\" height=\"49\" src=\"https:\/\/espaisagaro.com\/wp-content\/uploads\/2023\/03\/cors.png\" class=\"attachment-large size-large wp-image-2406\" alt=\"\" \/>\t\t\t\t\t\t\t\t\t\t\t\t\t\t\t<\/div>\n\t\t\t\t\t<\/div>\n\t\t<\/div>\n\t\t\t\t<div class=\"elementor-column elementor-col-50 elementor-inner-column elementor-element elementor-element-4518369\" data-id=\"4518369\" data-element_type=\"column\" data-e-type=\"column\">\n\t\t\t<div class=\"elementor-widget-wrap elementor-element-populated\">\n\t\t\t\t\t\t<div class=\"elementor-element elementor-element-02eeff8 elementor-widget elementor-widget-text-editor\" data-id=\"02eeff8\" data-element_type=\"widget\" data-e-type=\"widget\" data-widget_type=\"text-editor.default\">\n\t\t\t\t\t\t\t\t\t<p>Between Sant Feliu de Gu\u00edxols and Platja d&#8217;Aro, halfway between Barcelona and France, and between Blanes and Portbou we find S&#8217;AGAR\u00d3, one of the most beautiful residential and tourist centers on the Costa Brava. Its origin dates back to 1916 with the construction of the first noucentista-style summer residence with the idea that it was an urbanization intended for tourism and the summer holidays of the upper bourgeoisie.<br>\nOver the years, the strength of tourism grew and all around the initial complex (and all along the coast in general) new buildings and apartments were built, until forming what we know today as S&#8217;Agar\u00f3.<br><br>\nThere are two magnificent beaches, one the Sant Pol beach, 900 m long and made up of very fine sand and shallow waters, ideal for families with small children or people with reduced mobility. It has a promenade that borders it, a children&#8217;s play area in the Parc de les Dunes and a large number of services (parking area, sunbed rental, bars, restaurants, Red Cross, water sports school&#8230;) and the the other the beach of Sa Conca, touching the urbanization of S&#8217;Agar\u00f3 with its stately houses and the promenade that passes there. It is a large cove of 400 meters, with thicker sand and deeper water. You can access it by car, but you have to leave it 250 meters away or on foot, with a pleasant walk along the Cam\u00ed de Ronda. It is a very familiar beach, surrounded by pines and rocks, of great beauty.<br><br>\nS&#8217;Agar\u00f3 is characterized by being a quiet and familiar residential area, with quality shops, a variety of restaurants and bars and very close and well connected to our neighbors of Platja d&#8217;Aro and Sant Feliu de Gu\u00edxols. <\/p>\t\t\t\t\t\t\t\t<\/div>\n\t\t\t\t\t<\/div>\n\t\t<\/div>\n\t\t\t\t\t<\/div>\n\t\t<\/section>\n\t\t\t\t\t<\/div>\n\t\t<\/div>\n\t\t\t\t\t<\/div>\n\t\t<\/section>\n\t\t\t\t<section class=\"elementor-section elementor-top-section elementor-element elementor-element-81367ce elementor-section-full_width elementor-section-stretched elementor-section-height-default elementor-section-height-default\" data-id=\"81367ce\" data-element_type=\"section\" data-e-type=\"section\" data-settings=\"{&quot;stretch_section&quot;:&quot;section-stretched&quot;}\">\n\t\t\t\t\t\t<div class=\"elementor-container elementor-column-gap-default\">\n\t\t\t\t\t<div class=\"elementor-column elementor-col-100 elementor-top-column elementor-element elementor-element-56a93cc\" data-id=\"56a93cc\" data-element_type=\"column\" data-e-type=\"column\">\n\t\t\t<div class=\"elementor-widget-wrap elementor-element-populated\">\n\t\t\t\t\t\t<div class=\"elementor-element elementor-element-e34879b elementor-widget elementor-widget-image\" data-id=\"e34879b\" data-element_type=\"widget\" data-e-type=\"widget\" data-widget_type=\"image.default\">\n\t\t\t\t\t\t\t\t\t\t\t\t\t\t\t<img decoding=\"async\" width=\"1920\" height=\"571\" src=\"https:\/\/espaisagaro.com\/wp-content\/uploads\/2023\/03\/mapa.png\" class=\"attachment-full size-full wp-image-2409\" alt=\"\" srcset=\"https:\/\/espaisagaro.com\/wp-content\/uploads\/2023\/03\/mapa.png 1920w, https:\/\/espaisagaro.com\/wp-content\/uploads\/2023\/03\/mapa-600x178.png 600w, https:\/\/espaisagaro.com\/wp-content\/uploads\/2023\/03\/mapa-300x89.png 300w, https:\/\/espaisagaro.com\/wp-content\/uploads\/2023\/03\/mapa-1024x305.png 1024w, https:\/\/espaisagaro.com\/wp-content\/uploads\/2023\/03\/mapa-768x228.png 768w, https:\/\/espaisagaro.com\/wp-content\/uploads\/2023\/03\/mapa-1536x457.png 1536w\" sizes=\"(max-width: 1920px) 100vw, 1920px\" \/>\t\t\t\t\t\t\t\t\t\t\t\t\t\t\t<\/div>\n\t\t\t\t<div class=\"elementor-element elementor-element-5439087 elementor-hidden-desktop elementor-hidden-tablet elementor-widget elementor-widget-spacer\" data-id=\"5439087\" data-element_type=\"widget\" data-e-type=\"widget\" data-widget_type=\"spacer.default\">\n\t\t\t\t\t\t\t<div class=\"elementor-spacer\">\n\t\t\t<div class=\"elementor-spacer-inner\"><\/div>\n\t\t<\/div>\n\t\t\t\t\t\t<\/div>\n\t\t\t\t\t<\/div>\n\t\t<\/div>\n\t\t\t\t\t<\/div>\n\t\t<\/section>\n\t\t\t\t<section class=\"elementor-section elementor-top-section elementor-element elementor-element-6486b64c elementor-section-full_width elementor-section-stretched elementor-section-height-default elementor-section-height-default\" data-id=\"6486b64c\" data-element_type=\"section\" data-e-type=\"section\" data-settings=\"{&quot;stretch_section&quot;:&quot;section-stretched&quot;}\">\n\t\t\t\t\t\t<div class=\"elementor-container elementor-column-gap-default\">\n\t\t\t\t\t<div class=\"elementor-column elementor-col-100 elementor-top-column elementor-element elementor-element-1b57ad27\" data-id=\"1b57ad27\" data-element_type=\"column\" data-e-type=\"column\">\n\t\t\t<div class=\"elementor-widget-wrap elementor-element-populated\">\n\t\t\t\t\t\t<div class=\"elementor-element elementor-element-1ae8a614 elementor--h-position-center elementor--v-position-middle elementor-widget elementor-widget-slides\" data-id=\"1ae8a614\" data-element_type=\"widget\" data-e-type=\"widget\" data-settings=\"{&quot;navigation&quot;:&quot;none&quot;,&quot;transition&quot;:&quot;fade&quot;,&quot;transition_speed&quot;:500}\" data-widget_type=\"slides.default\">\n\t\t\t\t\t\t\t\t\t\t<div class=\"elementor-slides-wrapper elementor-main-swiper swiper\" role=\"region\" aria-roledescription=\"carousel\" aria-label=\"Slides\" dir=\"ltr\" data-animation=\"zoomIn\">\n\t\t\t\t<div class=\"swiper-wrapper elementor-slides\">\n\t\t\t\t\t\t\t\t\t\t<div class=\"elementor-repeater-item-5578067 swiper-slide\" role=\"group\" aria-roledescription=\"slide\"><div class=\"swiper-slide-bg\" role=\"img\" aria-label=\"Contacte 2\"><\/div><a class=\"swiper-slide-inner\" href=\"https:\/\/espaisagaro.com\/en\/contact\/\"><div class=\"swiper-slide-contents\"><div  class=\"elementor-button elementor-slide-button elementor-size-lg\">Contact<\/div><\/div><\/a><\/div>\t\t\t\t<\/div>\n\t\t\t\t\t\t\t<\/div>\n\t\t\t\t\t\t\t\t<\/div>\n\t\t\t\t\t<\/div>\n\t\t<\/div>\n\t\t\t\t\t<\/div>\n\t\t<\/section>\n\t\t\t\t<\/div>\n\t\t","protected":false},"excerpt":{"rendered":"<p>Rental S&#8217;Agar\u00f3 Sleep on the Costa Brava Apartment Platja d&#8217;Aro Pet-friendly apartment S&#8217;Agar\u00f3 Holidays in S&#8217;Agar\u00f3 Costa Brava getaway Accommodation with sea view Apartment near the sea S&#8217;Agar\u00f3 Apartments with pool S&#8217;Agar\u00f3 Sleep in the center of S&#8217;Agar\u00f3 Getaway in S&#8217;Agar\u00f3 Rent apartment Costa Brava Sleep near the beach S&#8217;Agar\u00f3 Family accommodation S&#8217;Agar\u00f3 Comfortable apartment [&hellip;]<\/p>\n","protected":false},"author":1,"featured_media":0,"parent":0,"menu_order":0,"comment_status":"closed","ping_status":"closed","template":"elementor_header_footer","meta":{"footnotes":""},"class_list":["post-5307","page","type-page","status-publish","hentry","entry","owp-thumbs-layout-horizontal","owp-btn-normal","owp-tabs-layout-horizontal","has-no-thumbnails","has-product-nav"],"yoast_head":"<!-- This site is optimized with the Yoast SEO Premium plugin v26.4 (Yoast SEO v27.3) - https:\/\/yoast.com\/product\/yoast-seo-premium-wordpress\/ -->\n<title>Where are we - Espai S&#039;Agar\u00f3<\/title>\n<meta name=\"robots\" content=\"index, follow, max-snippet:-1, max-image-preview:large, max-video-preview:-1\" \/>\n<link rel=\"canonical\" href=\"https:\/\/espaisagaro.com\/en\/where-are-we\/\" \/>\n<meta property=\"og:locale\" content=\"en_US\" \/>\n<meta property=\"og:type\" content=\"article\" \/>\n<meta property=\"og:title\" content=\"Where are we\" \/>\n<meta property=\"og:description\" content=\"Rental S&#8217;Agar\u00f3 Sleep on the Costa Brava Apartment Platja d&#8217;Aro Pet-friendly apartment S&#8217;Agar\u00f3 Holidays in S&#8217;Agar\u00f3 Costa Brava getaway Accommodation with sea view Apartment near the sea S&#8217;Agar\u00f3 Apartments with pool S&#8217;Agar\u00f3 Sleep in the center of S&#8217;Agar\u00f3 Getaway in S&#8217;Agar\u00f3 Rent apartment Costa Brava Sleep near the beach S&#8217;Agar\u00f3 Family accommodation S&#8217;Agar\u00f3 Comfortable apartment [&hellip;]\" \/>\n<meta property=\"og:url\" content=\"https:\/\/espaisagaro.com\/en\/where-are-we\/\" \/>\n<meta property=\"og:site_name\" content=\"Espai S&#039;Agar\u00f3\" \/>\n<meta property=\"article:modified_time\" content=\"2024-07-22T16:04:42+00:00\" \/>\n<meta property=\"og:image\" content=\"https:\/\/espaisagaro.com\/wp-content\/uploads\/2023\/03\/foto-portada-ON-SOM-copia.jpg\" \/>\n\t<meta property=\"og:image:width\" content=\"1920\" \/>\n\t<meta property=\"og:image:height\" content=\"880\" \/>\n\t<meta property=\"og:image:type\" content=\"image\/jpeg\" \/>\n<meta name=\"twitter:card\" content=\"summary_large_image\" \/>\n<meta name=\"twitter:label1\" content=\"Est. reading time\" \/>\n\t<meta name=\"twitter:data1\" content=\"2 minutes\" \/>\n<script type=\"application\/ld+json\" class=\"yoast-schema-graph\">{\"@context\":\"https:\\\/\\\/schema.org\",\"@graph\":[{\"@type\":\"WebPage\",\"@id\":\"https:\\\/\\\/espaisagaro.com\\\/en\\\/where-are-we\\\/\",\"url\":\"https:\\\/\\\/espaisagaro.com\\\/en\\\/where-are-we\\\/\",\"name\":\"Where are we - Espai S&#039;Agar\u00f3\",\"isPartOf\":{\"@id\":\"https:\\\/\\\/espaisagaro.com\\\/en\\\/#website\"},\"primaryImageOfPage\":{\"@id\":\"https:\\\/\\\/espaisagaro.com\\\/en\\\/where-are-we\\\/#primaryimage\"},\"image\":{\"@id\":\"https:\\\/\\\/espaisagaro.com\\\/en\\\/where-are-we\\\/#primaryimage\"},\"thumbnailUrl\":\"https:\\\/\\\/espaisagaro.com\\\/wp-content\\\/uploads\\\/2023\\\/03\\\/foto-portada-ON-SOM-copia.jpg\",\"datePublished\":\"2023-03-20T21:45:26+00:00\",\"dateModified\":\"2024-07-22T16:04:42+00:00\",\"breadcrumb\":{\"@id\":\"https:\\\/\\\/espaisagaro.com\\\/en\\\/where-are-we\\\/#breadcrumb\"},\"inLanguage\":\"en-US\",\"potentialAction\":[{\"@type\":\"ReadAction\",\"target\":[\"https:\\\/\\\/espaisagaro.com\\\/en\\\/where-are-we\\\/\"]}]},{\"@type\":\"ImageObject\",\"inLanguage\":\"en-US\",\"@id\":\"https:\\\/\\\/espaisagaro.com\\\/en\\\/where-are-we\\\/#primaryimage\",\"url\":\"https:\\\/\\\/espaisagaro.com\\\/wp-content\\\/uploads\\\/2023\\\/03\\\/foto-portada-ON-SOM-copia.jpg\",\"contentUrl\":\"https:\\\/\\\/espaisagaro.com\\\/wp-content\\\/uploads\\\/2023\\\/03\\\/foto-portada-ON-SOM-copia.jpg\"},{\"@type\":\"BreadcrumbList\",\"@id\":\"https:\\\/\\\/espaisagaro.com\\\/en\\\/where-are-we\\\/#breadcrumb\",\"itemListElement\":[{\"@type\":\"ListItem\",\"position\":1,\"name\":\"Home\",\"item\":\"https:\\\/\\\/espaisagaro.com\\\/en\\\/\"},{\"@type\":\"ListItem\",\"position\":2,\"name\":\"Where are we\"}]},{\"@type\":\"WebSite\",\"@id\":\"https:\\\/\\\/espaisagaro.com\\\/en\\\/#website\",\"url\":\"https:\\\/\\\/espaisagaro.com\\\/en\\\/\",\"name\":\"Espai S'Agar\u00f3\",\"description\":\"Tourist rental of apartments in the heart of the Costa Brava\",\"publisher\":{\"@id\":\"https:\\\/\\\/espaisagaro.com\\\/en\\\/#organization\"},\"alternateName\":\"espaisagaro\",\"potentialAction\":[{\"@type\":\"SearchAction\",\"target\":{\"@type\":\"EntryPoint\",\"urlTemplate\":\"https:\\\/\\\/espaisagaro.com\\\/en\\\/?s={search_term_string}\"},\"query-input\":{\"@type\":\"PropertyValueSpecification\",\"valueRequired\":true,\"valueName\":\"search_term_string\"}}],\"inLanguage\":\"en-US\"},{\"@type\":\"Organization\",\"@id\":\"https:\\\/\\\/espaisagaro.com\\\/en\\\/#organization\",\"name\":\"Espai S'Agar\u00f3\",\"url\":\"https:\\\/\\\/espaisagaro.com\\\/en\\\/\",\"logo\":{\"@type\":\"ImageObject\",\"inLanguage\":\"en-US\",\"@id\":\"https:\\\/\\\/espaisagaro.com\\\/en\\\/#\\\/schema\\\/logo\\\/image\\\/\",\"url\":\"https:\\\/\\\/espaisagaro.com\\\/wp-content\\\/uploads\\\/espai.png\",\"contentUrl\":\"https:\\\/\\\/espaisagaro.com\\\/wp-content\\\/uploads\\\/espai.png\",\"width\":166,\"height\":165,\"caption\":\"Espai S'Agar\u00f3\"},\"image\":{\"@id\":\"https:\\\/\\\/espaisagaro.com\\\/en\\\/#\\\/schema\\\/logo\\\/image\\\/\"}}]}<\/script>\n<!-- \/ Yoast SEO Premium plugin. -->","yoast_head_json":{"title":"Where are we - Espai S&#039;Agar\u00f3","robots":{"index":"index","follow":"follow","max-snippet":"max-snippet:-1","max-image-preview":"max-image-preview:large","max-video-preview":"max-video-preview:-1"},"canonical":"https:\/\/espaisagaro.com\/en\/where-are-we\/","og_locale":"en_US","og_type":"article","og_title":"Where are we","og_description":"Rental S&#8217;Agar\u00f3 Sleep on the Costa Brava Apartment Platja d&#8217;Aro Pet-friendly apartment S&#8217;Agar\u00f3 Holidays in S&#8217;Agar\u00f3 Costa Brava getaway Accommodation with sea view Apartment near the sea S&#8217;Agar\u00f3 Apartments with pool S&#8217;Agar\u00f3 Sleep in the center of S&#8217;Agar\u00f3 Getaway in S&#8217;Agar\u00f3 Rent apartment Costa Brava Sleep near the beach S&#8217;Agar\u00f3 Family accommodation S&#8217;Agar\u00f3 Comfortable apartment [&hellip;]","og_url":"https:\/\/espaisagaro.com\/en\/where-are-we\/","og_site_name":"Espai S&#039;Agar\u00f3","article_modified_time":"2024-07-22T16:04:42+00:00","og_image":[{"width":1920,"height":880,"url":"https:\/\/espaisagaro.com\/wp-content\/uploads\/2023\/03\/foto-portada-ON-SOM-copia.jpg","type":"image\/jpeg"}],"twitter_card":"summary_large_image","twitter_misc":{"Est. reading time":"2 minutes"},"schema":{"@context":"https:\/\/schema.org","@graph":[{"@type":"WebPage","@id":"https:\/\/espaisagaro.com\/en\/where-are-we\/","url":"https:\/\/espaisagaro.com\/en\/where-are-we\/","name":"Where are we - Espai S&#039;Agar\u00f3","isPartOf":{"@id":"https:\/\/espaisagaro.com\/en\/#website"},"primaryImageOfPage":{"@id":"https:\/\/espaisagaro.com\/en\/where-are-we\/#primaryimage"},"image":{"@id":"https:\/\/espaisagaro.com\/en\/where-are-we\/#primaryimage"},"thumbnailUrl":"https:\/\/espaisagaro.com\/wp-content\/uploads\/2023\/03\/foto-portada-ON-SOM-copia.jpg","datePublished":"2023-03-20T21:45:26+00:00","dateModified":"2024-07-22T16:04:42+00:00","breadcrumb":{"@id":"https:\/\/espaisagaro.com\/en\/where-are-we\/#breadcrumb"},"inLanguage":"en-US","potentialAction":[{"@type":"ReadAction","target":["https:\/\/espaisagaro.com\/en\/where-are-we\/"]}]},{"@type":"ImageObject","inLanguage":"en-US","@id":"https:\/\/espaisagaro.com\/en\/where-are-we\/#primaryimage","url":"https:\/\/espaisagaro.com\/wp-content\/uploads\/2023\/03\/foto-portada-ON-SOM-copia.jpg","contentUrl":"https:\/\/espaisagaro.com\/wp-content\/uploads\/2023\/03\/foto-portada-ON-SOM-copia.jpg"},{"@type":"BreadcrumbList","@id":"https:\/\/espaisagaro.com\/en\/where-are-we\/#breadcrumb","itemListElement":[{"@type":"ListItem","position":1,"name":"Home","item":"https:\/\/espaisagaro.com\/en\/"},{"@type":"ListItem","position":2,"name":"Where are we"}]},{"@type":"WebSite","@id":"https:\/\/espaisagaro.com\/en\/#website","url":"https:\/\/espaisagaro.com\/en\/","name":"Espai S'Agar\u00f3","description":"Tourist rental of apartments in the heart of the Costa Brava","publisher":{"@id":"https:\/\/espaisagaro.com\/en\/#organization"},"alternateName":"espaisagaro","potentialAction":[{"@type":"SearchAction","target":{"@type":"EntryPoint","urlTemplate":"https:\/\/espaisagaro.com\/en\/?s={search_term_string}"},"query-input":{"@type":"PropertyValueSpecification","valueRequired":true,"valueName":"search_term_string"}}],"inLanguage":"en-US"},{"@type":"Organization","@id":"https:\/\/espaisagaro.com\/en\/#organization","name":"Espai S'Agar\u00f3","url":"https:\/\/espaisagaro.com\/en\/","logo":{"@type":"ImageObject","inLanguage":"en-US","@id":"https:\/\/espaisagaro.com\/en\/#\/schema\/logo\/image\/","url":"https:\/\/espaisagaro.com\/wp-content\/uploads\/espai.png","contentUrl":"https:\/\/espaisagaro.com\/wp-content\/uploads\/espai.png","width":166,"height":165,"caption":"Espai S'Agar\u00f3"},"image":{"@id":"https:\/\/espaisagaro.com\/en\/#\/schema\/logo\/image\/"}}]}},"_links":{"self":[{"href":"https:\/\/espaisagaro.com\/en\/wp-json\/wp\/v2\/pages\/5307","targetHints":{"allow":["GET"]}}],"collection":[{"href":"https:\/\/espaisagaro.com\/en\/wp-json\/wp\/v2\/pages"}],"about":[{"href":"https:\/\/espaisagaro.com\/en\/wp-json\/wp\/v2\/types\/page"}],"author":[{"embeddable":true,"href":"https:\/\/espaisagaro.com\/en\/wp-json\/wp\/v2\/users\/1"}],"replies":[{"embeddable":true,"href":"https:\/\/espaisagaro.com\/en\/wp-json\/wp\/v2\/comments?post=5307"}],"version-history":[{"count":13,"href":"https:\/\/espaisagaro.com\/en\/wp-json\/wp\/v2\/pages\/5307\/revisions"}],"predecessor-version":[{"id":8311,"href":"https:\/\/espaisagaro.com\/en\/wp-json\/wp\/v2\/pages\/5307\/revisions\/8311"}],"wp:attachment":[{"href":"https:\/\/espaisagaro.com\/en\/wp-json\/wp\/v2\/media?parent=5307"}],"curies":[{"name":"wp","href":"https:\/\/api.w.org\/{rel}","templated":true}]}}