{"id":5273,"date":"2023-05-08T15:32:02","date_gmt":"2023-05-08T15:32:02","guid":{"rendered":"https:\/\/espaisagaro.com\/condiciones-generales-de-alquiler\/"},"modified":"2024-06-26T17:16:34","modified_gmt":"2024-06-26T17:16:34","slug":"condiciones-generales-de-alquiler","status":"publish","type":"page","link":"https:\/\/espaisagaro.com\/es\/condiciones-generales-de-alquiler\/","title":{"rendered":"CONDICIONES GENERALES DE ALQUILER"},"content":{"rendered":"\t\t<div data-elementor-type=\"wp-page\" data-elementor-id=\"5273\" class=\"elementor elementor-5273 elementor-433\" data-elementor-post-type=\"page\">\n\t\t\t\t<div class=\"elementor-element elementor-element-4607861 e-flex e-con-boxed e-con e-parent\" data-id=\"4607861\" data-element_type=\"container\" data-e-type=\"container\">\n\t\t\t\t\t<div class=\"e-con-inner\">\n\t\t\t\t<div class=\"elementor-element elementor-element-76c6c35 elementor-widget elementor-widget-spacer\" data-id=\"76c6c35\" data-element_type=\"widget\" data-e-type=\"widget\" data-widget_type=\"spacer.default\">\n\t\t\t\t\t\t\t<div class=\"elementor-spacer\">\n\t\t\t<div class=\"elementor-spacer-inner\"><\/div>\n\t\t<\/div>\n\t\t\t\t\t\t<\/div>\n\t\t\t\t<div class=\"elementor-element elementor-element-4030981 elementor-widget elementor-widget-text-editor\" data-id=\"4030981\" data-element_type=\"widget\" data-e-type=\"widget\" data-widget_type=\"text-editor.default\">\n\t\t\t\t\t\t\t\t\t<p><strong><span style=\"color: #a6976d;\">CONDICIONES GENERALES DE ALQUILER<\/span><\/strong><\/p>\n<p><span style=\"font-size: 20px; text-align: var(--text-align);\">Para dar una reserva por confirmada y firme, es necesario abonar el 40% del total de \u00e9sta.<\/span><\/p>\n<p>La plaza m\u00e1xima para confirmar la reserva es de 10 d\u00edas desde que el cliente recibe el e-mail de prereserva. Si en este per\u00edodo el cliente no ha pagado, la reserva quedar\u00e1 cancelada autom\u00e1ticamente.<br \/>En la recepci\u00f3n de la paga y se\u00f1al, el cliente recibir\u00e1 la confirmaci\u00f3n v\u00eda e-mail con el correspondiente recibo de pago.<br \/>El pago de saldo se cobra por defecto y autom\u00e1ticamente el d\u00eda antes de la llegada, si el cliente prefiere pagar el d\u00eda de la llegada, puede hacerlo en efectivo. No se entregan llaves sin pagar la totalidad de la reserva.<br \/>Unos d\u00edas antes de la entrada, se enviar\u00e1 un e-mail solicitando los datos para poder realizar el registro de los alojados. En caso de no hacerlo antes de la entrada, es necesario presentar el DNI o pasaporte de todos los alojados el d\u00eda de la llegada.<br \/>El precio del alquiler incluye el consumo razonable y no abusivo de agua, luz, gas y wifi. Espai S&#8217;Agar\u00f3 y la propiedad no se responsabiliza de problemas con los suministros atribuibles a las compa\u00f1\u00edas administradoras u otros ajenos a su responsabilidad.<br \/>El precio de alquiler incluye ropa de pierna y toallas. Si los clientes desean un cambio extra de ropa, deben abonar 15 euros por persona.<br \/>Se debe tener en cuenta que en el momento de pagar el saldo, debe abonarse la tasa tur\u00edstica correspondiente: 1\u20ac por persona por noche por un m\u00e1ximo de 7 noches (a partir de 16 a\u00f1os).<br \/>La limpieza final est\u00e1 incluida en el precio del alquiler, sin embargo, es necesario dejar el alojamiento limpio y ordenado,<br \/>El n\u00famero de personas permitidas para alojarse ser\u00e1 el mismo que el pactado en la reserva.<br \/>Los animales de compa\u00f1\u00eda se permiten previa autorizaci\u00f3n y con un suplemento de 35\u20ac por mascota.<\/p>\n<p><strong><span style=\"color: #a6976d;\">HORA DE LLEGADA<\/span><\/strong><br \/>La hora de llegada es a partir de las 16h. La recogida de llaves ser\u00e1 en Espai S&#8217;Agar\u00f3, excepto si previamente se ha pactado algo diferente.<\/p>\n<p><strong><span style=\"color: #a6976d;\">HORA DE SALIDA<\/span><\/strong><br \/>Las salidas se efect\u00faan no m\u00e1s tarde de las 10h de la ma\u00f1ana. Las llaves se dejan en el buz\u00f3n de Espai S&#8217;Agar\u00f3.<\/p>\n<p><strong><span style=\"color: #a6976d;\">GARANT\u00cdA\/FIANZA<\/span><\/strong><br \/>La fianza var\u00eda entre 200\u20ac y 400\u20ac dependiendo del alojamiento. En los pagos con tarjeta se retiene la cantidad como dep\u00f3sito de garant\u00eda y se devolver\u00e1 autom\u00e1ticamente 4 d\u00edas despu\u00e9s de la misma (periodo en el que la agencia verifica el estado del alojamiento y el cumplimiento de la normativa durante la estancia) .) En las dem\u00e1s formas de pago hay que abonarla en el check-in.<br \/>El retorno \u00edntegro de la fianza se realizar\u00e1 siempre que el alojamiento se devuelva en las mismas condiciones de la entrada, se hayan respetado la normativa general y las espec\u00edficas de cada comunidad.<\/p>\n<p><strong><span style=\"color: #a6976d;\">POL\u00cdTICA DE CANCEL\u00b7LACI\u00d3N<br \/><\/span><\/strong>Puede cancelarse con derecho a devoluci\u00f3n de la paga y se\u00f1al hasta 30 d\u00edas antes de la llegada, a excepci\u00f3n de los gastos de cancelaci\u00f3n (2% del pago realizado).<br \/>Si la anulaci\u00f3n se produce entre 30 y 15 d\u00edas antes de la llegada, queda retenido el 50% de paga y se\u00f1al y, si se anula los 15 d\u00edas antes de entrar, no se proceder\u00e1 a su devoluci\u00f3n de la paga y se\u00f1al.<\/p>\n<p><strong><span style=\"color: #a6976d;\">NORMATIVA GENERAL<br \/><\/span><\/strong>No se puede fumar en los alojamientos.<br \/>En los alojamientos que se admita los animales de compa\u00f1\u00eda, es imprescindible que \u00e9ste no cause desperfectos en el mobiliario y no moleste al vecindario. Espai S\u00b4Agar\u00f3 facilitar\u00e1 fundas o plaids para el sof\u00e1 extras. En caso de hipot\u00e9ticos desperfectos la reparaci\u00f3n correr\u00e1 a cargo del arrendatario.<br \/>Los alojamientos integrados en una comunidad de vecinos vendr\u00e1n regidos por su reglamento de r\u00e9gimen interior o estatutos de la comunidad.<br \/>En el momento de la salida, hay que dejar el alojamiento en las mismas condiciones que se ha encontrado, habiendo tirado la basura generada y la cocina recogida, sin vasijas para lavar. La nevera vac\u00eda, luces y ventiladores cerrados y la ropa de cama y toallas recogida.<br \/>Se debe respetar el descanso nocturno de los vecinos y minimizar el ruido y volumen de conversaciones a partir de las 23h (en las comunidades que tengan su reglamento de r\u00e9gimen interno hay que seguir lo que marquen \u00e9stas).<\/p>\n<p><span style=\"color: #a6976d;\">Cuidamos mucho cuidado e ilusi\u00f3n para que encuentren el alojamiento en \u00f3ptimas condiciones, deseamos tambi\u00e9n que lo traten cuidadosamente y con respeto y que nos informen si encuentran cualquier anomal\u00eda para poder solucionarlo r\u00e1pidamente.<\/span><\/p>\n<p>La reserva del alojamiento implica que el cliente acepta las condiciones y la normativa expuestas anteriormente.<\/p>\n\t\t\t\t\t\t\t\t<\/div>\n\t\t\t\t\t<\/div>\n\t\t\t\t<\/div>\n\t\t\t\t<\/div>\n\t\t","protected":false},"excerpt":{"rendered":"<p>CONDICIONES GENERALES DE ALQUILER Para dar una reserva por confirmada y firme, es necesario abonar el 40% del total de \u00e9sta. La plaza m\u00e1xima para confirmar la reserva es de 10 d\u00edas desde que el cliente recibe el e-mail de prereserva. Si en este per\u00edodo el cliente no ha pagado, la reserva quedar\u00e1 cancelada autom\u00e1ticamente.En [&hellip;]<\/p>\n","protected":false},"author":1,"featured_media":0,"parent":0,"menu_order":0,"comment_status":"closed","ping_status":"closed","template":"elementor_header_footer","meta":{"footnotes":""},"class_list":["post-5273","page","type-page","status-publish","hentry","entry","owp-thumbs-layout-horizontal","owp-btn-normal","owp-tabs-layout-horizontal","has-no-thumbnails","has-product-nav"],"yoast_head":"<!-- This site is optimized with the Yoast SEO Premium plugin v26.4 (Yoast SEO v27.3) - https:\/\/yoast.com\/product\/yoast-seo-premium-wordpress\/ -->\n<title>CONDICIONES GENERALES DE ALQUILER - Espai S&#039;Agar\u00f3<\/title>\n<meta name=\"robots\" content=\"index, follow, max-snippet:-1, max-image-preview:large, max-video-preview:-1\" \/>\n<link rel=\"canonical\" href=\"https:\/\/espaisagaro.com\/es\/condiciones-generales-de-alquiler\/\" \/>\n<meta property=\"og:locale\" content=\"es_ES\" \/>\n<meta property=\"og:type\" content=\"article\" \/>\n<meta property=\"og:title\" content=\"CONDICIONES GENERALES DE ALQUILER\" \/>\n<meta property=\"og:description\" content=\"CONDICIONES GENERALES DE ALQUILER Para dar una reserva por confirmada y firme, es necesario abonar el 40% del total de \u00e9sta. La plaza m\u00e1xima para confirmar la reserva es de 10 d\u00edas desde que el cliente recibe el e-mail de prereserva. Si en este per\u00edodo el cliente no ha pagado, la reserva quedar\u00e1 cancelada autom\u00e1ticamente.En [&hellip;]\" \/>\n<meta property=\"og:url\" content=\"https:\/\/espaisagaro.com\/es\/condiciones-generales-de-alquiler\/\" \/>\n<meta property=\"og:site_name\" content=\"Espai S&#039;Agar\u00f3\" \/>\n<meta property=\"article:modified_time\" content=\"2024-06-26T17:16:34+00:00\" \/>\n<meta name=\"twitter:card\" content=\"summary_large_image\" \/>\n<meta name=\"twitter:label1\" content=\"Tiempo de lectura\" \/>\n\t<meta name=\"twitter:data1\" content=\"4 minutos\" \/>\n<script type=\"application\/ld+json\" class=\"yoast-schema-graph\">{\"@context\":\"https:\\\/\\\/schema.org\",\"@graph\":[{\"@type\":\"WebPage\",\"@id\":\"https:\\\/\\\/espaisagaro.com\\\/es\\\/condiciones-generales-de-alquiler\\\/\",\"url\":\"https:\\\/\\\/espaisagaro.com\\\/es\\\/condiciones-generales-de-alquiler\\\/\",\"name\":\"CONDICIONES GENERALES DE ALQUILER - Espai S&#039;Agar\u00f3\",\"isPartOf\":{\"@id\":\"https:\\\/\\\/espaisagaro.com\\\/es\\\/#website\"},\"datePublished\":\"2023-05-08T15:32:02+00:00\",\"dateModified\":\"2024-06-26T17:16:34+00:00\",\"breadcrumb\":{\"@id\":\"https:\\\/\\\/espaisagaro.com\\\/es\\\/condiciones-generales-de-alquiler\\\/#breadcrumb\"},\"inLanguage\":\"es\",\"potentialAction\":[{\"@type\":\"ReadAction\",\"target\":[\"https:\\\/\\\/espaisagaro.com\\\/es\\\/condiciones-generales-de-alquiler\\\/\"]}]},{\"@type\":\"BreadcrumbList\",\"@id\":\"https:\\\/\\\/espaisagaro.com\\\/es\\\/condiciones-generales-de-alquiler\\\/#breadcrumb\",\"itemListElement\":[{\"@type\":\"ListItem\",\"position\":1,\"name\":\"Home\",\"item\":\"https:\\\/\\\/espaisagaro.com\\\/es\\\/\"},{\"@type\":\"ListItem\",\"position\":2,\"name\":\"CONDICIONES GENERALES DE ALQUILER\"}]},{\"@type\":\"WebSite\",\"@id\":\"https:\\\/\\\/espaisagaro.com\\\/es\\\/#website\",\"url\":\"https:\\\/\\\/espaisagaro.com\\\/es\\\/\",\"name\":\"Espai S'Agar\u00f3\",\"description\":\"Alquiler tur\u00edstico de apartamentos en el coraz\u00f3n de la Costa Brava\",\"publisher\":{\"@id\":\"https:\\\/\\\/espaisagaro.com\\\/es\\\/#organization\"},\"alternateName\":\"espaisagaro\",\"potentialAction\":[{\"@type\":\"SearchAction\",\"target\":{\"@type\":\"EntryPoint\",\"urlTemplate\":\"https:\\\/\\\/espaisagaro.com\\\/es\\\/?s={search_term_string}\"},\"query-input\":{\"@type\":\"PropertyValueSpecification\",\"valueRequired\":true,\"valueName\":\"search_term_string\"}}],\"inLanguage\":\"es\"},{\"@type\":\"Organization\",\"@id\":\"https:\\\/\\\/espaisagaro.com\\\/es\\\/#organization\",\"name\":\"Espai S'Agar\u00f3\",\"url\":\"https:\\\/\\\/espaisagaro.com\\\/es\\\/\",\"logo\":{\"@type\":\"ImageObject\",\"inLanguage\":\"es\",\"@id\":\"https:\\\/\\\/espaisagaro.com\\\/es\\\/#\\\/schema\\\/logo\\\/image\\\/\",\"url\":\"https:\\\/\\\/espaisagaro.com\\\/wp-content\\\/uploads\\\/espai.png\",\"contentUrl\":\"https:\\\/\\\/espaisagaro.com\\\/wp-content\\\/uploads\\\/espai.png\",\"width\":166,\"height\":165,\"caption\":\"Espai S'Agar\u00f3\"},\"image\":{\"@id\":\"https:\\\/\\\/espaisagaro.com\\\/es\\\/#\\\/schema\\\/logo\\\/image\\\/\"}}]}<\/script>\n<!-- \/ Yoast SEO Premium plugin. -->","yoast_head_json":{"title":"CONDICIONES GENERALES DE ALQUILER - Espai S&#039;Agar\u00f3","robots":{"index":"index","follow":"follow","max-snippet":"max-snippet:-1","max-image-preview":"max-image-preview:large","max-video-preview":"max-video-preview:-1"},"canonical":"https:\/\/espaisagaro.com\/es\/condiciones-generales-de-alquiler\/","og_locale":"es_ES","og_type":"article","og_title":"CONDICIONES GENERALES DE ALQUILER","og_description":"CONDICIONES GENERALES DE ALQUILER Para dar una reserva por confirmada y firme, es necesario abonar el 40% del total de \u00e9sta. La plaza m\u00e1xima para confirmar la reserva es de 10 d\u00edas desde que el cliente recibe el e-mail de prereserva. Si en este per\u00edodo el cliente no ha pagado, la reserva quedar\u00e1 cancelada autom\u00e1ticamente.En [&hellip;]","og_url":"https:\/\/espaisagaro.com\/es\/condiciones-generales-de-alquiler\/","og_site_name":"Espai S&#039;Agar\u00f3","article_modified_time":"2024-06-26T17:16:34+00:00","twitter_card":"summary_large_image","twitter_misc":{"Tiempo de lectura":"4 minutos"},"schema":{"@context":"https:\/\/schema.org","@graph":[{"@type":"WebPage","@id":"https:\/\/espaisagaro.com\/es\/condiciones-generales-de-alquiler\/","url":"https:\/\/espaisagaro.com\/es\/condiciones-generales-de-alquiler\/","name":"CONDICIONES GENERALES DE ALQUILER - Espai S&#039;Agar\u00f3","isPartOf":{"@id":"https:\/\/espaisagaro.com\/es\/#website"},"datePublished":"2023-05-08T15:32:02+00:00","dateModified":"2024-06-26T17:16:34+00:00","breadcrumb":{"@id":"https:\/\/espaisagaro.com\/es\/condiciones-generales-de-alquiler\/#breadcrumb"},"inLanguage":"es","potentialAction":[{"@type":"ReadAction","target":["https:\/\/espaisagaro.com\/es\/condiciones-generales-de-alquiler\/"]}]},{"@type":"BreadcrumbList","@id":"https:\/\/espaisagaro.com\/es\/condiciones-generales-de-alquiler\/#breadcrumb","itemListElement":[{"@type":"ListItem","position":1,"name":"Home","item":"https:\/\/espaisagaro.com\/es\/"},{"@type":"ListItem","position":2,"name":"CONDICIONES GENERALES DE ALQUILER"}]},{"@type":"WebSite","@id":"https:\/\/espaisagaro.com\/es\/#website","url":"https:\/\/espaisagaro.com\/es\/","name":"Espai S'Agar\u00f3","description":"Alquiler tur\u00edstico de apartamentos en el coraz\u00f3n de la Costa Brava","publisher":{"@id":"https:\/\/espaisagaro.com\/es\/#organization"},"alternateName":"espaisagaro","potentialAction":[{"@type":"SearchAction","target":{"@type":"EntryPoint","urlTemplate":"https:\/\/espaisagaro.com\/es\/?s={search_term_string}"},"query-input":{"@type":"PropertyValueSpecification","valueRequired":true,"valueName":"search_term_string"}}],"inLanguage":"es"},{"@type":"Organization","@id":"https:\/\/espaisagaro.com\/es\/#organization","name":"Espai S'Agar\u00f3","url":"https:\/\/espaisagaro.com\/es\/","logo":{"@type":"ImageObject","inLanguage":"es","@id":"https:\/\/espaisagaro.com\/es\/#\/schema\/logo\/image\/","url":"https:\/\/espaisagaro.com\/wp-content\/uploads\/espai.png","contentUrl":"https:\/\/espaisagaro.com\/wp-content\/uploads\/espai.png","width":166,"height":165,"caption":"Espai S'Agar\u00f3"},"image":{"@id":"https:\/\/espaisagaro.com\/es\/#\/schema\/logo\/image\/"}}]}},"_links":{"self":[{"href":"https:\/\/espaisagaro.com\/es\/wp-json\/wp\/v2\/pages\/5273","targetHints":{"allow":["GET"]}}],"collection":[{"href":"https:\/\/espaisagaro.com\/es\/wp-json\/wp\/v2\/pages"}],"about":[{"href":"https:\/\/espaisagaro.com\/es\/wp-json\/wp\/v2\/types\/page"}],"author":[{"embeddable":true,"href":"https:\/\/espaisagaro.com\/es\/wp-json\/wp\/v2\/users\/1"}],"replies":[{"embeddable":true,"href":"https:\/\/espaisagaro.com\/es\/wp-json\/wp\/v2\/comments?post=5273"}],"version-history":[{"count":2,"href":"https:\/\/espaisagaro.com\/es\/wp-json\/wp\/v2\/pages\/5273\/revisions"}],"predecessor-version":[{"id":7781,"href":"https:\/\/espaisagaro.com\/es\/wp-json\/wp\/v2\/pages\/5273\/revisions\/7781"}],"wp:attachment":[{"href":"https:\/\/espaisagaro.com\/es\/wp-json\/wp\/v2\/media?parent=5273"}],"curies":[{"name":"wp","href":"https:\/\/api.w.org\/{rel}","templated":true}]}}