{"id":5281,"date":"2023-05-07T03:10:22","date_gmt":"2023-05-07T03:10:22","guid":{"rendered":"https:\/\/espaisagaro.com\/contacto\/"},"modified":"2024-07-22T15:31:14","modified_gmt":"2024-07-22T15:31:14","slug":"contacto","status":"publish","type":"page","link":"https:\/\/espaisagaro.com\/es\/contacto\/","title":{"rendered":"Contacto"},"content":{"rendered":"\t\t<div data-elementor-type=\"wp-page\" data-elementor-id=\"5281\" class=\"elementor elementor-5281 elementor-411\" data-elementor-post-type=\"page\">\n\t\t\t\t<div class=\"elementor-element elementor-element-968d810 elementor-hidden-mobile e-con-full e-flex e-con e-parent\" data-id=\"968d810\" data-element_type=\"container\" data-e-type=\"container\">\n\t\t\t\t<div class=\"elementor-element elementor-element-44f22e3 elementor-widget elementor-widget-text-editor\" data-id=\"44f22e3\" data-element_type=\"widget\" data-e-type=\"widget\" data-widget_type=\"text-editor.default\">\n\t\t\t\t\t\t\t\t\tAlquiler S\u2019Agar\u00f3 Dormir en Costa Brava Apartamento Playa de Aro Apartamento pet-friendly S\u2019Agar\u00f3 Vacaciones en S\u2019Agar\u00f3 Escapada Costa Brava Alojamiento vista mar Apartamento cerca mar S\u2019Agar\u00f3 Apartamentos con piscina S\u2019Agar\u00f3 Dormir centro S\u2019Agar\u00f3 Escapada en S\u2019Agar\u00f3 Alquilar piso Costa Brava Dormir cerca playa S\u2019Agar\u00f3 Alojamiento familiar S\u2019Agar\u00f3 Apartamento c\u00f3modo S\u2019Agar\u00f3 Apartamento zona tranquila S\u2019Agar\u00f3 Dormir en Playa de Aro Vacaciones Costa Brava Dormir S\u2019Agar\u00f3 con ninos Apartamento vista mar Alquilar piso vacaciones S\u2019Agar\u00f3 Alquiler apartamento familiar Costa Brava Escapada en Playa de Aro Apartamento con terraza S\u2019Agar\u00f3 Dormir cerca de Gerona Apartamento primera l\u00ednia de mar S\u2019Agar\u00f3 Alquiler vacaciones Playa de Aro Apartamento cerca rutas Costa Brava Alquiler por d\u00edas S\u2019Agar\u00f3 Alquilar piso Playa de Aro \n\t\t\t\t\t\t\t\t<\/div>\n\t\t\t\t<div class=\"elementor-element elementor-element-c95f0b8 elementor-widget elementor-widget-spacer\" data-id=\"c95f0b8\" data-element_type=\"widget\" data-e-type=\"widget\" data-widget_type=\"spacer.default\">\n\t\t\t\t\t\t\t<div class=\"elementor-spacer\">\n\t\t\t<div class=\"elementor-spacer-inner\"><\/div>\n\t\t<\/div>\n\t\t\t\t\t\t<\/div>\n\t\t\t\t<\/div>\n\t\t<div class=\"elementor-element elementor-element-8cf74d2 e-con-full e-flex e-con e-parent\" data-id=\"8cf74d2\" data-element_type=\"container\" data-e-type=\"container\">\n\t\t<div class=\"elementor-element elementor-element-d46d11a e-con-full e-flex e-con e-child\" data-id=\"d46d11a\" data-element_type=\"container\" data-e-type=\"container\">\n\t\t\t\t<div class=\"elementor-element elementor-element-cc2f0ea elementor-widget elementor-widget-spacer\" data-id=\"cc2f0ea\" data-element_type=\"widget\" data-e-type=\"widget\" data-widget_type=\"spacer.default\">\n\t\t\t\t\t\t\t<div class=\"elementor-spacer\">\n\t\t\t<div class=\"elementor-spacer-inner\"><\/div>\n\t\t<\/div>\n\t\t\t\t\t\t<\/div>\n\t\t\t\t<div class=\"elementor-element elementor-element-472e528 elementor-position-left elementor-vertical-align-top elementor-widget elementor-widget-image-box\" data-id=\"472e528\" data-element_type=\"widget\" data-e-type=\"widget\" data-widget_type=\"image-box.default\">\n\t\t\t\t\t<div class=\"elementor-image-box-wrapper\"><figure class=\"elementor-image-box-img\"><a href=\"https:\/\/goo.gl\/maps\/qQX8F365XGG4tKcW8?coh=178573&#038;entry=tt\" target=\"_blank\" tabindex=\"-1\" rel=\"noopener\"><img decoding=\"async\" width=\"61\" height=\"91\" src=\"https:\/\/espaisagaro.com\/wp-content\/uploads\/logo-contacto.png\" class=\"attachment-full size-full wp-image-3407\" alt=\"\" \/><\/a><\/figure><div class=\"elementor-image-box-content\"><h3 class=\"elementor-image-box-title\"><a href=\"https:\/\/goo.gl\/maps\/qQX8F365XGG4tKcW8?coh=178573&#038;entry=tt\" target=\"_blank\" rel=\"noopener\">Avinguda Platja d'Aro 224, 17248 S'Agar\u00f3<\/a><\/h3><\/div><\/div>\t\t\t\t<\/div>\n\t\t\t\t<div class=\"elementor-element elementor-element-3c681ac elementor-position-inline-start elementor-view-default elementor-mobile-position-block-start elementor-widget elementor-widget-icon-box\" data-id=\"3c681ac\" data-element_type=\"widget\" data-e-type=\"widget\" data-widget_type=\"icon-box.default\">\n\t\t\t\t\t\t\t<div class=\"elementor-icon-box-wrapper\">\n\n\t\t\t\t\t\t<div class=\"elementor-icon-box-icon\">\n\t\t\t\t<a href=\"tel:+34872202090\" class=\"elementor-icon\" tabindex=\"-1\" aria-label=\"+34 872 20 20 90\">\n\t\t\t\t<svg aria-hidden=\"true\" class=\"e-font-icon-svg e-fas-phone-alt\" viewBox=\"0 0 512 512\" xmlns=\"http:\/\/www.w3.org\/2000\/svg\"><path d=\"M497.39 361.8l-112-48a24 24 0 0 0-28 6.9l-49.6 60.6A370.66 370.66 0 0 1 130.6 204.11l60.6-49.6a23.94 23.94 0 0 0 6.9-28l-48-112A24.16 24.16 0 0 0 122.6.61l-104 24A24 24 0 0 0 0 48c0 256.5 207.9 464 464 464a24 24 0 0 0 23.4-18.6l24-104a24.29 24.29 0 0 0-14.01-27.6z\"><\/path><\/svg>\t\t\t\t<\/a>\n\t\t\t<\/div>\n\t\t\t\n\t\t\t\t\t\t<div class=\"elementor-icon-box-content\">\n\n\t\t\t\t\t\t\t\t\t<h3 class=\"elementor-icon-box-title\">\n\t\t\t\t\t\t<a href=\"tel:+34872202090\" >\n\t\t\t\t\t\t\t+34 872 20 20 90\t\t\t\t\t\t<\/a>\n\t\t\t\t\t<\/h3>\n\t\t\t\t\n\t\t\t\t\n\t\t\t<\/div>\n\t\t\t\n\t\t<\/div>\n\t\t\t\t\t\t<\/div>\n\t\t\t\t<div class=\"elementor-element elementor-element-4c49a71 elementor-position-inline-start elementor-view-default elementor-mobile-position-block-start elementor-widget elementor-widget-icon-box\" data-id=\"4c49a71\" data-element_type=\"widget\" data-e-type=\"widget\" data-widget_type=\"icon-box.default\">\n\t\t\t\t\t\t\t<div class=\"elementor-icon-box-wrapper\">\n\n\t\t\t\t\t\t<div class=\"elementor-icon-box-icon\">\n\t\t\t\t<a href=\"tel:+34623302275\" class=\"elementor-icon\" tabindex=\"-1\" aria-label=\"+34 623 30 22 75\">\n\t\t\t\t<svg aria-hidden=\"true\" class=\"e-font-icon-svg e-fas-mobile-alt\" viewBox=\"0 0 320 512\" xmlns=\"http:\/\/www.w3.org\/2000\/svg\"><path d=\"M272 0H48C21.5 0 0 21.5 0 48v416c0 26.5 21.5 48 48 48h224c26.5 0 48-21.5 48-48V48c0-26.5-21.5-48-48-48zM160 480c-17.7 0-32-14.3-32-32s14.3-32 32-32 32 14.3 32 32-14.3 32-32 32zm112-108c0 6.6-5.4 12-12 12H60c-6.6 0-12-5.4-12-12V60c0-6.6 5.4-12 12-12h200c6.6 0 12 5.4 12 12v312z\"><\/path><\/svg>\t\t\t\t<\/a>\n\t\t\t<\/div>\n\t\t\t\n\t\t\t\t\t\t<div class=\"elementor-icon-box-content\">\n\n\t\t\t\t\t\t\t\t\t<h3 class=\"elementor-icon-box-title\">\n\t\t\t\t\t\t<a href=\"tel:+34623302275\" >\n\t\t\t\t\t\t\t+34 623 30 22 75\t\t\t\t\t\t<\/a>\n\t\t\t\t\t<\/h3>\n\t\t\t\t\n\t\t\t\t\n\t\t\t<\/div>\n\t\t\t\n\t\t<\/div>\n\t\t\t\t\t\t<\/div>\n\t\t\t\t<div class=\"elementor-element elementor-element-45a9cd2 elementor-position-inline-start elementor-view-default elementor-mobile-position-block-start elementor-widget elementor-widget-icon-box\" data-id=\"45a9cd2\" data-element_type=\"widget\" data-e-type=\"widget\" data-widget_type=\"icon-box.default\">\n\t\t\t\t\t\t\t<div class=\"elementor-icon-box-wrapper\">\n\n\t\t\t\t\t\t<div class=\"elementor-icon-box-icon\">\n\t\t\t\t<a href=\"mailto:apartaments@espaisagaro.com\" class=\"elementor-icon\" tabindex=\"-1\" aria-label=\"apartaments@espaisagaro.com\">\n\t\t\t\t<svg aria-hidden=\"true\" class=\"e-font-icon-svg e-far-envelope\" viewBox=\"0 0 512 512\" xmlns=\"http:\/\/www.w3.org\/2000\/svg\"><path d=\"M464 64H48C21.49 64 0 85.49 0 112v288c0 26.51 21.49 48 48 48h416c26.51 0 48-21.49 48-48V112c0-26.51-21.49-48-48-48zm0 48v40.805c-22.422 18.259-58.168 46.651-134.587 106.49-16.841 13.247-50.201 45.072-73.413 44.701-23.208.375-56.579-31.459-73.413-44.701C106.18 199.465 70.425 171.067 48 152.805V112h416zM48 400V214.398c22.914 18.251 55.409 43.862 104.938 82.646 21.857 17.205 60.134 55.186 103.062 54.955 42.717.231 80.509-37.199 103.053-54.947 49.528-38.783 82.032-64.401 104.947-82.653V400H48z\"><\/path><\/svg>\t\t\t\t<\/a>\n\t\t\t<\/div>\n\t\t\t\n\t\t\t\t\t\t<div class=\"elementor-icon-box-content\">\n\n\t\t\t\t\t\t\t\t\t<h3 class=\"elementor-icon-box-title\">\n\t\t\t\t\t\t<a href=\"mailto:apartaments@espaisagaro.com\" >\n\t\t\t\t\t\t\tapartaments@espaisagaro.com\t\t\t\t\t\t<\/a>\n\t\t\t\t\t<\/h3>\n\t\t\t\t\n\t\t\t\t\n\t\t\t<\/div>\n\t\t\t\n\t\t<\/div>\n\t\t\t\t\t\t<\/div>\n\t\t\t\t<\/div>\n\t\t<div class=\"elementor-element elementor-element-c2ea993 e-flex e-con-boxed e-con e-child\" data-id=\"c2ea993\" data-element_type=\"container\" data-e-type=\"container\" data-settings=\"{&quot;background_background&quot;:&quot;classic&quot;}\">\n\t\t\t\t\t<div class=\"e-con-inner\">\n\t\t\t\t<div class=\"elementor-element elementor-element-594cc14 elementor-button-align-center elementor-widget elementor-widget-form\" data-id=\"594cc14\" data-element_type=\"widget\" data-e-type=\"widget\" data-settings=\"{&quot;step_next_label&quot;:&quot;Next&quot;,&quot;step_previous_label&quot;:&quot;Previous&quot;,&quot;button_width&quot;:&quot;100&quot;,&quot;step_type&quot;:&quot;number_text&quot;,&quot;step_icon_shape&quot;:&quot;circle&quot;}\" data-widget_type=\"form.default\">\n\t\t\t\t\t\t\t<form class=\"elementor-form\" method=\"post\" name=\"New Form\" aria-label=\"New Form\">\n\t\t\t<input type=\"hidden\" name=\"post_id\" value=\"5281\"\/>\n\t\t\t<input type=\"hidden\" name=\"form_id\" value=\"594cc14\"\/>\n\t\t\t<input type=\"hidden\" name=\"referer_title\" value=\"Lloguer pisos a S&#039;Agar\u00f3 i Platja d&#039;Aro\" \/>\n\n\t\t\t\t\t\t\t<input type=\"hidden\" name=\"queried_id\" value=\"5281\"\/>\n\t\t\t\n\t\t\t<div class=\"elementor-form-fields-wrapper elementor-labels-above\">\n\t\t\t\t\t\t\t\t<div class=\"elementor-field-type-text elementor-field-group elementor-column elementor-field-group-name elementor-col-100 elementor-field-required\">\n\t\t\t\t\t\t\t\t\t\t\t\t\t<input size=\"1\" type=\"text\" name=\"form_fields[name]\" id=\"form-field-name\" class=\"elementor-field elementor-size-sm  elementor-field-textual\" placeholder=\"NOMBRE\" required=\"required\">\n\t\t\t\t\t\t\t\t\t\t\t<\/div>\n\t\t\t\t\t\t\t\t<div class=\"elementor-field-type-email elementor-field-group elementor-column elementor-field-group-email elementor-col-50 elementor-field-required\">\n\t\t\t\t\t\t\t\t\t\t\t\t\t<input size=\"1\" type=\"email\" name=\"form_fields[email]\" id=\"form-field-email\" class=\"elementor-field elementor-size-sm  elementor-field-textual\" placeholder=\"EMAIL\" required=\"required\">\n\t\t\t\t\t\t\t\t\t\t\t<\/div>\n\t\t\t\t\t\t\t\t<div class=\"elementor-field-type-text elementor-field-group elementor-column elementor-field-group-field_24720bd elementor-col-50 elementor-field-required\">\n\t\t\t\t\t\t\t\t\t\t\t\t\t<input size=\"1\" type=\"text\" name=\"form_fields[field_24720bd]\" id=\"form-field-field_24720bd\" class=\"elementor-field elementor-size-sm  elementor-field-textual\" placeholder=\"TEL\u00c9FONO\" required=\"required\">\n\t\t\t\t\t\t\t\t\t\t\t<\/div>\n\t\t\t\t\t\t\t\t<div class=\"elementor-field-type-textarea elementor-field-group elementor-column elementor-field-group-message elementor-col-100 elementor-field-required\">\n\t\t\t\t\t<textarea class=\"elementor-field-textual elementor-field  elementor-size-sm\" name=\"form_fields[message]\" id=\"form-field-message\" rows=\"4\" placeholder=\"MENSAJE\" required=\"required\"><\/textarea>\t\t\t\t<\/div>\n\t\t\t\t\t\t\t\t<div class=\"elementor-field-type-acceptance elementor-field-group elementor-column elementor-field-group-field_bcce220 elementor-col-100 elementor-field-required\">\n\t\t\t\t\t\t\t<div class=\"elementor-field-subgroup\">\n\t\t\t<span class=\"elementor-field-option\">\n\t\t\t\t<input type=\"checkbox\" name=\"form_fields[field_bcce220]\" id=\"form-field-field_bcce220\" class=\"elementor-field elementor-size-sm  elementor-acceptance-field\" required=\"required\">\n\t\t\t\t<label for=\"form-field-field_bcce220\">He le\u00eddo y acepto el aviso legal<\/label>\t\t\t<\/span>\n\t\t<\/div>\n\t\t\t\t\t\t<\/div>\n\t\t\t\t\t\t\t\t<div class=\"elementor-field-group elementor-column elementor-field-type-submit elementor-col-100 e-form__buttons\">\n\t\t\t\t\t<button class=\"elementor-button elementor-size-md\" type=\"submit\">\n\t\t\t\t\t\t<span class=\"elementor-button-content-wrapper\">\n\t\t\t\t\t\t\t\t\t\t\t\t\t\t\t\t\t\t\t\t\t\t<span class=\"elementor-button-text\">ENVIAR<\/span>\n\t\t\t\t\t\t\t\t\t\t\t\t\t<\/span>\n\t\t\t\t\t<\/button>\n\t\t\t\t<\/div>\n\t\t\t<\/div>\n\t\t<\/form>\n\t\t\t\t\t\t<\/div>\n\t\t\t\t\t<\/div>\n\t\t\t\t<\/div>\n\t\t\t\t<\/div>\n\t\t<div class=\"elementor-element elementor-element-66df598 e-flex e-con-boxed e-con e-parent\" data-id=\"66df598\" data-element_type=\"container\" data-e-type=\"container\">\n\t\t\t\t\t<div class=\"e-con-inner\">\n\t\t\t\t<div class=\"elementor-element elementor-element-acc1cb1 elementor-widget elementor-widget-spacer\" data-id=\"acc1cb1\" data-element_type=\"widget\" data-e-type=\"widget\" data-widget_type=\"spacer.default\">\n\t\t\t\t\t\t\t<div class=\"elementor-spacer\">\n\t\t\t<div class=\"elementor-spacer-inner\"><\/div>\n\t\t<\/div>\n\t\t\t\t\t\t<\/div>\n\t\t\t\t\t<\/div>\n\t\t\t\t<\/div>\n\t\t\t\t<\/div>\n\t\t","protected":false},"excerpt":{"rendered":"<p>Alquiler S\u2019Agar\u00f3 Dormir en Costa Brava Apartamento Playa de Aro Apartamento pet-friendly S\u2019Agar\u00f3 Vacaciones en S\u2019Agar\u00f3 Escapada Costa Brava Alojamiento vista mar Apartamento cerca mar S\u2019Agar\u00f3 Apartamentos con piscina S\u2019Agar\u00f3 Dormir centro S\u2019Agar\u00f3 Escapada en S\u2019Agar\u00f3 Alquilar piso Costa Brava Dormir cerca playa S\u2019Agar\u00f3 Alojamiento familiar S\u2019Agar\u00f3 Apartamento c\u00f3modo S\u2019Agar\u00f3 Apartamento zona tranquila S\u2019Agar\u00f3 Dormir [&hellip;]<\/p>\n","protected":false},"author":1,"featured_media":0,"parent":0,"menu_order":0,"comment_status":"closed","ping_status":"closed","template":"","meta":{"footnotes":""},"class_list":["post-5281","page","type-page","status-publish","hentry","entry","owp-thumbs-layout-horizontal","owp-btn-normal","owp-tabs-layout-horizontal","has-no-thumbnails","has-product-nav"],"yoast_head":"<!-- This site is optimized with the Yoast SEO Premium plugin v26.4 (Yoast SEO v27.3) - https:\/\/yoast.com\/product\/yoast-seo-premium-wordpress\/ -->\n<title>Contacto - Espai S&#039;Agar\u00f3<\/title>\n<meta name=\"robots\" content=\"index, follow, max-snippet:-1, max-image-preview:large, max-video-preview:-1\" \/>\n<link rel=\"canonical\" href=\"https:\/\/espaisagaro.com\/es\/contacto\/\" \/>\n<meta property=\"og:locale\" content=\"es_ES\" \/>\n<meta property=\"og:type\" content=\"article\" \/>\n<meta property=\"og:title\" content=\"Contacto\" \/>\n<meta property=\"og:description\" content=\"Alquiler S\u2019Agar\u00f3 Dormir en Costa Brava Apartamento Playa de Aro Apartamento pet-friendly S\u2019Agar\u00f3 Vacaciones en S\u2019Agar\u00f3 Escapada Costa Brava Alojamiento vista mar Apartamento cerca mar S\u2019Agar\u00f3 Apartamentos con piscina S\u2019Agar\u00f3 Dormir centro S\u2019Agar\u00f3 Escapada en S\u2019Agar\u00f3 Alquilar piso Costa Brava Dormir cerca playa S\u2019Agar\u00f3 Alojamiento familiar S\u2019Agar\u00f3 Apartamento c\u00f3modo S\u2019Agar\u00f3 Apartamento zona tranquila S\u2019Agar\u00f3 Dormir [&hellip;]\" \/>\n<meta property=\"og:url\" content=\"https:\/\/espaisagaro.com\/es\/contacto\/\" \/>\n<meta property=\"og:site_name\" content=\"Espai S&#039;Agar\u00f3\" \/>\n<meta property=\"article:modified_time\" content=\"2024-07-22T15:31:14+00:00\" \/>\n<meta property=\"og:image\" content=\"https:\/\/espaisagaro.com\/wp-content\/uploads\/logo-contacto.png\" \/>\n\t<meta property=\"og:image:width\" content=\"61\" \/>\n\t<meta property=\"og:image:height\" content=\"91\" \/>\n\t<meta property=\"og:image:type\" content=\"image\/png\" \/>\n<meta name=\"twitter:card\" content=\"summary_large_image\" \/>\n<meta name=\"twitter:label1\" content=\"Tiempo de lectura\" \/>\n\t<meta name=\"twitter:data1\" content=\"1 minuto\" \/>\n<script type=\"application\/ld+json\" class=\"yoast-schema-graph\">{\"@context\":\"https:\\\/\\\/schema.org\",\"@graph\":[{\"@type\":\"WebPage\",\"@id\":\"https:\\\/\\\/espaisagaro.com\\\/es\\\/contacto\\\/\",\"url\":\"https:\\\/\\\/espaisagaro.com\\\/es\\\/contacto\\\/\",\"name\":\"Contacto - Espai S&#039;Agar\u00f3\",\"isPartOf\":{\"@id\":\"https:\\\/\\\/espaisagaro.com\\\/es\\\/#website\"},\"primaryImageOfPage\":{\"@id\":\"https:\\\/\\\/espaisagaro.com\\\/es\\\/contacto\\\/#primaryimage\"},\"image\":{\"@id\":\"https:\\\/\\\/espaisagaro.com\\\/es\\\/contacto\\\/#primaryimage\"},\"thumbnailUrl\":\"https:\\\/\\\/espaisagaro.com\\\/wp-content\\\/uploads\\\/logo-contacto.png\",\"datePublished\":\"2023-05-07T03:10:22+00:00\",\"dateModified\":\"2024-07-22T15:31:14+00:00\",\"breadcrumb\":{\"@id\":\"https:\\\/\\\/espaisagaro.com\\\/es\\\/contacto\\\/#breadcrumb\"},\"inLanguage\":\"es\",\"potentialAction\":[{\"@type\":\"ReadAction\",\"target\":[\"https:\\\/\\\/espaisagaro.com\\\/es\\\/contacto\\\/\"]}]},{\"@type\":\"ImageObject\",\"inLanguage\":\"es\",\"@id\":\"https:\\\/\\\/espaisagaro.com\\\/es\\\/contacto\\\/#primaryimage\",\"url\":\"https:\\\/\\\/espaisagaro.com\\\/wp-content\\\/uploads\\\/logo-contacto.png\",\"contentUrl\":\"https:\\\/\\\/espaisagaro.com\\\/wp-content\\\/uploads\\\/logo-contacto.png\"},{\"@type\":\"BreadcrumbList\",\"@id\":\"https:\\\/\\\/espaisagaro.com\\\/es\\\/contacto\\\/#breadcrumb\",\"itemListElement\":[{\"@type\":\"ListItem\",\"position\":1,\"name\":\"Home\",\"item\":\"https:\\\/\\\/espaisagaro.com\\\/es\\\/\"},{\"@type\":\"ListItem\",\"position\":2,\"name\":\"Contacto\"}]},{\"@type\":\"WebSite\",\"@id\":\"https:\\\/\\\/espaisagaro.com\\\/es\\\/#website\",\"url\":\"https:\\\/\\\/espaisagaro.com\\\/es\\\/\",\"name\":\"Espai S'Agar\u00f3\",\"description\":\"Alquiler tur\u00edstico de apartamentos en el coraz\u00f3n de la Costa Brava\",\"publisher\":{\"@id\":\"https:\\\/\\\/espaisagaro.com\\\/es\\\/#organization\"},\"alternateName\":\"espaisagaro\",\"potentialAction\":[{\"@type\":\"SearchAction\",\"target\":{\"@type\":\"EntryPoint\",\"urlTemplate\":\"https:\\\/\\\/espaisagaro.com\\\/es\\\/?s={search_term_string}\"},\"query-input\":{\"@type\":\"PropertyValueSpecification\",\"valueRequired\":true,\"valueName\":\"search_term_string\"}}],\"inLanguage\":\"es\"},{\"@type\":\"Organization\",\"@id\":\"https:\\\/\\\/espaisagaro.com\\\/es\\\/#organization\",\"name\":\"Espai S'Agar\u00f3\",\"url\":\"https:\\\/\\\/espaisagaro.com\\\/es\\\/\",\"logo\":{\"@type\":\"ImageObject\",\"inLanguage\":\"es\",\"@id\":\"https:\\\/\\\/espaisagaro.com\\\/es\\\/#\\\/schema\\\/logo\\\/image\\\/\",\"url\":\"https:\\\/\\\/espaisagaro.com\\\/wp-content\\\/uploads\\\/espai.png\",\"contentUrl\":\"https:\\\/\\\/espaisagaro.com\\\/wp-content\\\/uploads\\\/espai.png\",\"width\":166,\"height\":165,\"caption\":\"Espai S'Agar\u00f3\"},\"image\":{\"@id\":\"https:\\\/\\\/espaisagaro.com\\\/es\\\/#\\\/schema\\\/logo\\\/image\\\/\"}}]}<\/script>\n<!-- \/ Yoast SEO Premium plugin. -->","yoast_head_json":{"title":"Contacto - Espai S&#039;Agar\u00f3","robots":{"index":"index","follow":"follow","max-snippet":"max-snippet:-1","max-image-preview":"max-image-preview:large","max-video-preview":"max-video-preview:-1"},"canonical":"https:\/\/espaisagaro.com\/es\/contacto\/","og_locale":"es_ES","og_type":"article","og_title":"Contacto","og_description":"Alquiler S\u2019Agar\u00f3 Dormir en Costa Brava Apartamento Playa de Aro Apartamento pet-friendly S\u2019Agar\u00f3 Vacaciones en S\u2019Agar\u00f3 Escapada Costa Brava Alojamiento vista mar Apartamento cerca mar S\u2019Agar\u00f3 Apartamentos con piscina S\u2019Agar\u00f3 Dormir centro S\u2019Agar\u00f3 Escapada en S\u2019Agar\u00f3 Alquilar piso Costa Brava Dormir cerca playa S\u2019Agar\u00f3 Alojamiento familiar S\u2019Agar\u00f3 Apartamento c\u00f3modo S\u2019Agar\u00f3 Apartamento zona tranquila S\u2019Agar\u00f3 Dormir [&hellip;]","og_url":"https:\/\/espaisagaro.com\/es\/contacto\/","og_site_name":"Espai S&#039;Agar\u00f3","article_modified_time":"2024-07-22T15:31:14+00:00","og_image":[{"width":61,"height":91,"url":"https:\/\/espaisagaro.com\/wp-content\/uploads\/logo-contacto.png","type":"image\/png"}],"twitter_card":"summary_large_image","twitter_misc":{"Tiempo de lectura":"1 minuto"},"schema":{"@context":"https:\/\/schema.org","@graph":[{"@type":"WebPage","@id":"https:\/\/espaisagaro.com\/es\/contacto\/","url":"https:\/\/espaisagaro.com\/es\/contacto\/","name":"Contacto - Espai S&#039;Agar\u00f3","isPartOf":{"@id":"https:\/\/espaisagaro.com\/es\/#website"},"primaryImageOfPage":{"@id":"https:\/\/espaisagaro.com\/es\/contacto\/#primaryimage"},"image":{"@id":"https:\/\/espaisagaro.com\/es\/contacto\/#primaryimage"},"thumbnailUrl":"https:\/\/espaisagaro.com\/wp-content\/uploads\/logo-contacto.png","datePublished":"2023-05-07T03:10:22+00:00","dateModified":"2024-07-22T15:31:14+00:00","breadcrumb":{"@id":"https:\/\/espaisagaro.com\/es\/contacto\/#breadcrumb"},"inLanguage":"es","potentialAction":[{"@type":"ReadAction","target":["https:\/\/espaisagaro.com\/es\/contacto\/"]}]},{"@type":"ImageObject","inLanguage":"es","@id":"https:\/\/espaisagaro.com\/es\/contacto\/#primaryimage","url":"https:\/\/espaisagaro.com\/wp-content\/uploads\/logo-contacto.png","contentUrl":"https:\/\/espaisagaro.com\/wp-content\/uploads\/logo-contacto.png"},{"@type":"BreadcrumbList","@id":"https:\/\/espaisagaro.com\/es\/contacto\/#breadcrumb","itemListElement":[{"@type":"ListItem","position":1,"name":"Home","item":"https:\/\/espaisagaro.com\/es\/"},{"@type":"ListItem","position":2,"name":"Contacto"}]},{"@type":"WebSite","@id":"https:\/\/espaisagaro.com\/es\/#website","url":"https:\/\/espaisagaro.com\/es\/","name":"Espai S'Agar\u00f3","description":"Alquiler tur\u00edstico de apartamentos en el coraz\u00f3n de la Costa Brava","publisher":{"@id":"https:\/\/espaisagaro.com\/es\/#organization"},"alternateName":"espaisagaro","potentialAction":[{"@type":"SearchAction","target":{"@type":"EntryPoint","urlTemplate":"https:\/\/espaisagaro.com\/es\/?s={search_term_string}"},"query-input":{"@type":"PropertyValueSpecification","valueRequired":true,"valueName":"search_term_string"}}],"inLanguage":"es"},{"@type":"Organization","@id":"https:\/\/espaisagaro.com\/es\/#organization","name":"Espai S'Agar\u00f3","url":"https:\/\/espaisagaro.com\/es\/","logo":{"@type":"ImageObject","inLanguage":"es","@id":"https:\/\/espaisagaro.com\/es\/#\/schema\/logo\/image\/","url":"https:\/\/espaisagaro.com\/wp-content\/uploads\/espai.png","contentUrl":"https:\/\/espaisagaro.com\/wp-content\/uploads\/espai.png","width":166,"height":165,"caption":"Espai S'Agar\u00f3"},"image":{"@id":"https:\/\/espaisagaro.com\/es\/#\/schema\/logo\/image\/"}}]}},"_links":{"self":[{"href":"https:\/\/espaisagaro.com\/es\/wp-json\/wp\/v2\/pages\/5281","targetHints":{"allow":["GET"]}}],"collection":[{"href":"https:\/\/espaisagaro.com\/es\/wp-json\/wp\/v2\/pages"}],"about":[{"href":"https:\/\/espaisagaro.com\/es\/wp-json\/wp\/v2\/types\/page"}],"author":[{"embeddable":true,"href":"https:\/\/espaisagaro.com\/es\/wp-json\/wp\/v2\/users\/1"}],"replies":[{"embeddable":true,"href":"https:\/\/espaisagaro.com\/es\/wp-json\/wp\/v2\/comments?post=5281"}],"version-history":[{"count":7,"href":"https:\/\/espaisagaro.com\/es\/wp-json\/wp\/v2\/pages\/5281\/revisions"}],"predecessor-version":[{"id":8266,"href":"https:\/\/espaisagaro.com\/es\/wp-json\/wp\/v2\/pages\/5281\/revisions\/8266"}],"wp:attachment":[{"href":"https:\/\/espaisagaro.com\/es\/wp-json\/wp\/v2\/media?parent=5281"}],"curies":[{"name":"wp","href":"https:\/\/api.w.org\/{rel}","templated":true}]}}