{"id":5311,"date":"2023-03-20T21:45:26","date_gmt":"2023-03-20T21:45:26","guid":{"rendered":"https:\/\/espaisagaro.com\/donde-estamos\/"},"modified":"2024-07-22T16:05:32","modified_gmt":"2024-07-22T16:05:32","slug":"donde-estamos","status":"publish","type":"page","link":"https:\/\/espaisagaro.com\/es\/donde-estamos\/","title":{"rendered":"Donde estamos"},"content":{"rendered":"\t\t<div data-elementor-type=\"wp-page\" data-elementor-id=\"5311\" class=\"elementor elementor-5311 elementor-50\" data-elementor-post-type=\"page\">\n\t\t\t\t\t\t<section class=\"elementor-section elementor-top-section elementor-element elementor-element-1340801 elementor-section-full_width elementor-section-stretched elementor-section-height-default elementor-section-height-default\" data-id=\"1340801\" data-element_type=\"section\" data-e-type=\"section\" data-settings=\"{&quot;stretch_section&quot;:&quot;section-stretched&quot;}\">\n\t\t\t\t\t\t<div class=\"elementor-container elementor-column-gap-default\">\n\t\t\t\t\t<div class=\"elementor-column elementor-col-100 elementor-top-column elementor-element elementor-element-a59cf44\" data-id=\"a59cf44\" data-element_type=\"column\" data-e-type=\"column\">\n\t\t\t<div class=\"elementor-widget-wrap elementor-element-populated\">\n\t\t\t\t\t\t<div class=\"elementor-element elementor-element-9aa8cab elementor-widget elementor-widget-image\" data-id=\"9aa8cab\" data-element_type=\"widget\" data-e-type=\"widget\" data-widget_type=\"image.default\">\n\t\t\t\t\t\t\t\t\t\t\t\t\t\t\t<img fetchpriority=\"high\" decoding=\"async\" width=\"1920\" height=\"880\" src=\"https:\/\/espaisagaro.com\/wp-content\/uploads\/2023\/03\/foto-portada-ON-SOM-copia.jpg\" class=\"attachment-full size-full wp-image-2405\" alt=\"\" srcset=\"https:\/\/espaisagaro.com\/wp-content\/uploads\/2023\/03\/foto-portada-ON-SOM-copia.jpg 1920w, https:\/\/espaisagaro.com\/wp-content\/uploads\/2023\/03\/foto-portada-ON-SOM-copia-600x275.jpg 600w, https:\/\/espaisagaro.com\/wp-content\/uploads\/2023\/03\/foto-portada-ON-SOM-copia-300x138.jpg 300w, https:\/\/espaisagaro.com\/wp-content\/uploads\/2023\/03\/foto-portada-ON-SOM-copia-1024x469.jpg 1024w, https:\/\/espaisagaro.com\/wp-content\/uploads\/2023\/03\/foto-portada-ON-SOM-copia-768x352.jpg 768w, https:\/\/espaisagaro.com\/wp-content\/uploads\/2023\/03\/foto-portada-ON-SOM-copia-1536x704.jpg 1536w\" sizes=\"(max-width: 1920px) 100vw, 1920px\" \/>\t\t\t\t\t\t\t\t\t\t\t\t\t\t\t<\/div>\n\t\t\t\t\t<\/div>\n\t\t<\/div>\n\t\t\t\t\t<\/div>\n\t\t<\/section>\n\t\t\t\t<section class=\"elementor-section elementor-top-section elementor-element elementor-element-95338ee elementor-section-full_width elementor-section-height-default elementor-section-height-default\" data-id=\"95338ee\" data-element_type=\"section\" data-e-type=\"section\">\n\t\t\t\t\t\t<div class=\"elementor-container elementor-column-gap-default\">\n\t\t\t\t\t<div class=\"elementor-column elementor-col-100 elementor-top-column elementor-element elementor-element-0ff8983\" data-id=\"0ff8983\" data-element_type=\"column\" data-e-type=\"column\">\n\t\t\t<div class=\"elementor-widget-wrap elementor-element-populated\">\n\t\t\t\t\t\t<div class=\"elementor-element elementor-element-ca64f4e elementor-widget elementor-widget-text-editor\" data-id=\"ca64f4e\" data-element_type=\"widget\" data-e-type=\"widget\" data-widget_type=\"text-editor.default\">\n\t\t\t\t\t\t\t\t\tAlquiler S\u2019Agar\u00f3 Dormir en Costa Brava Apartamento Playa de Aro Apartamento pet-friendly S\u2019Agar\u00f3 Vacaciones en S\u2019Agar\u00f3 Escapada Costa Brava Alojamiento vista mar Apartamento cerca mar S\u2019Agar\u00f3 Apartamentos con piscina S\u2019Agar\u00f3 Dormir centro S\u2019Agar\u00f3 Escapada en S\u2019Agar\u00f3 Alquilar piso Costa Brava Dormir cerca playa S\u2019Agar\u00f3 Alojamiento familiar S\u2019Agar\u00f3 Apartamento c\u00f3modo S\u2019Agar\u00f3 Apartamento zona tranquila S\u2019Agar\u00f3 Dormir en Playa de Aro Vacaciones Costa Brava Dormir S\u2019Agar\u00f3 con ninos Apartamento vista mar Alquilar piso vacaciones S\u2019Agar\u00f3 Alquiler apartamento familiar Costa Brava Escapada en Playa de Aro Apartamento con terraza S\u2019Agar\u00f3 Dormir cerca de Gerona Apartamento primera l\u00ednia de mar S\u2019Agar\u00f3 Alquiler vacaciones Playa de Aro Apartamento cerca rutas Costa Brava Alquiler por d\u00edas S\u2019Agar\u00f3 Alquilar piso Playa de Aro \n\t\t\t\t\t\t\t\t<\/div>\n\t\t\t\t\t<\/div>\n\t\t<\/div>\n\t\t\t\t\t<\/div>\n\t\t<\/section>\n\t\t\t\t<section class=\"elementor-section elementor-top-section elementor-element elementor-element-e18743f elementor-section-boxed elementor-section-height-default elementor-section-height-default\" data-id=\"e18743f\" data-element_type=\"section\" data-e-type=\"section\">\n\t\t\t\t\t\t<div class=\"elementor-container elementor-column-gap-default\">\n\t\t\t\t\t<div class=\"elementor-column elementor-col-100 elementor-top-column elementor-element elementor-element-951e8fc\" data-id=\"951e8fc\" data-element_type=\"column\" data-e-type=\"column\">\n\t\t\t<div class=\"elementor-widget-wrap elementor-element-populated\">\n\t\t\t\t\t\t<div class=\"elementor-element elementor-element-89a0e53 elementor-widget elementor-widget-text-editor\" data-id=\"89a0e53\" data-element_type=\"widget\" data-e-type=\"widget\" data-widget_type=\"text-editor.default\">\n\t\t\t\t\t\t\t\t\t<p>S\u2019Agar\u00f3,<br \/> el coraz\u00f3n de la <br \/>Costa Brava<\/p>\n\t\t\t\t\t\t\t\t<\/div>\n\t\t\t\t\t<\/div>\n\t\t<\/div>\n\t\t\t\t\t<\/div>\n\t\t<\/section>\n\t\t\t\t<section class=\"elementor-section elementor-top-section elementor-element elementor-element-fbc2839 elementor-section-boxed elementor-section-height-default elementor-section-height-default\" data-id=\"fbc2839\" data-element_type=\"section\" data-e-type=\"section\">\n\t\t\t\t\t\t<div class=\"elementor-container elementor-column-gap-default\">\n\t\t\t\t\t<div class=\"elementor-column elementor-col-100 elementor-top-column elementor-element elementor-element-07deac6\" data-id=\"07deac6\" data-element_type=\"column\" data-e-type=\"column\">\n\t\t\t<div class=\"elementor-widget-wrap elementor-element-populated\">\n\t\t\t\t\t\t<section class=\"elementor-section elementor-inner-section elementor-element elementor-element-33d7ef3 elementor-section-boxed elementor-section-height-default elementor-section-height-default\" data-id=\"33d7ef3\" data-element_type=\"section\" data-e-type=\"section\">\n\t\t\t\t\t\t<div class=\"elementor-container elementor-column-gap-default\">\n\t\t\t\t\t<div class=\"elementor-column elementor-col-50 elementor-inner-column elementor-element elementor-element-05625f3\" data-id=\"05625f3\" data-element_type=\"column\" data-e-type=\"column\">\n\t\t\t<div class=\"elementor-widget-wrap elementor-element-populated\">\n\t\t\t\t\t\t<div class=\"elementor-element elementor-element-9922a27 elementor-widget elementor-widget-image\" data-id=\"9922a27\" data-element_type=\"widget\" data-e-type=\"widget\" data-widget_type=\"image.default\">\n\t\t\t\t\t\t\t\t\t\t\t\t\t\t\t<img decoding=\"async\" width=\"178\" height=\"49\" src=\"https:\/\/espaisagaro.com\/wp-content\/uploads\/2023\/03\/cors.png\" class=\"attachment-large size-large wp-image-2408\" alt=\"\" \/>\t\t\t\t\t\t\t\t\t\t\t\t\t\t\t<\/div>\n\t\t\t\t\t<\/div>\n\t\t<\/div>\n\t\t\t\t<div class=\"elementor-column elementor-col-50 elementor-inner-column elementor-element elementor-element-4518369\" data-id=\"4518369\" data-element_type=\"column\" data-e-type=\"column\">\n\t\t\t<div class=\"elementor-widget-wrap elementor-element-populated\">\n\t\t\t\t\t\t<div class=\"elementor-element elementor-element-02eeff8 elementor-widget elementor-widget-text-editor\" data-id=\"02eeff8\" data-element_type=\"widget\" data-e-type=\"widget\" data-widget_type=\"text-editor.default\">\n\t\t\t\t\t\t\t\t\t<p>Entre Sant Feliu de Gu\u00edxols y Platja d&#8217;Aro, a medio camino de Barcelona y Francia, y entre Blanes y Portbou encontramos S&#8217;AGAR\u00d3, uno de los n\u00facleos residenciales y tur\u00edsticos m\u00e1s bonitos de la Costa Brava. Su origen data de 1916 con la construcci\u00f3n de la primera residencia de veraneo de estilo noucentista con la idea de que fuera una urbanizaci\u00f3n destinada al turismo y al veraneo de la alta burgues\u00eda.<br>\nCon los a\u00f1os la fuerza del turismo fue creciendo y alrededor del conjunto inicial (y en toda la costa en general) se fueron construyendo nuevas edificaciones y apartamentos, hasta formar lo que hoy conocemos como S&#8217;Agar\u00f3.<br><br>\nEncontramos dos magn\u00edficas playas, una la playa de Sant Pol, de 900 m de longitud y formada por arena muy fina y aguas poco profundas, ideal para familias con ni\u00f1os peque\u00f1os o personas de movilidad reducida. Tiene un paseo mar\u00edtimo que la bordea, una zona infantil de juegos en el Parque de las Dunas y gran cantidad de servicios (zona de parking, alquiler de tumbonas, bares, restaurantes, Cruz Roja, escuela de deportes n\u00e1uticos\u2026) y el otro la playa de Sa Conca, junto a la urbanizaci\u00f3n de S&#8217;Agar\u00f3 con sus casas se\u00f1oriales y el camino de ronda que pasa. Es una gran cala de 400 metros, de arena m\u00e1s gruesa y aguas m\u00e1s profundas. Se puede acceder en coche, pero hay que dejarlo a 250 metros o bien a pie, con un agradable paseo por el Cam\u00ed de Ronda. Es una playa muy familiar, rodeada de pinos y rocas, de gran belleza.<br><br>\nS&#8217;Agar\u00f3 se caracteriza por ser un n\u00facleo residencial tranquilo y familiar, con comercios de calidad, variedad de restaurantes y bares y muy cercano y bien comunicado con nuestros vecinos de Platja d&#8217;Aro y Sant Feliu de Gu\u00edxols. <\/p>\t\t\t\t\t\t\t\t<\/div>\n\t\t\t\t\t<\/div>\n\t\t<\/div>\n\t\t\t\t\t<\/div>\n\t\t<\/section>\n\t\t\t\t\t<\/div>\n\t\t<\/div>\n\t\t\t\t\t<\/div>\n\t\t<\/section>\n\t\t\t\t<section class=\"elementor-section elementor-top-section elementor-element elementor-element-81367ce elementor-section-full_width elementor-section-stretched elementor-section-height-default elementor-section-height-default\" data-id=\"81367ce\" data-element_type=\"section\" data-e-type=\"section\" data-settings=\"{&quot;stretch_section&quot;:&quot;section-stretched&quot;}\">\n\t\t\t\t\t\t<div class=\"elementor-container elementor-column-gap-default\">\n\t\t\t\t\t<div class=\"elementor-column elementor-col-100 elementor-top-column elementor-element elementor-element-56a93cc\" data-id=\"56a93cc\" data-element_type=\"column\" data-e-type=\"column\">\n\t\t\t<div class=\"elementor-widget-wrap elementor-element-populated\">\n\t\t\t\t\t\t<div class=\"elementor-element elementor-element-e34879b elementor-widget elementor-widget-image\" data-id=\"e34879b\" data-element_type=\"widget\" data-e-type=\"widget\" data-widget_type=\"image.default\">\n\t\t\t\t\t\t\t\t\t\t\t\t\t\t\t<img decoding=\"async\" width=\"1920\" height=\"571\" src=\"https:\/\/espaisagaro.com\/wp-content\/uploads\/2023\/03\/mapa.png\" class=\"attachment-full size-full wp-image-2411\" alt=\"\" srcset=\"https:\/\/espaisagaro.com\/wp-content\/uploads\/2023\/03\/mapa.png 1920w, https:\/\/espaisagaro.com\/wp-content\/uploads\/2023\/03\/mapa-600x178.png 600w, https:\/\/espaisagaro.com\/wp-content\/uploads\/2023\/03\/mapa-300x89.png 300w, https:\/\/espaisagaro.com\/wp-content\/uploads\/2023\/03\/mapa-1024x305.png 1024w, https:\/\/espaisagaro.com\/wp-content\/uploads\/2023\/03\/mapa-768x228.png 768w, https:\/\/espaisagaro.com\/wp-content\/uploads\/2023\/03\/mapa-1536x457.png 1536w\" sizes=\"(max-width: 1920px) 100vw, 1920px\" \/>\t\t\t\t\t\t\t\t\t\t\t\t\t\t\t<\/div>\n\t\t\t\t<div class=\"elementor-element elementor-element-5439087 elementor-hidden-desktop elementor-hidden-tablet elementor-widget elementor-widget-spacer\" data-id=\"5439087\" data-element_type=\"widget\" data-e-type=\"widget\" data-widget_type=\"spacer.default\">\n\t\t\t\t\t\t\t<div class=\"elementor-spacer\">\n\t\t\t<div class=\"elementor-spacer-inner\"><\/div>\n\t\t<\/div>\n\t\t\t\t\t\t<\/div>\n\t\t\t\t\t<\/div>\n\t\t<\/div>\n\t\t\t\t\t<\/div>\n\t\t<\/section>\n\t\t\t\t<section class=\"elementor-section elementor-top-section elementor-element elementor-element-6486b64c elementor-section-full_width elementor-section-stretched elementor-section-height-default elementor-section-height-default\" data-id=\"6486b64c\" data-element_type=\"section\" data-e-type=\"section\" data-settings=\"{&quot;stretch_section&quot;:&quot;section-stretched&quot;}\">\n\t\t\t\t\t\t<div class=\"elementor-container elementor-column-gap-default\">\n\t\t\t\t\t<div class=\"elementor-column elementor-col-100 elementor-top-column elementor-element elementor-element-1b57ad27\" data-id=\"1b57ad27\" data-element_type=\"column\" data-e-type=\"column\">\n\t\t\t<div class=\"elementor-widget-wrap elementor-element-populated\">\n\t\t\t\t\t\t<div class=\"elementor-element elementor-element-1ae8a614 elementor--h-position-center elementor--v-position-middle elementor-widget elementor-widget-slides\" data-id=\"1ae8a614\" data-element_type=\"widget\" data-e-type=\"widget\" data-settings=\"{&quot;navigation&quot;:&quot;none&quot;,&quot;transition&quot;:&quot;fade&quot;,&quot;transition_speed&quot;:500}\" data-widget_type=\"slides.default\">\n\t\t\t\t\t\t\t\t\t\t<div class=\"elementor-slides-wrapper elementor-main-swiper swiper\" role=\"region\" aria-roledescription=\"carousel\" aria-label=\"Diapositivas\" dir=\"ltr\" data-animation=\"zoomIn\">\n\t\t\t\t<div class=\"swiper-wrapper elementor-slides\">\n\t\t\t\t\t\t\t\t\t\t<div class=\"elementor-repeater-item-5578067 swiper-slide\" role=\"group\" aria-roledescription=\"slide\"><div class=\"swiper-slide-bg\" role=\"img\" aria-label=\"Contacte 2\"><\/div><a class=\"swiper-slide-inner\" href=\"https:\/\/espaisagaro.com\/es\/contacto\/\"><div class=\"swiper-slide-contents\"><div  class=\"elementor-button elementor-slide-button elementor-size-lg\">Contacto<\/div><\/div><\/a><\/div>\t\t\t\t<\/div>\n\t\t\t\t\t\t\t<\/div>\n\t\t\t\t\t\t\t\t<\/div>\n\t\t\t\t\t<\/div>\n\t\t<\/div>\n\t\t\t\t\t<\/div>\n\t\t<\/section>\n\t\t\t\t<\/div>\n\t\t","protected":false},"excerpt":{"rendered":"<p>Alquiler S\u2019Agar\u00f3 Dormir en Costa Brava Apartamento Playa de Aro Apartamento pet-friendly S\u2019Agar\u00f3 Vacaciones en S\u2019Agar\u00f3 Escapada Costa Brava Alojamiento vista mar Apartamento cerca mar S\u2019Agar\u00f3 Apartamentos con piscina S\u2019Agar\u00f3 Dormir centro S\u2019Agar\u00f3 Escapada en S\u2019Agar\u00f3 Alquilar piso Costa Brava Dormir cerca playa S\u2019Agar\u00f3 Alojamiento familiar S\u2019Agar\u00f3 Apartamento c\u00f3modo S\u2019Agar\u00f3 Apartamento zona tranquila S\u2019Agar\u00f3 Dormir [&hellip;]<\/p>\n","protected":false},"author":1,"featured_media":0,"parent":0,"menu_order":0,"comment_status":"closed","ping_status":"closed","template":"elementor_header_footer","meta":{"footnotes":""},"class_list":["post-5311","page","type-page","status-publish","hentry","entry","owp-thumbs-layout-horizontal","owp-btn-normal","owp-tabs-layout-horizontal","has-no-thumbnails","has-product-nav"],"yoast_head":"<!-- This site is optimized with the Yoast SEO Premium plugin v26.4 (Yoast SEO v27.3) - https:\/\/yoast.com\/product\/yoast-seo-premium-wordpress\/ -->\n<title>Donde estamos - Espai S&#039;Agar\u00f3<\/title>\n<meta name=\"robots\" content=\"index, follow, max-snippet:-1, max-image-preview:large, max-video-preview:-1\" \/>\n<link rel=\"canonical\" href=\"https:\/\/espaisagaro.com\/es\/donde-estamos\/\" \/>\n<meta property=\"og:locale\" content=\"es_ES\" \/>\n<meta property=\"og:type\" content=\"article\" \/>\n<meta property=\"og:title\" content=\"Donde estamos\" \/>\n<meta property=\"og:description\" content=\"Alquiler S\u2019Agar\u00f3 Dormir en Costa Brava Apartamento Playa de Aro Apartamento pet-friendly S\u2019Agar\u00f3 Vacaciones en S\u2019Agar\u00f3 Escapada Costa Brava Alojamiento vista mar Apartamento cerca mar S\u2019Agar\u00f3 Apartamentos con piscina S\u2019Agar\u00f3 Dormir centro S\u2019Agar\u00f3 Escapada en S\u2019Agar\u00f3 Alquilar piso Costa Brava Dormir cerca playa S\u2019Agar\u00f3 Alojamiento familiar S\u2019Agar\u00f3 Apartamento c\u00f3modo S\u2019Agar\u00f3 Apartamento zona tranquila S\u2019Agar\u00f3 Dormir [&hellip;]\" \/>\n<meta property=\"og:url\" content=\"https:\/\/espaisagaro.com\/es\/donde-estamos\/\" \/>\n<meta property=\"og:site_name\" content=\"Espai S&#039;Agar\u00f3\" \/>\n<meta property=\"article:modified_time\" content=\"2024-07-22T16:05:32+00:00\" \/>\n<meta property=\"og:image\" content=\"https:\/\/espaisagaro.com\/wp-content\/uploads\/2023\/03\/foto-portada-ON-SOM-copia.jpg\" \/>\n\t<meta property=\"og:image:width\" content=\"1920\" \/>\n\t<meta property=\"og:image:height\" content=\"880\" \/>\n\t<meta property=\"og:image:type\" content=\"image\/jpeg\" \/>\n<meta name=\"twitter:card\" content=\"summary_large_image\" \/>\n<meta name=\"twitter:label1\" content=\"Tiempo de lectura\" \/>\n\t<meta name=\"twitter:data1\" content=\"2 minutos\" \/>\n<script type=\"application\/ld+json\" class=\"yoast-schema-graph\">{\"@context\":\"https:\\\/\\\/schema.org\",\"@graph\":[{\"@type\":\"WebPage\",\"@id\":\"https:\\\/\\\/espaisagaro.com\\\/es\\\/donde-estamos\\\/\",\"url\":\"https:\\\/\\\/espaisagaro.com\\\/es\\\/donde-estamos\\\/\",\"name\":\"Donde estamos - Espai S&#039;Agar\u00f3\",\"isPartOf\":{\"@id\":\"https:\\\/\\\/espaisagaro.com\\\/es\\\/#website\"},\"primaryImageOfPage\":{\"@id\":\"https:\\\/\\\/espaisagaro.com\\\/es\\\/donde-estamos\\\/#primaryimage\"},\"image\":{\"@id\":\"https:\\\/\\\/espaisagaro.com\\\/es\\\/donde-estamos\\\/#primaryimage\"},\"thumbnailUrl\":\"https:\\\/\\\/espaisagaro.com\\\/wp-content\\\/uploads\\\/2023\\\/03\\\/foto-portada-ON-SOM-copia.jpg\",\"datePublished\":\"2023-03-20T21:45:26+00:00\",\"dateModified\":\"2024-07-22T16:05:32+00:00\",\"breadcrumb\":{\"@id\":\"https:\\\/\\\/espaisagaro.com\\\/es\\\/donde-estamos\\\/#breadcrumb\"},\"inLanguage\":\"es\",\"potentialAction\":[{\"@type\":\"ReadAction\",\"target\":[\"https:\\\/\\\/espaisagaro.com\\\/es\\\/donde-estamos\\\/\"]}]},{\"@type\":\"ImageObject\",\"inLanguage\":\"es\",\"@id\":\"https:\\\/\\\/espaisagaro.com\\\/es\\\/donde-estamos\\\/#primaryimage\",\"url\":\"https:\\\/\\\/espaisagaro.com\\\/wp-content\\\/uploads\\\/2023\\\/03\\\/foto-portada-ON-SOM-copia.jpg\",\"contentUrl\":\"https:\\\/\\\/espaisagaro.com\\\/wp-content\\\/uploads\\\/2023\\\/03\\\/foto-portada-ON-SOM-copia.jpg\"},{\"@type\":\"BreadcrumbList\",\"@id\":\"https:\\\/\\\/espaisagaro.com\\\/es\\\/donde-estamos\\\/#breadcrumb\",\"itemListElement\":[{\"@type\":\"ListItem\",\"position\":1,\"name\":\"Home\",\"item\":\"https:\\\/\\\/espaisagaro.com\\\/es\\\/\"},{\"@type\":\"ListItem\",\"position\":2,\"name\":\"Donde estamos\"}]},{\"@type\":\"WebSite\",\"@id\":\"https:\\\/\\\/espaisagaro.com\\\/es\\\/#website\",\"url\":\"https:\\\/\\\/espaisagaro.com\\\/es\\\/\",\"name\":\"Espai S'Agar\u00f3\",\"description\":\"Alquiler tur\u00edstico de apartamentos en el coraz\u00f3n de la Costa Brava\",\"publisher\":{\"@id\":\"https:\\\/\\\/espaisagaro.com\\\/es\\\/#organization\"},\"alternateName\":\"espaisagaro\",\"potentialAction\":[{\"@type\":\"SearchAction\",\"target\":{\"@type\":\"EntryPoint\",\"urlTemplate\":\"https:\\\/\\\/espaisagaro.com\\\/es\\\/?s={search_term_string}\"},\"query-input\":{\"@type\":\"PropertyValueSpecification\",\"valueRequired\":true,\"valueName\":\"search_term_string\"}}],\"inLanguage\":\"es\"},{\"@type\":\"Organization\",\"@id\":\"https:\\\/\\\/espaisagaro.com\\\/es\\\/#organization\",\"name\":\"Espai S'Agar\u00f3\",\"url\":\"https:\\\/\\\/espaisagaro.com\\\/es\\\/\",\"logo\":{\"@type\":\"ImageObject\",\"inLanguage\":\"es\",\"@id\":\"https:\\\/\\\/espaisagaro.com\\\/es\\\/#\\\/schema\\\/logo\\\/image\\\/\",\"url\":\"https:\\\/\\\/espaisagaro.com\\\/wp-content\\\/uploads\\\/espai.png\",\"contentUrl\":\"https:\\\/\\\/espaisagaro.com\\\/wp-content\\\/uploads\\\/espai.png\",\"width\":166,\"height\":165,\"caption\":\"Espai S'Agar\u00f3\"},\"image\":{\"@id\":\"https:\\\/\\\/espaisagaro.com\\\/es\\\/#\\\/schema\\\/logo\\\/image\\\/\"}}]}<\/script>\n<!-- \/ Yoast SEO Premium plugin. -->","yoast_head_json":{"title":"Donde estamos - Espai S&#039;Agar\u00f3","robots":{"index":"index","follow":"follow","max-snippet":"max-snippet:-1","max-image-preview":"max-image-preview:large","max-video-preview":"max-video-preview:-1"},"canonical":"https:\/\/espaisagaro.com\/es\/donde-estamos\/","og_locale":"es_ES","og_type":"article","og_title":"Donde estamos","og_description":"Alquiler S\u2019Agar\u00f3 Dormir en Costa Brava Apartamento Playa de Aro Apartamento pet-friendly S\u2019Agar\u00f3 Vacaciones en S\u2019Agar\u00f3 Escapada Costa Brava Alojamiento vista mar Apartamento cerca mar S\u2019Agar\u00f3 Apartamentos con piscina S\u2019Agar\u00f3 Dormir centro S\u2019Agar\u00f3 Escapada en S\u2019Agar\u00f3 Alquilar piso Costa Brava Dormir cerca playa S\u2019Agar\u00f3 Alojamiento familiar S\u2019Agar\u00f3 Apartamento c\u00f3modo S\u2019Agar\u00f3 Apartamento zona tranquila S\u2019Agar\u00f3 Dormir [&hellip;]","og_url":"https:\/\/espaisagaro.com\/es\/donde-estamos\/","og_site_name":"Espai S&#039;Agar\u00f3","article_modified_time":"2024-07-22T16:05:32+00:00","og_image":[{"width":1920,"height":880,"url":"https:\/\/espaisagaro.com\/wp-content\/uploads\/2023\/03\/foto-portada-ON-SOM-copia.jpg","type":"image\/jpeg"}],"twitter_card":"summary_large_image","twitter_misc":{"Tiempo de lectura":"2 minutos"},"schema":{"@context":"https:\/\/schema.org","@graph":[{"@type":"WebPage","@id":"https:\/\/espaisagaro.com\/es\/donde-estamos\/","url":"https:\/\/espaisagaro.com\/es\/donde-estamos\/","name":"Donde estamos - Espai S&#039;Agar\u00f3","isPartOf":{"@id":"https:\/\/espaisagaro.com\/es\/#website"},"primaryImageOfPage":{"@id":"https:\/\/espaisagaro.com\/es\/donde-estamos\/#primaryimage"},"image":{"@id":"https:\/\/espaisagaro.com\/es\/donde-estamos\/#primaryimage"},"thumbnailUrl":"https:\/\/espaisagaro.com\/wp-content\/uploads\/2023\/03\/foto-portada-ON-SOM-copia.jpg","datePublished":"2023-03-20T21:45:26+00:00","dateModified":"2024-07-22T16:05:32+00:00","breadcrumb":{"@id":"https:\/\/espaisagaro.com\/es\/donde-estamos\/#breadcrumb"},"inLanguage":"es","potentialAction":[{"@type":"ReadAction","target":["https:\/\/espaisagaro.com\/es\/donde-estamos\/"]}]},{"@type":"ImageObject","inLanguage":"es","@id":"https:\/\/espaisagaro.com\/es\/donde-estamos\/#primaryimage","url":"https:\/\/espaisagaro.com\/wp-content\/uploads\/2023\/03\/foto-portada-ON-SOM-copia.jpg","contentUrl":"https:\/\/espaisagaro.com\/wp-content\/uploads\/2023\/03\/foto-portada-ON-SOM-copia.jpg"},{"@type":"BreadcrumbList","@id":"https:\/\/espaisagaro.com\/es\/donde-estamos\/#breadcrumb","itemListElement":[{"@type":"ListItem","position":1,"name":"Home","item":"https:\/\/espaisagaro.com\/es\/"},{"@type":"ListItem","position":2,"name":"Donde estamos"}]},{"@type":"WebSite","@id":"https:\/\/espaisagaro.com\/es\/#website","url":"https:\/\/espaisagaro.com\/es\/","name":"Espai S'Agar\u00f3","description":"Alquiler tur\u00edstico de apartamentos en el coraz\u00f3n de la Costa Brava","publisher":{"@id":"https:\/\/espaisagaro.com\/es\/#organization"},"alternateName":"espaisagaro","potentialAction":[{"@type":"SearchAction","target":{"@type":"EntryPoint","urlTemplate":"https:\/\/espaisagaro.com\/es\/?s={search_term_string}"},"query-input":{"@type":"PropertyValueSpecification","valueRequired":true,"valueName":"search_term_string"}}],"inLanguage":"es"},{"@type":"Organization","@id":"https:\/\/espaisagaro.com\/es\/#organization","name":"Espai S'Agar\u00f3","url":"https:\/\/espaisagaro.com\/es\/","logo":{"@type":"ImageObject","inLanguage":"es","@id":"https:\/\/espaisagaro.com\/es\/#\/schema\/logo\/image\/","url":"https:\/\/espaisagaro.com\/wp-content\/uploads\/espai.png","contentUrl":"https:\/\/espaisagaro.com\/wp-content\/uploads\/espai.png","width":166,"height":165,"caption":"Espai S'Agar\u00f3"},"image":{"@id":"https:\/\/espaisagaro.com\/es\/#\/schema\/logo\/image\/"}}]}},"_links":{"self":[{"href":"https:\/\/espaisagaro.com\/es\/wp-json\/wp\/v2\/pages\/5311","targetHints":{"allow":["GET"]}}],"collection":[{"href":"https:\/\/espaisagaro.com\/es\/wp-json\/wp\/v2\/pages"}],"about":[{"href":"https:\/\/espaisagaro.com\/es\/wp-json\/wp\/v2\/types\/page"}],"author":[{"embeddable":true,"href":"https:\/\/espaisagaro.com\/es\/wp-json\/wp\/v2\/users\/1"}],"replies":[{"embeddable":true,"href":"https:\/\/espaisagaro.com\/es\/wp-json\/wp\/v2\/comments?post=5311"}],"version-history":[{"count":8,"href":"https:\/\/espaisagaro.com\/es\/wp-json\/wp\/v2\/pages\/5311\/revisions"}],"predecessor-version":[{"id":8314,"href":"https:\/\/espaisagaro.com\/es\/wp-json\/wp\/v2\/pages\/5311\/revisions\/8314"}],"wp:attachment":[{"href":"https:\/\/espaisagaro.com\/es\/wp-json\/wp\/v2\/media?parent=5311"}],"curies":[{"name":"wp","href":"https:\/\/api.w.org\/{rel}","templated":true}]}}