{"id":5169,"date":"2023-05-09T14:14:40","date_gmt":"2023-05-09T14:14:40","guid":{"rendered":"https:\/\/espaisagaro.com\/product\/c-sol-406-ii\/"},"modified":"2025-12-02T12:54:46","modified_gmt":"2025-12-02T12:54:46","slug":"c-sol-406-ii","status":"publish","type":"product","link":"https:\/\/espaisagaro.com\/es\/producto\/c-sol-406-ii\/","title":{"rendered":"Caleta del Sol 406 II"},"content":{"rendered":"","protected":false},"excerpt":{"rendered":"<p>Apartamento con vistas al mar y piscina en S&#8217;Agar\u00f3<\/p>\n","protected":false},"featured_media":3506,"comment_status":"open","ping_status":"closed","template":"","meta":[],"product_brand":[],"product_cat":[94],"product_tag":[],"class_list":{"0":"post-5169","1":"product","2":"type-product","3":"status-publish","4":"has-post-thumbnail","6":"product_cat-uncategorized-es","8":"entry","9":"has-media","11":"first","12":"instock","13":"shipping-taxable","14":"product-type-external","15":"has-product-nav","16":"col","17":"span_1_of_3","18":"owp-content-center","19":"owp-thumbs-layout-horizontal","20":"owp-btn-normal","21":"owp-tabs-layout-horizontal"},"yoast_head":"<!-- This site is optimized with the Yoast SEO Premium plugin v26.4 (Yoast SEO v27.3) - https:\/\/yoast.com\/product\/yoast-seo-premium-wordpress\/ -->\n<title>Caleta del Sol 406 II - Espai S&#039;Agar\u00f3<\/title>\n<meta name=\"robots\" content=\"index, follow, max-snippet:-1, max-image-preview:large, max-video-preview:-1\" \/>\n<link rel=\"canonical\" href=\"https:\/\/espaisagaro.com\/es\/producto\/c-sol-406-ii\/\" \/>\n<meta property=\"og:locale\" content=\"es_ES\" \/>\n<meta property=\"og:type\" content=\"article\" \/>\n<meta property=\"og:title\" content=\"Caleta del Sol 406 II\" \/>\n<meta property=\"og:description\" content=\"Apartamento con vistas al mar y piscina en S&#039;Agar\u00f3\" \/>\n<meta property=\"og:url\" content=\"https:\/\/espaisagaro.com\/es\/producto\/c-sol-406-ii\/\" \/>\n<meta property=\"og:site_name\" content=\"Espai S&#039;Agar\u00f3\" \/>\n<meta property=\"article:modified_time\" content=\"2025-12-02T12:54:46+00:00\" \/>\n<meta property=\"og:image\" content=\"https:\/\/espaisagaro.com\/wp-content\/uploads\/C-Sol-406-II-web-16-min-scaled.jpg\" \/>\n\t<meta property=\"og:image:width\" content=\"2560\" \/>\n\t<meta property=\"og:image:height\" content=\"1709\" \/>\n\t<meta property=\"og:image:type\" content=\"image\/jpeg\" \/>\n<meta name=\"twitter:card\" content=\"summary_large_image\" \/>\n<script type=\"application\/ld+json\" class=\"yoast-schema-graph\">{\"@context\":\"https:\\\/\\\/schema.org\",\"@graph\":[{\"@type\":\"WebPage\",\"@id\":\"https:\\\/\\\/espaisagaro.com\\\/es\\\/producto\\\/c-sol-406-ii\\\/\",\"url\":\"https:\\\/\\\/espaisagaro.com\\\/es\\\/producto\\\/c-sol-406-ii\\\/\",\"name\":\"Caleta del Sol 406 II - Espai S&#039;Agar\u00f3\",\"isPartOf\":{\"@id\":\"https:\\\/\\\/espaisagaro.com\\\/es\\\/#website\"},\"primaryImageOfPage\":{\"@id\":\"https:\\\/\\\/espaisagaro.com\\\/es\\\/producto\\\/c-sol-406-ii\\\/#primaryimage\"},\"image\":{\"@id\":\"https:\\\/\\\/espaisagaro.com\\\/es\\\/producto\\\/c-sol-406-ii\\\/#primaryimage\"},\"thumbnailUrl\":\"https:\\\/\\\/espaisagaro.com\\\/wp-content\\\/uploads\\\/C-Sol-406-II-web-16-min-scaled.jpg\",\"datePublished\":\"2023-05-09T14:14:40+00:00\",\"dateModified\":\"2025-12-02T12:54:46+00:00\",\"breadcrumb\":{\"@id\":\"https:\\\/\\\/espaisagaro.com\\\/es\\\/producto\\\/c-sol-406-ii\\\/#breadcrumb\"},\"inLanguage\":\"es\",\"potentialAction\":[{\"@type\":\"ReadAction\",\"target\":[\"https:\\\/\\\/espaisagaro.com\\\/es\\\/producto\\\/c-sol-406-ii\\\/\"]}]},{\"@type\":\"ImageObject\",\"inLanguage\":\"es\",\"@id\":\"https:\\\/\\\/espaisagaro.com\\\/es\\\/producto\\\/c-sol-406-ii\\\/#primaryimage\",\"url\":\"https:\\\/\\\/espaisagaro.com\\\/wp-content\\\/uploads\\\/C-Sol-406-II-web-16-min-scaled.jpg\",\"contentUrl\":\"https:\\\/\\\/espaisagaro.com\\\/wp-content\\\/uploads\\\/C-Sol-406-II-web-16-min-scaled.jpg\",\"width\":2560,\"height\":1709},{\"@type\":\"BreadcrumbList\",\"@id\":\"https:\\\/\\\/espaisagaro.com\\\/es\\\/producto\\\/c-sol-406-ii\\\/#breadcrumb\",\"itemListElement\":[{\"@type\":\"ListItem\",\"position\":1,\"name\":\"Home\",\"item\":\"https:\\\/\\\/espaisagaro.com\\\/es\\\/\"},{\"@type\":\"ListItem\",\"position\":2,\"name\":\"Shop\",\"item\":\"https:\\\/\\\/espaisagaro.com\\\/\"},{\"@type\":\"ListItem\",\"position\":3,\"name\":\"Caleta del Sol 406 II\"}]},{\"@type\":\"WebSite\",\"@id\":\"https:\\\/\\\/espaisagaro.com\\\/es\\\/#website\",\"url\":\"https:\\\/\\\/espaisagaro.com\\\/es\\\/\",\"name\":\"Espai S'Agar\u00f3\",\"description\":\"Alquiler tur\u00edstico de apartamentos en el coraz\u00f3n de la Costa Brava\",\"publisher\":{\"@id\":\"https:\\\/\\\/espaisagaro.com\\\/es\\\/#organization\"},\"alternateName\":\"espaisagaro\",\"potentialAction\":[{\"@type\":\"SearchAction\",\"target\":{\"@type\":\"EntryPoint\",\"urlTemplate\":\"https:\\\/\\\/espaisagaro.com\\\/es\\\/?s={search_term_string}\"},\"query-input\":{\"@type\":\"PropertyValueSpecification\",\"valueRequired\":true,\"valueName\":\"search_term_string\"}}],\"inLanguage\":\"es\"},{\"@type\":\"Organization\",\"@id\":\"https:\\\/\\\/espaisagaro.com\\\/es\\\/#organization\",\"name\":\"Espai S'Agar\u00f3\",\"url\":\"https:\\\/\\\/espaisagaro.com\\\/es\\\/\",\"logo\":{\"@type\":\"ImageObject\",\"inLanguage\":\"es\",\"@id\":\"https:\\\/\\\/espaisagaro.com\\\/es\\\/#\\\/schema\\\/logo\\\/image\\\/\",\"url\":\"https:\\\/\\\/espaisagaro.com\\\/wp-content\\\/uploads\\\/espai.png\",\"contentUrl\":\"https:\\\/\\\/espaisagaro.com\\\/wp-content\\\/uploads\\\/espai.png\",\"width\":166,\"height\":165,\"caption\":\"Espai S'Agar\u00f3\"},\"image\":{\"@id\":\"https:\\\/\\\/espaisagaro.com\\\/es\\\/#\\\/schema\\\/logo\\\/image\\\/\"}}]}<\/script>\n<!-- \/ Yoast SEO Premium plugin. -->","yoast_head_json":{"title":"Caleta del Sol 406 II - Espai S&#039;Agar\u00f3","robots":{"index":"index","follow":"follow","max-snippet":"max-snippet:-1","max-image-preview":"max-image-preview:large","max-video-preview":"max-video-preview:-1"},"canonical":"https:\/\/espaisagaro.com\/es\/producto\/c-sol-406-ii\/","og_locale":"es_ES","og_type":"article","og_title":"Caleta del Sol 406 II","og_description":"Apartamento con vistas al mar y piscina en S'Agar\u00f3","og_url":"https:\/\/espaisagaro.com\/es\/producto\/c-sol-406-ii\/","og_site_name":"Espai S&#039;Agar\u00f3","article_modified_time":"2025-12-02T12:54:46+00:00","og_image":[{"width":2560,"height":1709,"url":"https:\/\/espaisagaro.com\/wp-content\/uploads\/C-Sol-406-II-web-16-min-scaled.jpg","type":"image\/jpeg"}],"twitter_card":"summary_large_image","schema":{"@context":"https:\/\/schema.org","@graph":[{"@type":"WebPage","@id":"https:\/\/espaisagaro.com\/es\/producto\/c-sol-406-ii\/","url":"https:\/\/espaisagaro.com\/es\/producto\/c-sol-406-ii\/","name":"Caleta del Sol 406 II - Espai S&#039;Agar\u00f3","isPartOf":{"@id":"https:\/\/espaisagaro.com\/es\/#website"},"primaryImageOfPage":{"@id":"https:\/\/espaisagaro.com\/es\/producto\/c-sol-406-ii\/#primaryimage"},"image":{"@id":"https:\/\/espaisagaro.com\/es\/producto\/c-sol-406-ii\/#primaryimage"},"thumbnailUrl":"https:\/\/espaisagaro.com\/wp-content\/uploads\/C-Sol-406-II-web-16-min-scaled.jpg","datePublished":"2023-05-09T14:14:40+00:00","dateModified":"2025-12-02T12:54:46+00:00","breadcrumb":{"@id":"https:\/\/espaisagaro.com\/es\/producto\/c-sol-406-ii\/#breadcrumb"},"inLanguage":"es","potentialAction":[{"@type":"ReadAction","target":["https:\/\/espaisagaro.com\/es\/producto\/c-sol-406-ii\/"]}]},{"@type":"ImageObject","inLanguage":"es","@id":"https:\/\/espaisagaro.com\/es\/producto\/c-sol-406-ii\/#primaryimage","url":"https:\/\/espaisagaro.com\/wp-content\/uploads\/C-Sol-406-II-web-16-min-scaled.jpg","contentUrl":"https:\/\/espaisagaro.com\/wp-content\/uploads\/C-Sol-406-II-web-16-min-scaled.jpg","width":2560,"height":1709},{"@type":"BreadcrumbList","@id":"https:\/\/espaisagaro.com\/es\/producto\/c-sol-406-ii\/#breadcrumb","itemListElement":[{"@type":"ListItem","position":1,"name":"Home","item":"https:\/\/espaisagaro.com\/es\/"},{"@type":"ListItem","position":2,"name":"Shop","item":"https:\/\/espaisagaro.com\/"},{"@type":"ListItem","position":3,"name":"Caleta del Sol 406 II"}]},{"@type":"WebSite","@id":"https:\/\/espaisagaro.com\/es\/#website","url":"https:\/\/espaisagaro.com\/es\/","name":"Espai S'Agar\u00f3","description":"Alquiler tur\u00edstico de apartamentos en el coraz\u00f3n de la Costa Brava","publisher":{"@id":"https:\/\/espaisagaro.com\/es\/#organization"},"alternateName":"espaisagaro","potentialAction":[{"@type":"SearchAction","target":{"@type":"EntryPoint","urlTemplate":"https:\/\/espaisagaro.com\/es\/?s={search_term_string}"},"query-input":{"@type":"PropertyValueSpecification","valueRequired":true,"valueName":"search_term_string"}}],"inLanguage":"es"},{"@type":"Organization","@id":"https:\/\/espaisagaro.com\/es\/#organization","name":"Espai S'Agar\u00f3","url":"https:\/\/espaisagaro.com\/es\/","logo":{"@type":"ImageObject","inLanguage":"es","@id":"https:\/\/espaisagaro.com\/es\/#\/schema\/logo\/image\/","url":"https:\/\/espaisagaro.com\/wp-content\/uploads\/espai.png","contentUrl":"https:\/\/espaisagaro.com\/wp-content\/uploads\/espai.png","width":166,"height":165,"caption":"Espai S'Agar\u00f3"},"image":{"@id":"https:\/\/espaisagaro.com\/es\/#\/schema\/logo\/image\/"}}]}},"_links":{"self":[{"href":"https:\/\/espaisagaro.com\/es\/wp-json\/wp\/v2\/product\/5169","targetHints":{"allow":["GET"]}}],"collection":[{"href":"https:\/\/espaisagaro.com\/es\/wp-json\/wp\/v2\/product"}],"about":[{"href":"https:\/\/espaisagaro.com\/es\/wp-json\/wp\/v2\/types\/product"}],"replies":[{"embeddable":true,"href":"https:\/\/espaisagaro.com\/es\/wp-json\/wp\/v2\/comments?post=5169"}],"wp:featuredmedia":[{"embeddable":true,"href":"https:\/\/espaisagaro.com\/es\/wp-json\/wp\/v2\/media\/3506"}],"wp:attachment":[{"href":"https:\/\/espaisagaro.com\/es\/wp-json\/wp\/v2\/media?parent=5169"}],"wp:term":[{"taxonomy":"product_brand","embeddable":true,"href":"https:\/\/espaisagaro.com\/es\/wp-json\/wp\/v2\/product_brand?post=5169"},{"taxonomy":"product_cat","embeddable":true,"href":"https:\/\/espaisagaro.com\/es\/wp-json\/wp\/v2\/product_cat?post=5169"},{"taxonomy":"product_tag","embeddable":true,"href":"https:\/\/espaisagaro.com\/es\/wp-json\/wp\/v2\/product_tag?post=5169"}],"curies":[{"name":"wp","href":"https:\/\/api.w.org\/{rel}","templated":true}]}}