{"id":5413,"date":"2023-05-09T13:57:51","date_gmt":"2023-05-09T13:57:51","guid":{"rendered":"https:\/\/espaisagaro.com\/product\/pinassa-23-piso\/"},"modified":"2025-12-02T13:06:53","modified_gmt":"2025-12-02T13:06:53","slug":"pinassa-23-piso","status":"publish","type":"product","link":"https:\/\/espaisagaro.com\/es\/producto\/pinassa-23-piso\/","title":{"rendered":"Pinassa 23 piso"},"content":{"rendered":"","protected":false},"excerpt":{"rendered":"<p>Tres habitaciones junto al carril bici en S&#8217;Agar\u00f3<\/p>\n","protected":false},"featured_media":4646,"comment_status":"open","ping_status":"closed","template":"","meta":[],"product_brand":[],"product_cat":[94],"product_tag":[],"class_list":{"0":"post-5413","1":"product","2":"type-product","3":"status-publish","4":"has-post-thumbnail","6":"product_cat-uncategorized-es","8":"entry","9":"has-media","11":"first","12":"instock","13":"shipping-taxable","14":"product-type-external","15":"has-product-nav","16":"col","17":"span_1_of_3","18":"owp-content-center","19":"owp-thumbs-layout-horizontal","20":"owp-btn-normal","21":"owp-tabs-layout-horizontal","22":"has-no-thumbnails"},"yoast_head":"<!-- This site is optimized with the Yoast SEO Premium plugin v26.4 (Yoast SEO v27.3) - https:\/\/yoast.com\/product\/yoast-seo-premium-wordpress\/ -->\n<title>Pinassa 23 piso - Espai S&#039;Agar\u00f3<\/title>\n<meta name=\"robots\" content=\"index, follow, max-snippet:-1, max-image-preview:large, max-video-preview:-1\" \/>\n<link rel=\"canonical\" href=\"https:\/\/espaisagaro.com\/es\/producto\/pinassa-23-piso\/\" \/>\n<meta property=\"og:locale\" content=\"es_ES\" \/>\n<meta property=\"og:type\" content=\"article\" \/>\n<meta property=\"og:title\" content=\"Pinassa 23 piso\" \/>\n<meta property=\"og:description\" content=\"Tres habitaciones junto al carril bici en S&#039;Agar\u00f3\" \/>\n<meta property=\"og:url\" content=\"https:\/\/espaisagaro.com\/es\/producto\/pinassa-23-piso\/\" \/>\n<meta property=\"og:site_name\" content=\"Espai S&#039;Agar\u00f3\" \/>\n<meta property=\"article:modified_time\" content=\"2025-12-02T13:06:53+00:00\" \/>\n<meta property=\"og:image\" content=\"https:\/\/espaisagaro.com\/wp-content\/uploads\/JEA_1348berganti.jpg\" \/>\n\t<meta property=\"og:image:width\" content=\"1400\" \/>\n\t<meta property=\"og:image:height\" content=\"933\" \/>\n\t<meta property=\"og:image:type\" content=\"image\/jpeg\" \/>\n<meta name=\"twitter:card\" content=\"summary_large_image\" \/>\n<script type=\"application\/ld+json\" class=\"yoast-schema-graph\">{\"@context\":\"https:\\\/\\\/schema.org\",\"@graph\":[{\"@type\":\"WebPage\",\"@id\":\"https:\\\/\\\/espaisagaro.com\\\/es\\\/producto\\\/pinassa-23-piso\\\/\",\"url\":\"https:\\\/\\\/espaisagaro.com\\\/es\\\/producto\\\/pinassa-23-piso\\\/\",\"name\":\"Pinassa 23 piso - Espai S&#039;Agar\u00f3\",\"isPartOf\":{\"@id\":\"https:\\\/\\\/espaisagaro.com\\\/es\\\/#website\"},\"primaryImageOfPage\":{\"@id\":\"https:\\\/\\\/espaisagaro.com\\\/es\\\/producto\\\/pinassa-23-piso\\\/#primaryimage\"},\"image\":{\"@id\":\"https:\\\/\\\/espaisagaro.com\\\/es\\\/producto\\\/pinassa-23-piso\\\/#primaryimage\"},\"thumbnailUrl\":\"https:\\\/\\\/espaisagaro.com\\\/wp-content\\\/uploads\\\/JEA_1348berganti.jpg\",\"datePublished\":\"2023-05-09T13:57:51+00:00\",\"dateModified\":\"2025-12-02T13:06:53+00:00\",\"breadcrumb\":{\"@id\":\"https:\\\/\\\/espaisagaro.com\\\/es\\\/producto\\\/pinassa-23-piso\\\/#breadcrumb\"},\"inLanguage\":\"es\",\"potentialAction\":[{\"@type\":\"ReadAction\",\"target\":[\"https:\\\/\\\/espaisagaro.com\\\/es\\\/producto\\\/pinassa-23-piso\\\/\"]}]},{\"@type\":\"ImageObject\",\"inLanguage\":\"es\",\"@id\":\"https:\\\/\\\/espaisagaro.com\\\/es\\\/producto\\\/pinassa-23-piso\\\/#primaryimage\",\"url\":\"https:\\\/\\\/espaisagaro.com\\\/wp-content\\\/uploads\\\/JEA_1348berganti.jpg\",\"contentUrl\":\"https:\\\/\\\/espaisagaro.com\\\/wp-content\\\/uploads\\\/JEA_1348berganti.jpg\",\"width\":1400,\"height\":933},{\"@type\":\"BreadcrumbList\",\"@id\":\"https:\\\/\\\/espaisagaro.com\\\/es\\\/producto\\\/pinassa-23-piso\\\/#breadcrumb\",\"itemListElement\":[{\"@type\":\"ListItem\",\"position\":1,\"name\":\"Home\",\"item\":\"https:\\\/\\\/espaisagaro.com\\\/es\\\/\"},{\"@type\":\"ListItem\",\"position\":2,\"name\":\"Shop\",\"item\":\"https:\\\/\\\/espaisagaro.com\\\/\"},{\"@type\":\"ListItem\",\"position\":3,\"name\":\"Pinassa 23 piso\"}]},{\"@type\":\"WebSite\",\"@id\":\"https:\\\/\\\/espaisagaro.com\\\/es\\\/#website\",\"url\":\"https:\\\/\\\/espaisagaro.com\\\/es\\\/\",\"name\":\"Espai S'Agar\u00f3\",\"description\":\"Alquiler tur\u00edstico de apartamentos en el coraz\u00f3n de la Costa Brava\",\"publisher\":{\"@id\":\"https:\\\/\\\/espaisagaro.com\\\/es\\\/#organization\"},\"alternateName\":\"espaisagaro\",\"potentialAction\":[{\"@type\":\"SearchAction\",\"target\":{\"@type\":\"EntryPoint\",\"urlTemplate\":\"https:\\\/\\\/espaisagaro.com\\\/es\\\/?s={search_term_string}\"},\"query-input\":{\"@type\":\"PropertyValueSpecification\",\"valueRequired\":true,\"valueName\":\"search_term_string\"}}],\"inLanguage\":\"es\"},{\"@type\":\"Organization\",\"@id\":\"https:\\\/\\\/espaisagaro.com\\\/es\\\/#organization\",\"name\":\"Espai S'Agar\u00f3\",\"url\":\"https:\\\/\\\/espaisagaro.com\\\/es\\\/\",\"logo\":{\"@type\":\"ImageObject\",\"inLanguage\":\"es\",\"@id\":\"https:\\\/\\\/espaisagaro.com\\\/es\\\/#\\\/schema\\\/logo\\\/image\\\/\",\"url\":\"https:\\\/\\\/espaisagaro.com\\\/wp-content\\\/uploads\\\/espai.png\",\"contentUrl\":\"https:\\\/\\\/espaisagaro.com\\\/wp-content\\\/uploads\\\/espai.png\",\"width\":166,\"height\":165,\"caption\":\"Espai S'Agar\u00f3\"},\"image\":{\"@id\":\"https:\\\/\\\/espaisagaro.com\\\/es\\\/#\\\/schema\\\/logo\\\/image\\\/\"}}]}<\/script>\n<!-- \/ Yoast SEO Premium plugin. -->","yoast_head_json":{"title":"Pinassa 23 piso - Espai S&#039;Agar\u00f3","robots":{"index":"index","follow":"follow","max-snippet":"max-snippet:-1","max-image-preview":"max-image-preview:large","max-video-preview":"max-video-preview:-1"},"canonical":"https:\/\/espaisagaro.com\/es\/producto\/pinassa-23-piso\/","og_locale":"es_ES","og_type":"article","og_title":"Pinassa 23 piso","og_description":"Tres habitaciones junto al carril bici en S'Agar\u00f3","og_url":"https:\/\/espaisagaro.com\/es\/producto\/pinassa-23-piso\/","og_site_name":"Espai S&#039;Agar\u00f3","article_modified_time":"2025-12-02T13:06:53+00:00","og_image":[{"width":1400,"height":933,"url":"https:\/\/espaisagaro.com\/wp-content\/uploads\/JEA_1348berganti.jpg","type":"image\/jpeg"}],"twitter_card":"summary_large_image","schema":{"@context":"https:\/\/schema.org","@graph":[{"@type":"WebPage","@id":"https:\/\/espaisagaro.com\/es\/producto\/pinassa-23-piso\/","url":"https:\/\/espaisagaro.com\/es\/producto\/pinassa-23-piso\/","name":"Pinassa 23 piso - Espai S&#039;Agar\u00f3","isPartOf":{"@id":"https:\/\/espaisagaro.com\/es\/#website"},"primaryImageOfPage":{"@id":"https:\/\/espaisagaro.com\/es\/producto\/pinassa-23-piso\/#primaryimage"},"image":{"@id":"https:\/\/espaisagaro.com\/es\/producto\/pinassa-23-piso\/#primaryimage"},"thumbnailUrl":"https:\/\/espaisagaro.com\/wp-content\/uploads\/JEA_1348berganti.jpg","datePublished":"2023-05-09T13:57:51+00:00","dateModified":"2025-12-02T13:06:53+00:00","breadcrumb":{"@id":"https:\/\/espaisagaro.com\/es\/producto\/pinassa-23-piso\/#breadcrumb"},"inLanguage":"es","potentialAction":[{"@type":"ReadAction","target":["https:\/\/espaisagaro.com\/es\/producto\/pinassa-23-piso\/"]}]},{"@type":"ImageObject","inLanguage":"es","@id":"https:\/\/espaisagaro.com\/es\/producto\/pinassa-23-piso\/#primaryimage","url":"https:\/\/espaisagaro.com\/wp-content\/uploads\/JEA_1348berganti.jpg","contentUrl":"https:\/\/espaisagaro.com\/wp-content\/uploads\/JEA_1348berganti.jpg","width":1400,"height":933},{"@type":"BreadcrumbList","@id":"https:\/\/espaisagaro.com\/es\/producto\/pinassa-23-piso\/#breadcrumb","itemListElement":[{"@type":"ListItem","position":1,"name":"Home","item":"https:\/\/espaisagaro.com\/es\/"},{"@type":"ListItem","position":2,"name":"Shop","item":"https:\/\/espaisagaro.com\/"},{"@type":"ListItem","position":3,"name":"Pinassa 23 piso"}]},{"@type":"WebSite","@id":"https:\/\/espaisagaro.com\/es\/#website","url":"https:\/\/espaisagaro.com\/es\/","name":"Espai S'Agar\u00f3","description":"Alquiler tur\u00edstico de apartamentos en el coraz\u00f3n de la Costa Brava","publisher":{"@id":"https:\/\/espaisagaro.com\/es\/#organization"},"alternateName":"espaisagaro","potentialAction":[{"@type":"SearchAction","target":{"@type":"EntryPoint","urlTemplate":"https:\/\/espaisagaro.com\/es\/?s={search_term_string}"},"query-input":{"@type":"PropertyValueSpecification","valueRequired":true,"valueName":"search_term_string"}}],"inLanguage":"es"},{"@type":"Organization","@id":"https:\/\/espaisagaro.com\/es\/#organization","name":"Espai S'Agar\u00f3","url":"https:\/\/espaisagaro.com\/es\/","logo":{"@type":"ImageObject","inLanguage":"es","@id":"https:\/\/espaisagaro.com\/es\/#\/schema\/logo\/image\/","url":"https:\/\/espaisagaro.com\/wp-content\/uploads\/espai.png","contentUrl":"https:\/\/espaisagaro.com\/wp-content\/uploads\/espai.png","width":166,"height":165,"caption":"Espai S'Agar\u00f3"},"image":{"@id":"https:\/\/espaisagaro.com\/es\/#\/schema\/logo\/image\/"}}]}},"_links":{"self":[{"href":"https:\/\/espaisagaro.com\/es\/wp-json\/wp\/v2\/product\/5413","targetHints":{"allow":["GET"]}}],"collection":[{"href":"https:\/\/espaisagaro.com\/es\/wp-json\/wp\/v2\/product"}],"about":[{"href":"https:\/\/espaisagaro.com\/es\/wp-json\/wp\/v2\/types\/product"}],"replies":[{"embeddable":true,"href":"https:\/\/espaisagaro.com\/es\/wp-json\/wp\/v2\/comments?post=5413"}],"wp:featuredmedia":[{"embeddable":true,"href":"https:\/\/espaisagaro.com\/es\/wp-json\/wp\/v2\/media\/4646"}],"wp:attachment":[{"href":"https:\/\/espaisagaro.com\/es\/wp-json\/wp\/v2\/media?parent=5413"}],"wp:term":[{"taxonomy":"product_brand","embeddable":true,"href":"https:\/\/espaisagaro.com\/es\/wp-json\/wp\/v2\/product_brand?post=5413"},{"taxonomy":"product_cat","embeddable":true,"href":"https:\/\/espaisagaro.com\/es\/wp-json\/wp\/v2\/product_cat?post=5413"},{"taxonomy":"product_tag","embeddable":true,"href":"https:\/\/espaisagaro.com\/es\/wp-json\/wp\/v2\/product_tag?post=5413"}],"curies":[{"name":"wp","href":"https:\/\/api.w.org\/{rel}","templated":true}]}}