{"id":5207,"date":"2023-06-09T10:47:14","date_gmt":"2023-06-09T10:47:14","guid":{"rendered":"https:\/\/espaisagaro.com\/avertissement-juridique\/"},"modified":"2024-04-13T13:51:55","modified_gmt":"2024-04-13T13:51:55","slug":"avertissement-juridique","status":"publish","type":"page","link":"https:\/\/espaisagaro.com\/fr\/avertissement-juridique\/","title":{"rendered":"avertissement juridique"},"content":{"rendered":"\t\t<div data-elementor-type=\"wp-page\" data-elementor-id=\"5207\" class=\"elementor elementor-5207 elementor-1705\" data-elementor-post-type=\"page\">\n\t\t\t\t<div class=\"elementor-element elementor-element-4e3e862 e-flex e-con-boxed e-con e-parent\" data-id=\"4e3e862\" data-element_type=\"container\" data-e-type=\"container\">\n\t\t\t\t\t<div class=\"e-con-inner\">\n\t\t\t\t<div class=\"elementor-element elementor-element-7091298 elementor-widget elementor-widget-text-editor\" data-id=\"7091298\" data-element_type=\"widget\" data-e-type=\"widget\" data-widget_type=\"text-editor.default\">\n\t\t\t\t\t\t\t\t\t<p><strong>AVERTISSEMENT JURIDIQUE<\/strong><\/p>\n<p>Conform\u00e9ment au devoir d&rsquo;information contenu dans l&rsquo;article 10 de la loi 34\/2002 du 11 juillet relative aux services d&rsquo;information et au commerce \u00e9lectronique, nous vous informons que le site Web et le portail Internet institutbadal.com (ci-apr\u00e8s, le \u00ab Web \u00bb) sont propri\u00e9t\u00e9 de Espai S&rsquo;Agar\u00f3 Imma Cruanyes Lozano, dont le si\u00e8ge social est situ\u00e9 Avinguda Platja d&rsquo;Aro 224.17248 S Agar\u00f3 avec le n\u00ba CIF 40527790L. Les pr\u00e9sentes mentions l\u00e9gales r\u00e9gissent les conditions d&rsquo;utilisation du portail Internet susmentionn\u00e9.<\/p>\n<p>Loi applicable et juridiction<\/p>\n<p>En g\u00e9n\u00e9ral, les relations entre Espai S&rsquo;Agar\u00f3 Imma Cruanyes Lozano et les utilisateurs des services t\u00e9l\u00e9matiques, pr\u00e9sents sur le Web, sont soumises \u00e0 la l\u00e9gislation et \u00e0 la juridiction espagnole.<br>Les parties renoncent express\u00e9ment \u00e0 la juridiction qui peut leur correspondre et se soumettent express\u00e9ment aux Cours et Tribunaux de G\u00e9rone pour r\u00e9soudre tout litige qui pourrait survenir lors de l&rsquo;interpr\u00e9tation ou de l&rsquo;ex\u00e9cution des pr\u00e9sentes conditions contractuelles.<\/p>\n<p>Acceptation de l&rsquo;utilisateur<\/p>\n<p>Le pr\u00e9sent avis l\u00e9gal r\u00e9git l&rsquo;acc\u00e8s et l&rsquo;utilisation du site Web que Espai S&rsquo;Agar\u00f3 Imma Cruanyes Lozano met \u00e0 la disposition des internautes. Est consid\u00e9r\u00e9e comme un utilisateur la personne qui acc\u00e8de, navigue, utilise ou participe aux services et activit\u00e9s du site Internet.<br>L&rsquo;utilisateur est inform\u00e9 et accepte que l&rsquo;acc\u00e8s \u00e0 ce site Web n&rsquo;implique en aucun cas le d\u00e9but d&rsquo;une relation commerciale avec Espai S&rsquo;Agar\u00f3 Imma Cruanyes Lozano.<br>L&rsquo;acc\u00e8s et la navigation sur le site Internet par l&rsquo;utilisateur impliquent l&rsquo;acceptation de l&rsquo;int\u00e9gralit\u00e9 des pr\u00e9sentes Conditions d&rsquo;Utilisation. En cas de d\u00e9saccord avec les conditions, vous devez vous abstenir d&rsquo;utiliser le site Internet.<\/p>\n<p>Acc\u00e8s au Web<\/p>\n<p>L&rsquo;acc\u00e8s au site Internet par les utilisateurs est gratuit. Certaines prestations peuvent faire l&rsquo;objet d&rsquo;une souscription pr\u00e9alable \u00e0 la prestation.<br>S&rsquo;il est n\u00e9cessaire que l&rsquo;utilisateur fournisse des donn\u00e9es personnelles pour acc\u00e9der \u00e0 l&rsquo;un des services, la collecte et le traitement des donn\u00e9es seront effectu\u00e9s conform\u00e9ment \u00e0 la r\u00e9glementation en vigueur, notamment au RGPD. Pour plus d&rsquo;informations, consultez notre politique de confidentialit\u00e9 https:\/\/espaisagaro.com\/politica-privacit.<\/p>\n<p>Contenu et utilisation<\/p>\n<p>La visite du site Web par l&rsquo;utilisateur doit \u00eatre effectu\u00e9e de mani\u00e8re responsable et conform\u00e9ment \u00e0 la l\u00e9galit\u00e9 en vigueur, de bonne foi, aux pr\u00e9sentes mentions l\u00e9gales et dans le respect des droits de propri\u00e9t\u00e9 intellectuelle et industrielle d\u00e9tenus par Espai S&rsquo;Agar\u00f3 Imma Cruanyes Lozano, ou toute autre personne physique ou morale. .<br>L&rsquo;utilisation de tout contenu du site Web \u00e0 des fins qui sont ou pourraient \u00eatre ill\u00e9gales est totalement interdite, ainsi que la r\u00e9alisation de toute action qui cause ou peut causer des dommages ou des alt\u00e9rations de toute nature sans le consentement de Espai S&rsquo;Agar\u00f3 Imma. Cruanyes Lozano, , sur le site Web ou son contenu.<br>Le propri\u00e9taire du site Web ne s&rsquo;identifie pas aux opinions exprim\u00e9es par ses collaborateurs. La soci\u00e9t\u00e9 se r\u00e9serve le droit d&rsquo;apporter sans pr\u00e9avis les modifications qu&rsquo;elle juge appropri\u00e9es sur son site Internet, pouvant changer, supprimer ou ajouter tant le contenu et les services fournis par son interm\u00e9diaire que la mani\u00e8re dont ils sont pr\u00e9sent\u00e9s ou localis\u00e9s sur leurs serveurs.<br>La visite du site Web par l&rsquo;utilisateur doit \u00eatre effectu\u00e9e de mani\u00e8re responsable et conform\u00e9ment \u00e0 la l\u00e9galit\u00e9 en vigueur, de bonne foi, aux pr\u00e9sentes mentions l\u00e9gales et dans le respect des droits de propri\u00e9t\u00e9 intellectuelle et industrielle d\u00e9tenus par Espai S&rsquo;Agar\u00f3 Imma Cruanyes Lozano ou toute autre personne physique ou morale.<br>L&rsquo;utilisation de tout contenu du site Web \u00e0 des fins qui sont ou pourraient \u00eatre ill\u00e9gales est totalement interdite, ainsi que la r\u00e9alisation de toute action qui cause ou peut causer des dommages ou des alt\u00e9rations de toute nature sans le consentement de Espai S&rsquo;Agar\u00f3 Imma. Cruanyes Lozano sur le site Web ou son contenu.<\/p>\n<p>Propri\u00e9t\u00e9 intellectuelle et industrielle<\/p>\n<p>Les droits de propri\u00e9t\u00e9 intellectuelle du contenu des pages Web, leur conception graphique et leurs codes sont la propri\u00e9t\u00e9 de Espai S&rsquo;Agar\u00f3 Imma Cruanyes Lozano et, par cons\u00e9quent, leur reproduction, distribution, communication publique, transformation ou toute autre activit\u00e9 r\u00e9alis\u00e9e avec le contenu de la page Web, m\u00eame si les sources sont cit\u00e9es, sauf avec le consentement pr\u00e9alable, expr\u00e8s et \u00e9crit de Espai S&rsquo;Agar\u00f3 Imma Cruanyes Lozano. Tous les noms commerciaux, marques ou signes distinctifs de toute nature contenus dans les pages Internet de la soci\u00e9t\u00e9 sont la propri\u00e9t\u00e9 de leurs propri\u00e9taires et sont prot\u00e9g\u00e9s par la loi.<br>Espai S&rsquo;Agar\u00f3 Imma Cruanyes Lozano n&rsquo;accorde aucune licence ou autorisation d&rsquo;utilisation de quelque nature que ce soit sur ses droits de propri\u00e9t\u00e9 intellectuelle et industrielle ou sur toute autre propri\u00e9t\u00e9 ou droit li\u00e9 au site Web, et en aucun cas&nbsp; il sera entendu que l&rsquo;acc\u00e8s et la navigation des utilisateurs impliquent une renonciation, une transmission, une licence ou une cession totale ou partielle de ces droits par Espai S&rsquo;Agar\u00f3 Imma Cruanyes Lozano<br>Toute utilisation de ces contenus non autoris\u00e9e au pr\u00e9alable par Espai S&rsquo;Agar\u00f3 Imma Cruanyes Lozano sera consid\u00e9r\u00e9e comme une grave violation des droits de propri\u00e9t\u00e9 intellectuelle ou industrielle et entra\u00eenera les responsabilit\u00e9s l\u00e9galement \u00e9tablies. Espai S&rsquo;Agar\u00f3 Imma Cruanyes Lozano se r\u00e9serve le droit d&rsquo;exercer les actions judiciaires et extrajudiciaires correspondantes \u00e0 l&rsquo;encontre de l&rsquo;utilisateur.<\/p>\n<p>Responsabilit\u00e9 et garanties<\/p>\n<p>Espai S&rsquo;Agar\u00f3 Imma Cruanyes Lozano d\u00e9clare avoir adopt\u00e9 les mesures n\u00e9cessaires qui, dans la limite de ses possibilit\u00e9s et de l&rsquo;\u00e9tat de la technologie, permettent le bon fonctionnement de son site Web ainsi que l&rsquo;absence de virus et de composants nuisibles. Cependant, Espai S&rsquo;Agar\u00f3 Imma Cruanyes Lozano ne peut \u00eatre tenu responsable des situations suivantes, \u00e9num\u00e9r\u00e9es \u00e0 titre d&rsquo;exemple mais non limitatif :<br>La continuit\u00e9 et la disponibilit\u00e9 des Contenus.<br>L&rsquo;absence d&rsquo;erreurs dans le Contenu ou la correction des d\u00e9fauts pouvant survenir.<br>L&rsquo;absence de virus et\/ou d&rsquo;autres composants nuisibles.<br>Les dommages caus\u00e9s par toute personne qui viole les syst\u00e8mes de s\u00e9curit\u00e9 de l&rsquo;Espai S&rsquo;Agar\u00f3 Imma Cruanyes Lozano<br>L&rsquo;utilisation que les utilisateurs peuvent faire du contenu inclus dans le site Web. Par cons\u00e9quent, Espai S&rsquo;Agar\u00f3 Imma Cruanyes Lozano ne garantit pas que l&rsquo;utilisation que les utilisateurs peuvent faire des contenus qui peuvent \u00eatre inclus dans le site Web soit conforme aux pr\u00e9sentes mentions l\u00e9gales ni que l&rsquo;utilisation du site Web soit effectu\u00e9e avec diligence.<br>L&rsquo;utilisation par des mineurs du site Internet ou l&rsquo;envoi de leurs donn\u00e9es personnelles sans l&rsquo;autorisation de leurs tuteurs, les tuteurs \u00e9tant responsables de leur utilisation d&rsquo;Internet.<br>Les contenus auxquels l&rsquo;utilisateur peut acc\u00e9der via des liens non autoris\u00e9s ou introduits par les utilisateurs via des commentaires ou des outils similaires.<br>L&rsquo;introduction de donn\u00e9es erron\u00e9es par l&rsquo;utilisateur ou un tiers.<br>Espai S&rsquo;Agar\u00f3 Imma Cruanyes Lozano peut suspendre temporairement et sans pr\u00e9avis l&rsquo;accessibilit\u00e9 au site Web en raison d&rsquo;op\u00e9rations de maintenance, de r\u00e9paration, de mise \u00e0 jour ou d&rsquo;am\u00e9lioration. Toutefois, lorsque les circonstances le permettent,&nbsp;<span style=\"font-family: Roboto, sans-serif; font-size: 14px; font-style: normal; font-variant-ligatures: normal; font-variant-caps: normal; font-weight: 400;\">Espai S&rsquo;Agar\u00f3 Imma Cruanyes Lozano&nbsp;<\/span>informera l&rsquo;utilisateur, suffisamment \u00e0 l&rsquo;avance, de la date pr\u00e9vue pour la suspension du contenu.<br>De m\u00eame, conform\u00e9ment aux art. 11 et 16 de la loi 34\/2002 du 11 juillet sur les services de la soci\u00e9t\u00e9 de l&rsquo;information et du commerce \u00e9lectronique, Espai S&rsquo;Agar\u00f3 Imma Cruanyes Lozano s&rsquo;engage \u00e0 l&rsquo;\u00e9limination ou, dans son cas, au blocage des contenus qui pourraient affecter ou \u00eatre contraires \u00e0 la l\u00e9gislation en vigueur, aux droits des tiers ou aux bonnes m\u0153urs et \u00e0 l&rsquo;ordre public.<\/p>\n<p>Cookies<\/p>\n<p>Espai S&rsquo;Agar\u00f3 Imma Cruanyes Lozano utilise des cookies, afin d&rsquo;optimiser et de personnaliser votre navigation sur le site Web. Les cookies sont des fichiers physiques d&rsquo;informations qui sont stock\u00e9s sur le terminal de l&rsquo;utilisateur lui-m\u00eame, les informations collect\u00e9es via les cookies servent \u00e0 faciliter la navigation de l&rsquo;utilisateur sur le portail et \u00e0 optimiser l&rsquo;exp\u00e9rience de navigation. Les donn\u00e9es collect\u00e9es via les cookies peuvent \u00eatre partag\u00e9es avec les cr\u00e9ateurs de ceux-ci, mais en aucun cas les informations obtenues par ceux-ci ne seront associ\u00e9es \u00e0 des donn\u00e9es personnelles ou \u00e0 des donn\u00e9es permettant d&rsquo;identifier l&rsquo;utilisateur.<br>Toutefois, si l&rsquo;utilisateur ne souhaite pas que des cookies soient install\u00e9s sur son disque dur, il a la possibilit\u00e9 de configurer son navigateur de mani\u00e8re \u00e0 emp\u00eacher l&rsquo;installation de ces fichiers. Pour plus d\u2019informations, consultez notre politique en mati\u00e8re de cookies institutbadal.com\/cookies.<\/p>\n<p>Liens<\/p>\n<p>La pr\u00e9sence de liens (liens) sur le site Internet de Espai S&rsquo;Agar\u00f3 Imma Cruanyes Lozano vers d&rsquo;autres sites Internet est \u00e0 titre informatif uniquement et ne constitue en aucun cas une suggestion, une invitation ou une recommandation \u00e0 leur sujet. Espai S&rsquo;Agar\u00f3 Imma Cruanyes Lozano n&rsquo;assumera aucune responsabilit\u00e9 quant au contenu d&rsquo;un lien appartenant \u00e0 un site Web tiers, ni n&rsquo;en garantira la fiabilit\u00e9, l&rsquo;exactitude, l&rsquo;\u00e9tendue, la v\u00e9racit\u00e9, la validit\u00e9 et la disponibilit\u00e9 technique.<br>Dans le cas o\u00f9 des liens vers le site Web de Espai S&rsquo;Agar\u00f3 Imma Cruanyes Lozano sont \u00e9tablis sur d&rsquo;autres sites Web, il ne sera pas entendu que Espai S&rsquo;Agar\u00f3 Imma Cruanyes Lozano a autoris\u00e9 le lien ou le contenu du site Web dans ce que contient le lien, Les contenus inappropri\u00e9s, diffamatoires, ill\u00e9gaux, obsc\u00e8nes ou illicites, ou tout autre contenu contraire \u00e0 la loi en vigueur, ne peuvent pas \u00eatre inclus sur la page de liens.<br>Espai S&rsquo;Agar\u00f3 Imma Cruanyes Lozano se r\u00e9serve le droit de contacter le propri\u00e9taire du site Web sur lequel le lien est \u00e9tabli s&rsquo;il estime qu&rsquo;il y a eu violation de la r\u00e9glementation, ainsi que d&rsquo;entreprendre les actions judiciaires et extrajudiciaires correspondantes.<\/p>\n<p>Modification des conditions<\/p>\n<p>Espai S&rsquo;Agar\u00f3 Imma Cruanyes Lozano se r\u00e9serve express\u00e9ment le droit de modifier unilat\u00e9ralement, en tout ou en partie, sans pr\u00e9avis, le pr\u00e9sent avis juridique. L&rsquo;utilisateur reconna\u00eet et accepte qu&rsquo;il est de sa responsabilit\u00e9 de consulter p\u00e9riodiquement les pr\u00e9sentes mentions l\u00e9gales.<\/p>\t\t\t\t\t\t\t\t<\/div>\n\t\t\t\t\t<\/div>\n\t\t\t\t<\/div>\n\t\t\t\t<\/div>\n\t\t","protected":false},"excerpt":{"rendered":"<p>AVERTISSEMENT JURIDIQUE Conform\u00e9ment au devoir d&rsquo;information contenu dans l&rsquo;article 10 de la loi 34\/2002 du 11 juillet relative aux services d&rsquo;information et au commerce \u00e9lectronique, nous vous informons que le site Web et le portail Internet institutbadal.com (ci-apr\u00e8s, le \u00ab Web \u00bb) sont propri\u00e9t\u00e9 de Espai S&rsquo;Agar\u00f3 Imma Cruanyes Lozano, dont le si\u00e8ge social est [&hellip;]<\/p>\n","protected":false},"author":2,"featured_media":0,"parent":0,"menu_order":0,"comment_status":"closed","ping_status":"closed","template":"elementor_header_footer","meta":{"footnotes":""},"class_list":["post-5207","page","type-page","status-publish","hentry","entry","owp-thumbs-layout-horizontal","owp-btn-normal","owp-tabs-layout-horizontal","has-no-thumbnails","has-product-nav"],"yoast_head":"<!-- This site is optimized with the Yoast SEO Premium plugin v26.4 (Yoast SEO v27.3) - https:\/\/yoast.com\/product\/yoast-seo-premium-wordpress\/ -->\n<title>avertissement juridique - Espai S&#039;Agar\u00f3<\/title>\n<meta name=\"robots\" content=\"index, follow, max-snippet:-1, max-image-preview:large, max-video-preview:-1\" \/>\n<link rel=\"canonical\" href=\"https:\/\/espaisagaro.com\/fr\/avertissement-juridique\/\" \/>\n<meta property=\"og:locale\" content=\"fr_FR\" \/>\n<meta property=\"og:type\" content=\"article\" \/>\n<meta property=\"og:title\" content=\"avertissement juridique\" \/>\n<meta property=\"og:description\" content=\"AVERTISSEMENT JURIDIQUE Conform\u00e9ment au devoir d&rsquo;information contenu dans l&rsquo;article 10 de la loi 34\/2002 du 11 juillet relative aux services d&rsquo;information et au commerce \u00e9lectronique, nous vous informons que le site Web et le portail Internet institutbadal.com (ci-apr\u00e8s, le \u00ab Web \u00bb) sont propri\u00e9t\u00e9 de Espai S&rsquo;Agar\u00f3 Imma Cruanyes Lozano, dont le si\u00e8ge social est [&hellip;]\" \/>\n<meta property=\"og:url\" content=\"https:\/\/espaisagaro.com\/fr\/avertissement-juridique\/\" \/>\n<meta property=\"og:site_name\" content=\"Espai S&#039;Agar\u00f3\" \/>\n<meta property=\"article:modified_time\" content=\"2024-04-13T13:51:55+00:00\" \/>\n<meta name=\"twitter:card\" content=\"summary_large_image\" \/>\n<meta name=\"twitter:label1\" content=\"Dur\u00e9e de lecture estim\u00e9e\" \/>\n\t<meta name=\"twitter:data1\" content=\"8 minutes\" \/>\n<script type=\"application\/ld+json\" class=\"yoast-schema-graph\">{\"@context\":\"https:\\\/\\\/schema.org\",\"@graph\":[{\"@type\":\"WebPage\",\"@id\":\"https:\\\/\\\/espaisagaro.com\\\/fr\\\/avertissement-juridique\\\/\",\"url\":\"https:\\\/\\\/espaisagaro.com\\\/fr\\\/avertissement-juridique\\\/\",\"name\":\"avertissement juridique - Espai S&#039;Agar\u00f3\",\"isPartOf\":{\"@id\":\"https:\\\/\\\/espaisagaro.com\\\/fr\\\/#website\"},\"datePublished\":\"2023-06-09T10:47:14+00:00\",\"dateModified\":\"2024-04-13T13:51:55+00:00\",\"breadcrumb\":{\"@id\":\"https:\\\/\\\/espaisagaro.com\\\/fr\\\/avertissement-juridique\\\/#breadcrumb\"},\"inLanguage\":\"fr-FR\",\"potentialAction\":[{\"@type\":\"ReadAction\",\"target\":[\"https:\\\/\\\/espaisagaro.com\\\/fr\\\/avertissement-juridique\\\/\"]}]},{\"@type\":\"BreadcrumbList\",\"@id\":\"https:\\\/\\\/espaisagaro.com\\\/fr\\\/avertissement-juridique\\\/#breadcrumb\",\"itemListElement\":[{\"@type\":\"ListItem\",\"position\":1,\"name\":\"Home\",\"item\":\"https:\\\/\\\/espaisagaro.com\\\/fr\\\/\"},{\"@type\":\"ListItem\",\"position\":2,\"name\":\"avertissement juridique\"}]},{\"@type\":\"WebSite\",\"@id\":\"https:\\\/\\\/espaisagaro.com\\\/fr\\\/#website\",\"url\":\"https:\\\/\\\/espaisagaro.com\\\/fr\\\/\",\"name\":\"Espai S'Agar\u00f3\",\"description\":\"Location touristique d'appartements au coeur de la Costa Brava\",\"publisher\":{\"@id\":\"https:\\\/\\\/espaisagaro.com\\\/fr\\\/#organization\"},\"alternateName\":\"espaisagaro\",\"potentialAction\":[{\"@type\":\"SearchAction\",\"target\":{\"@type\":\"EntryPoint\",\"urlTemplate\":\"https:\\\/\\\/espaisagaro.com\\\/fr\\\/?s={search_term_string}\"},\"query-input\":{\"@type\":\"PropertyValueSpecification\",\"valueRequired\":true,\"valueName\":\"search_term_string\"}}],\"inLanguage\":\"fr-FR\"},{\"@type\":\"Organization\",\"@id\":\"https:\\\/\\\/espaisagaro.com\\\/fr\\\/#organization\",\"name\":\"Espai S'Agar\u00f3\",\"url\":\"https:\\\/\\\/espaisagaro.com\\\/fr\\\/\",\"logo\":{\"@type\":\"ImageObject\",\"inLanguage\":\"fr-FR\",\"@id\":\"https:\\\/\\\/espaisagaro.com\\\/fr\\\/#\\\/schema\\\/logo\\\/image\\\/\",\"url\":\"https:\\\/\\\/espaisagaro.com\\\/wp-content\\\/uploads\\\/espai.png\",\"contentUrl\":\"https:\\\/\\\/espaisagaro.com\\\/wp-content\\\/uploads\\\/espai.png\",\"width\":166,\"height\":165,\"caption\":\"Espai S'Agar\u00f3\"},\"image\":{\"@id\":\"https:\\\/\\\/espaisagaro.com\\\/fr\\\/#\\\/schema\\\/logo\\\/image\\\/\"}}]}<\/script>\n<!-- \/ Yoast SEO Premium plugin. -->","yoast_head_json":{"title":"avertissement juridique - Espai S&#039;Agar\u00f3","robots":{"index":"index","follow":"follow","max-snippet":"max-snippet:-1","max-image-preview":"max-image-preview:large","max-video-preview":"max-video-preview:-1"},"canonical":"https:\/\/espaisagaro.com\/fr\/avertissement-juridique\/","og_locale":"fr_FR","og_type":"article","og_title":"avertissement juridique","og_description":"AVERTISSEMENT JURIDIQUE Conform\u00e9ment au devoir d&rsquo;information contenu dans l&rsquo;article 10 de la loi 34\/2002 du 11 juillet relative aux services d&rsquo;information et au commerce \u00e9lectronique, nous vous informons que le site Web et le portail Internet institutbadal.com (ci-apr\u00e8s, le \u00ab Web \u00bb) sont propri\u00e9t\u00e9 de Espai S&rsquo;Agar\u00f3 Imma Cruanyes Lozano, dont le si\u00e8ge social est [&hellip;]","og_url":"https:\/\/espaisagaro.com\/fr\/avertissement-juridique\/","og_site_name":"Espai S&#039;Agar\u00f3","article_modified_time":"2024-04-13T13:51:55+00:00","twitter_card":"summary_large_image","twitter_misc":{"Dur\u00e9e de lecture estim\u00e9e":"8 minutes"},"schema":{"@context":"https:\/\/schema.org","@graph":[{"@type":"WebPage","@id":"https:\/\/espaisagaro.com\/fr\/avertissement-juridique\/","url":"https:\/\/espaisagaro.com\/fr\/avertissement-juridique\/","name":"avertissement juridique - Espai S&#039;Agar\u00f3","isPartOf":{"@id":"https:\/\/espaisagaro.com\/fr\/#website"},"datePublished":"2023-06-09T10:47:14+00:00","dateModified":"2024-04-13T13:51:55+00:00","breadcrumb":{"@id":"https:\/\/espaisagaro.com\/fr\/avertissement-juridique\/#breadcrumb"},"inLanguage":"fr-FR","potentialAction":[{"@type":"ReadAction","target":["https:\/\/espaisagaro.com\/fr\/avertissement-juridique\/"]}]},{"@type":"BreadcrumbList","@id":"https:\/\/espaisagaro.com\/fr\/avertissement-juridique\/#breadcrumb","itemListElement":[{"@type":"ListItem","position":1,"name":"Home","item":"https:\/\/espaisagaro.com\/fr\/"},{"@type":"ListItem","position":2,"name":"avertissement juridique"}]},{"@type":"WebSite","@id":"https:\/\/espaisagaro.com\/fr\/#website","url":"https:\/\/espaisagaro.com\/fr\/","name":"Espai S'Agar\u00f3","description":"Location touristique d'appartements au coeur de la Costa Brava","publisher":{"@id":"https:\/\/espaisagaro.com\/fr\/#organization"},"alternateName":"espaisagaro","potentialAction":[{"@type":"SearchAction","target":{"@type":"EntryPoint","urlTemplate":"https:\/\/espaisagaro.com\/fr\/?s={search_term_string}"},"query-input":{"@type":"PropertyValueSpecification","valueRequired":true,"valueName":"search_term_string"}}],"inLanguage":"fr-FR"},{"@type":"Organization","@id":"https:\/\/espaisagaro.com\/fr\/#organization","name":"Espai S'Agar\u00f3","url":"https:\/\/espaisagaro.com\/fr\/","logo":{"@type":"ImageObject","inLanguage":"fr-FR","@id":"https:\/\/espaisagaro.com\/fr\/#\/schema\/logo\/image\/","url":"https:\/\/espaisagaro.com\/wp-content\/uploads\/espai.png","contentUrl":"https:\/\/espaisagaro.com\/wp-content\/uploads\/espai.png","width":166,"height":165,"caption":"Espai S'Agar\u00f3"},"image":{"@id":"https:\/\/espaisagaro.com\/fr\/#\/schema\/logo\/image\/"}}]}},"_links":{"self":[{"href":"https:\/\/espaisagaro.com\/fr\/wp-json\/wp\/v2\/pages\/5207","targetHints":{"allow":["GET"]}}],"collection":[{"href":"https:\/\/espaisagaro.com\/fr\/wp-json\/wp\/v2\/pages"}],"about":[{"href":"https:\/\/espaisagaro.com\/fr\/wp-json\/wp\/v2\/types\/page"}],"author":[{"embeddable":true,"href":"https:\/\/espaisagaro.com\/fr\/wp-json\/wp\/v2\/users\/2"}],"replies":[{"embeddable":true,"href":"https:\/\/espaisagaro.com\/fr\/wp-json\/wp\/v2\/comments?post=5207"}],"version-history":[{"count":3,"href":"https:\/\/espaisagaro.com\/fr\/wp-json\/wp\/v2\/pages\/5207\/revisions"}],"predecessor-version":[{"id":5210,"href":"https:\/\/espaisagaro.com\/fr\/wp-json\/wp\/v2\/pages\/5207\/revisions\/5210"}],"wp:attachment":[{"href":"https:\/\/espaisagaro.com\/fr\/wp-json\/wp\/v2\/media?parent=5207"}],"curies":[{"name":"wp","href":"https:\/\/api.w.org\/{rel}","templated":true}]}}