{"id":5271,"date":"2023-05-08T15:32:02","date_gmt":"2023-05-08T15:32:02","guid":{"rendered":"https:\/\/espaisagaro.com\/conditions-generales-de-location\/"},"modified":"2024-06-26T17:16:18","modified_gmt":"2024-06-26T17:16:18","slug":"conditions-generales-de-location","status":"publish","type":"page","link":"https:\/\/espaisagaro.com\/fr\/conditions-generales-de-location\/","title":{"rendered":"CONDITIONS GENERALES DE LOCATION"},"content":{"rendered":"\t\t<div data-elementor-type=\"wp-page\" data-elementor-id=\"5271\" class=\"elementor elementor-5271 elementor-433\" data-elementor-post-type=\"page\">\n\t\t\t\t<div class=\"elementor-element elementor-element-4607861 e-flex e-con-boxed e-con e-parent\" data-id=\"4607861\" data-element_type=\"container\" data-e-type=\"container\">\n\t\t\t\t\t<div class=\"e-con-inner\">\n\t\t\t\t<div class=\"elementor-element elementor-element-76c6c35 elementor-widget elementor-widget-spacer\" data-id=\"76c6c35\" data-element_type=\"widget\" data-e-type=\"widget\" data-widget_type=\"spacer.default\">\n\t\t\t\t\t\t\t<div class=\"elementor-spacer\">\n\t\t\t<div class=\"elementor-spacer-inner\"><\/div>\n\t\t<\/div>\n\t\t\t\t\t\t<\/div>\n\t\t\t\t<div class=\"elementor-element elementor-element-4030981 elementor-widget elementor-widget-text-editor\" data-id=\"4030981\" data-element_type=\"widget\" data-e-type=\"widget\" data-widget_type=\"text-editor.default\">\n\t\t\t\t\t\t\t\t\t<p><strong><span style=\"color: #a6976d;\">CONDITIONS GENERALES DE LOCATION<\/span><\/strong><\/p>\n<p><span style=\"font-size: 20px; text-align: var(--text-align);\">Pour donner une r\u00e9servation comme confirm\u00e9e et ferme, il faut payer 40% du total de celle-ci.<\/span><\/p>\n<p>Le d\u00e9lai maximum pour confirmer la r\u00e9servation est de 10 jours \u00e0 compter de la r\u00e9ception par le client de l&rsquo;e-mail de pr\u00e9-r\u00e9servation. Si dans ce d\u00e9lai le client n&rsquo;a pas pay\u00e9, la r\u00e9servation sera automatiquement annul\u00e9e.<br \/>D\u00e8s r\u00e9ception du paiement et du signal, le client recevra une confirmation par e-mail avec le re\u00e7u de paiement correspondant.<br \/>Le paiement du solde est factur\u00e9 par d\u00e9faut et automatiquement la veille de l&rsquo;arriv\u00e9e, si le client pr\u00e9f\u00e8re payer le jour de l&rsquo;arriv\u00e9e, il peut le faire en esp\u00e8ces. Les cl\u00e9s ne seront pas remises sans le paiement int\u00e9gral de la r\u00e9servation.<br \/>Quelques jours avant l&rsquo;arriv\u00e9e, un e-mail est envoy\u00e9 demandant les donn\u00e9es pour pouvoir enregistrer les invit\u00e9s. Dans le cas contraire avant l&rsquo;entr\u00e9e, il est n\u00e9cessaire de pr\u00e9senter le DNI ou le passeport de toutes les personnes s\u00e9journant le jour de l&rsquo;arriv\u00e9e.<br \/>Le prix de la location comprend la consommation raisonnable et non abusive d&rsquo;eau, d&rsquo;\u00e9lectricit\u00e9, de gaz et du Wi-Fi. Espai S&rsquo;Agar\u00f3 et la propri\u00e9t\u00e9 ne sont pas responsables des probl\u00e8mes de fournitures imputables aux soci\u00e9t\u00e9s de gestion ou \u00e0 d&rsquo;autres personnes ind\u00e9pendantes de leur responsabilit\u00e9.<br \/>Le prix de location comprend le linge de lit et les serviettes. Si les clients souhaitent des v\u00eatements de rechange suppl\u00e9mentaires, ils doivent payer 15 euros par personne.<br \/>Veuillez noter qu&rsquo;au moment du r\u00e8glement du solde, vous devrez vous acquitter de la taxe de s\u00e9jour correspondante : 1 \u20ac par personne et par nuit pour un maximum de 7 nuits (\u00e0 partir de 16 ans).<br \/>Le m\u00e9nage final est inclus dans le prix de la location, vous devez cependant laisser le logement propre et rang\u00e9,<br \/>Le nombre de personnes autoris\u00e9es \u00e0 s\u00e9journer doit \u00eatre le m\u00eame que celui convenu lors de la r\u00e9servation.<br \/>Les animaux sont admis avec autorisation pr\u00e9alable et avec un suppl\u00e9ment de 35 \u20ac par animal.<\/p>\n<p><strong><span style=\"color: #a6976d;\">HEURE D&rsquo;ARRIV\u00c9E<\/span><\/strong><br \/>L&rsquo;heure d&rsquo;arriv\u00e9e est \u00e0 partir de 16h. La remise des cl\u00e9s s&rsquo;effectuera \u00e0 l&rsquo;Espai S&rsquo;Agar\u00f3, \u00e0 moins que quelque chose de diff\u00e9rent n&rsquo;ait \u00e9t\u00e9 convenu au pr\u00e9alable.<\/p>\n<p><strong><span style=\"color: #a6976d;\">HEURE DE D\u00c9PART<\/span><\/strong><br \/>Les d\u00e9parts ont lieu au plus tard \u00e0 10h. Les cl\u00e9s sont laiss\u00e9es dans la bo\u00eete de l&rsquo;Espai S&rsquo;Agar\u00f3.<\/p>\n<p><strong><span style=\"color: #a6976d;\">D\u00c9P\u00d4T DE GARANTIE<\/span><\/strong><br \/>La caution varie entre 200 \u20ac et 400 \u20ac selon les logements. Dans les paiements par carte, le montant est retenu \u00e0 titre de d\u00e9p\u00f4t de garantie et sera restitu\u00e9 automatiquement 4 jours apr\u00e8s celui-ci (d\u00e9lai pendant lequel l&rsquo;agence v\u00e9rifie l&rsquo;\u00e9tat du logement et le respect de la r\u00e9glementation pendant le s\u00e9jour.) Dans les autres modes de paiement il doit \u00eatre pay\u00e9 \u00e0 l&rsquo;arriv\u00e9e.<br \/>La restitution int\u00e9grale de la caution sera effectu\u00e9e sous r\u00e9serve que le logement soit restitu\u00e9 dans les m\u00eames conditions que l&rsquo;entr\u00e9e, le r\u00e8glement g\u00e9n\u00e9ral et sp\u00e9cifique de chaque communaut\u00e9 ayant \u00e9t\u00e9 respect\u00e9.<\/p>\n<p><strong><span style=\"color: #a6976d;\">POLITIQUE D&rsquo;ANNULATION<br \/><\/span><\/strong>Es pot cancel\u00b7lar amb dret a devoluci\u00f3 de la paga i senyal fins 30 dies abans de l\u2019arribada, a excepci\u00f3 de les despeses de cancel\u00b7laci\u00f3 (2% del pagament realitzat).<br \/>Si l&rsquo;annulation intervient entre 30 et 15 jours avant l&rsquo;arriv\u00e9e, 50% du r\u00e8glement et des arrhes sont retenus, et en cas d&rsquo;annulation 15 jours avant l&rsquo;arriv\u00e9e, aucun remboursement ne sera effectu\u00e9 du r\u00e8glement et de la signature.<\/p>\n<p><strong><span style=\"color: #a6976d;\">R\u00c8GLEMENT G\u00c9N\u00c9RAL<br \/><\/span><\/strong>Interdiction de fumer \u00e0 l&rsquo;int\u00e9rieur du logement.<br \/>Dans les h\u00e9bergements acceptant les animaux, il est essentiel qu&rsquo;ils ne causent pas de dommages au mobilier et ne g\u00eanent pas le voisinage. Espai S&rsquo;Agar\u00f3 fournira des housses ou des plaids suppl\u00e9mentaires pour le canap\u00e9. En cas de dommages hypoth\u00e9tiques, la r\u00e9paration sera \u00e0 la charge du locataire.<br \/>Les logements int\u00e9gr\u00e9s dans une communaut\u00e9 de voisins seront r\u00e9gis par leur r\u00e8glement int\u00e9rieur ou statuts communautaires.<br \/>Au moment du d\u00e9part, le logement doit \u00eatre laiss\u00e9 dans le m\u00eame \u00e9tat dans lequel il a \u00e9t\u00e9 trouv\u00e9, apr\u00e8s avoir jet\u00e9 les d\u00e9chets g\u00e9n\u00e9r\u00e9s et collect\u00e9 la cuisine, sans laver les ustensiles. Le r\u00e9frig\u00e9rateur est vide, les lumi\u00e8res et les ventilateurs sont \u00e9teints et le linge de lit et les serviettes sont r\u00e9cup\u00e9r\u00e9s.<br \/>Il est n\u00e9cessaire de respecter le repos nocturne des voisins et de minimiser le bruit et le volume des conversations \u00e0 partir de 23 heures (dans les communaut\u00e9s qui ont leur propre r\u00e8glement int\u00e9rieur, vous devez suivre ce qu&rsquo;ils marquent).<\/p>\n<p><span style=\"color: #a6976d;\">Nous sommes tr\u00e8s attentifs et ravis que vous trouviez le logement dans des conditions optimales, nous souhaitons \u00e9galement que vous le traitiez avec soin et respect et que vous nous informiez si vous constatez une anomalie afin que nous puissions la r\u00e9soudre rapidement.<\/span><\/p>\n<p>La r\u00e9servation de l&rsquo;h\u00e9bergement implique l&rsquo;acceptation par le client des conditions et r\u00e8glements expos\u00e9s ci-dessus.<\/p>\n\t\t\t\t\t\t\t\t<\/div>\n\t\t\t\t\t<\/div>\n\t\t\t\t<\/div>\n\t\t\t\t<\/div>\n\t\t","protected":false},"excerpt":{"rendered":"<p>CONDITIONS GENERALES DE LOCATION Pour donner une r\u00e9servation comme confirm\u00e9e et ferme, il faut payer 40% du total de celle-ci. Le d\u00e9lai maximum pour confirmer la r\u00e9servation est de 10 jours \u00e0 compter de la r\u00e9ception par le client de l&rsquo;e-mail de pr\u00e9-r\u00e9servation. Si dans ce d\u00e9lai le client n&rsquo;a pas pay\u00e9, la r\u00e9servation sera [&hellip;]<\/p>\n","protected":false},"author":1,"featured_media":0,"parent":0,"menu_order":0,"comment_status":"closed","ping_status":"closed","template":"elementor_header_footer","meta":{"footnotes":""},"class_list":["post-5271","page","type-page","status-publish","hentry","entry","owp-thumbs-layout-horizontal","owp-btn-normal","owp-tabs-layout-horizontal","has-no-thumbnails","has-product-nav"],"yoast_head":"<!-- This site is optimized with the Yoast SEO Premium plugin v26.4 (Yoast SEO v27.3) - https:\/\/yoast.com\/product\/yoast-seo-premium-wordpress\/ -->\n<title>CONDITIONS GENERALES DE LOCATION - Espai S&#039;Agar\u00f3<\/title>\n<meta name=\"robots\" content=\"index, follow, max-snippet:-1, max-image-preview:large, max-video-preview:-1\" \/>\n<link rel=\"canonical\" href=\"https:\/\/espaisagaro.com\/fr\/conditions-generales-de-location\/\" \/>\n<meta property=\"og:locale\" content=\"fr_FR\" \/>\n<meta property=\"og:type\" content=\"article\" \/>\n<meta property=\"og:title\" content=\"CONDITIONS GENERALES DE LOCATION\" \/>\n<meta property=\"og:description\" content=\"CONDITIONS GENERALES DE LOCATION Pour donner une r\u00e9servation comme confirm\u00e9e et ferme, il faut payer 40% du total de celle-ci. Le d\u00e9lai maximum pour confirmer la r\u00e9servation est de 10 jours \u00e0 compter de la r\u00e9ception par le client de l&rsquo;e-mail de pr\u00e9-r\u00e9servation. Si dans ce d\u00e9lai le client n&rsquo;a pas pay\u00e9, la r\u00e9servation sera [&hellip;]\" \/>\n<meta property=\"og:url\" content=\"https:\/\/espaisagaro.com\/fr\/conditions-generales-de-location\/\" \/>\n<meta property=\"og:site_name\" content=\"Espai S&#039;Agar\u00f3\" \/>\n<meta property=\"article:modified_time\" content=\"2024-06-26T17:16:18+00:00\" \/>\n<meta name=\"twitter:card\" content=\"summary_large_image\" \/>\n<meta name=\"twitter:label1\" content=\"Dur\u00e9e de lecture estim\u00e9e\" \/>\n\t<meta name=\"twitter:data1\" content=\"4 minutes\" \/>\n<script type=\"application\/ld+json\" class=\"yoast-schema-graph\">{\"@context\":\"https:\\\/\\\/schema.org\",\"@graph\":[{\"@type\":\"WebPage\",\"@id\":\"https:\\\/\\\/espaisagaro.com\\\/fr\\\/conditions-generales-de-location\\\/\",\"url\":\"https:\\\/\\\/espaisagaro.com\\\/fr\\\/conditions-generales-de-location\\\/\",\"name\":\"CONDITIONS GENERALES DE LOCATION - Espai S&#039;Agar\u00f3\",\"isPartOf\":{\"@id\":\"https:\\\/\\\/espaisagaro.com\\\/fr\\\/#website\"},\"datePublished\":\"2023-05-08T15:32:02+00:00\",\"dateModified\":\"2024-06-26T17:16:18+00:00\",\"breadcrumb\":{\"@id\":\"https:\\\/\\\/espaisagaro.com\\\/fr\\\/conditions-generales-de-location\\\/#breadcrumb\"},\"inLanguage\":\"fr-FR\",\"potentialAction\":[{\"@type\":\"ReadAction\",\"target\":[\"https:\\\/\\\/espaisagaro.com\\\/fr\\\/conditions-generales-de-location\\\/\"]}]},{\"@type\":\"BreadcrumbList\",\"@id\":\"https:\\\/\\\/espaisagaro.com\\\/fr\\\/conditions-generales-de-location\\\/#breadcrumb\",\"itemListElement\":[{\"@type\":\"ListItem\",\"position\":1,\"name\":\"Home\",\"item\":\"https:\\\/\\\/espaisagaro.com\\\/fr\\\/\"},{\"@type\":\"ListItem\",\"position\":2,\"name\":\"CONDITIONS GENERALES DE LOCATION\"}]},{\"@type\":\"WebSite\",\"@id\":\"https:\\\/\\\/espaisagaro.com\\\/fr\\\/#website\",\"url\":\"https:\\\/\\\/espaisagaro.com\\\/fr\\\/\",\"name\":\"Espai S'Agar\u00f3\",\"description\":\"Location touristique d'appartements au coeur de la Costa Brava\",\"publisher\":{\"@id\":\"https:\\\/\\\/espaisagaro.com\\\/fr\\\/#organization\"},\"alternateName\":\"espaisagaro\",\"potentialAction\":[{\"@type\":\"SearchAction\",\"target\":{\"@type\":\"EntryPoint\",\"urlTemplate\":\"https:\\\/\\\/espaisagaro.com\\\/fr\\\/?s={search_term_string}\"},\"query-input\":{\"@type\":\"PropertyValueSpecification\",\"valueRequired\":true,\"valueName\":\"search_term_string\"}}],\"inLanguage\":\"fr-FR\"},{\"@type\":\"Organization\",\"@id\":\"https:\\\/\\\/espaisagaro.com\\\/fr\\\/#organization\",\"name\":\"Espai S'Agar\u00f3\",\"url\":\"https:\\\/\\\/espaisagaro.com\\\/fr\\\/\",\"logo\":{\"@type\":\"ImageObject\",\"inLanguage\":\"fr-FR\",\"@id\":\"https:\\\/\\\/espaisagaro.com\\\/fr\\\/#\\\/schema\\\/logo\\\/image\\\/\",\"url\":\"https:\\\/\\\/espaisagaro.com\\\/wp-content\\\/uploads\\\/espai.png\",\"contentUrl\":\"https:\\\/\\\/espaisagaro.com\\\/wp-content\\\/uploads\\\/espai.png\",\"width\":166,\"height\":165,\"caption\":\"Espai S'Agar\u00f3\"},\"image\":{\"@id\":\"https:\\\/\\\/espaisagaro.com\\\/fr\\\/#\\\/schema\\\/logo\\\/image\\\/\"}}]}<\/script>\n<!-- \/ Yoast SEO Premium plugin. -->","yoast_head_json":{"title":"CONDITIONS GENERALES DE LOCATION - Espai S&#039;Agar\u00f3","robots":{"index":"index","follow":"follow","max-snippet":"max-snippet:-1","max-image-preview":"max-image-preview:large","max-video-preview":"max-video-preview:-1"},"canonical":"https:\/\/espaisagaro.com\/fr\/conditions-generales-de-location\/","og_locale":"fr_FR","og_type":"article","og_title":"CONDITIONS GENERALES DE LOCATION","og_description":"CONDITIONS GENERALES DE LOCATION Pour donner une r\u00e9servation comme confirm\u00e9e et ferme, il faut payer 40% du total de celle-ci. Le d\u00e9lai maximum pour confirmer la r\u00e9servation est de 10 jours \u00e0 compter de la r\u00e9ception par le client de l&rsquo;e-mail de pr\u00e9-r\u00e9servation. Si dans ce d\u00e9lai le client n&rsquo;a pas pay\u00e9, la r\u00e9servation sera [&hellip;]","og_url":"https:\/\/espaisagaro.com\/fr\/conditions-generales-de-location\/","og_site_name":"Espai S&#039;Agar\u00f3","article_modified_time":"2024-06-26T17:16:18+00:00","twitter_card":"summary_large_image","twitter_misc":{"Dur\u00e9e de lecture estim\u00e9e":"4 minutes"},"schema":{"@context":"https:\/\/schema.org","@graph":[{"@type":"WebPage","@id":"https:\/\/espaisagaro.com\/fr\/conditions-generales-de-location\/","url":"https:\/\/espaisagaro.com\/fr\/conditions-generales-de-location\/","name":"CONDITIONS GENERALES DE LOCATION - Espai S&#039;Agar\u00f3","isPartOf":{"@id":"https:\/\/espaisagaro.com\/fr\/#website"},"datePublished":"2023-05-08T15:32:02+00:00","dateModified":"2024-06-26T17:16:18+00:00","breadcrumb":{"@id":"https:\/\/espaisagaro.com\/fr\/conditions-generales-de-location\/#breadcrumb"},"inLanguage":"fr-FR","potentialAction":[{"@type":"ReadAction","target":["https:\/\/espaisagaro.com\/fr\/conditions-generales-de-location\/"]}]},{"@type":"BreadcrumbList","@id":"https:\/\/espaisagaro.com\/fr\/conditions-generales-de-location\/#breadcrumb","itemListElement":[{"@type":"ListItem","position":1,"name":"Home","item":"https:\/\/espaisagaro.com\/fr\/"},{"@type":"ListItem","position":2,"name":"CONDITIONS GENERALES DE LOCATION"}]},{"@type":"WebSite","@id":"https:\/\/espaisagaro.com\/fr\/#website","url":"https:\/\/espaisagaro.com\/fr\/","name":"Espai S'Agar\u00f3","description":"Location touristique d'appartements au coeur de la Costa Brava","publisher":{"@id":"https:\/\/espaisagaro.com\/fr\/#organization"},"alternateName":"espaisagaro","potentialAction":[{"@type":"SearchAction","target":{"@type":"EntryPoint","urlTemplate":"https:\/\/espaisagaro.com\/fr\/?s={search_term_string}"},"query-input":{"@type":"PropertyValueSpecification","valueRequired":true,"valueName":"search_term_string"}}],"inLanguage":"fr-FR"},{"@type":"Organization","@id":"https:\/\/espaisagaro.com\/fr\/#organization","name":"Espai S'Agar\u00f3","url":"https:\/\/espaisagaro.com\/fr\/","logo":{"@type":"ImageObject","inLanguage":"fr-FR","@id":"https:\/\/espaisagaro.com\/fr\/#\/schema\/logo\/image\/","url":"https:\/\/espaisagaro.com\/wp-content\/uploads\/espai.png","contentUrl":"https:\/\/espaisagaro.com\/wp-content\/uploads\/espai.png","width":166,"height":165,"caption":"Espai S'Agar\u00f3"},"image":{"@id":"https:\/\/espaisagaro.com\/fr\/#\/schema\/logo\/image\/"}}]}},"_links":{"self":[{"href":"https:\/\/espaisagaro.com\/fr\/wp-json\/wp\/v2\/pages\/5271","targetHints":{"allow":["GET"]}}],"collection":[{"href":"https:\/\/espaisagaro.com\/fr\/wp-json\/wp\/v2\/pages"}],"about":[{"href":"https:\/\/espaisagaro.com\/fr\/wp-json\/wp\/v2\/types\/page"}],"author":[{"embeddable":true,"href":"https:\/\/espaisagaro.com\/fr\/wp-json\/wp\/v2\/users\/1"}],"replies":[{"embeddable":true,"href":"https:\/\/espaisagaro.com\/fr\/wp-json\/wp\/v2\/comments?post=5271"}],"version-history":[{"count":2,"href":"https:\/\/espaisagaro.com\/fr\/wp-json\/wp\/v2\/pages\/5271\/revisions"}],"predecessor-version":[{"id":7780,"href":"https:\/\/espaisagaro.com\/fr\/wp-json\/wp\/v2\/pages\/5271\/revisions\/7780"}],"wp:attachment":[{"href":"https:\/\/espaisagaro.com\/fr\/wp-json\/wp\/v2\/media?parent=5271"}],"curies":[{"name":"wp","href":"https:\/\/api.w.org\/{rel}","templated":true}]}}