{"id":5303,"date":"2023-05-07T03:08:51","date_gmt":"2023-05-07T03:08:51","guid":{"rendered":"https:\/\/espaisagaro.com\/last-minute\/"},"modified":"2024-07-22T16:22:52","modified_gmt":"2024-07-22T16:22:52","slug":"faq","status":"publish","type":"page","link":"https:\/\/espaisagaro.com\/fr\/faq\/","title":{"rendered":"FAQ"},"content":{"rendered":"\t\t<div data-elementor-type=\"wp-page\" data-elementor-id=\"5303\" class=\"elementor elementor-5303 elementor-409\" data-elementor-post-type=\"page\">\n\t\t\t\t<div class=\"elementor-element elementor-element-1ed791a e-con-full e-flex e-con e-parent\" data-id=\"1ed791a\" data-element_type=\"container\" data-e-type=\"container\">\n\t\t\t\t<div class=\"elementor-element elementor-element-2df2bab elementor-widget elementor-widget-text-editor\" data-id=\"2df2bab\" data-element_type=\"widget\" data-e-type=\"widget\" data-widget_type=\"text-editor.default\">\n\t\t\t\t\t\t\t\t\tLouer \u00e0 S&rsquo;Agar\u00f3 Dormir sur la Costa Brava Appartement Platja d&rsquo;Aro Appartement acceptant les animaux S&rsquo;Agar\u00f3 Vacances \u00e0 S&rsquo;Agar\u00f3 Escapade Costa Brava H\u00e9bergement vue sur mer Appartement pr\u00e8s de la mer S&rsquo;Agar\u00f3 Appartements avec piscine S&rsquo;Agar\u00f3 Dormir au centre de S&rsquo;Agar\u00f3 Escapade \u00e0 S&rsquo;Agar\u00f3 Louer un appartement sur la Costa Brava Dormir pr\u00e8s de la plage S&rsquo;Agar\u00f3 H\u00e9bergement familial S&rsquo;Agar\u00f3 Appartement confortable S&rsquo;Agar\u00f3 Appartement dans un quartier calme S&rsquo;Agar\u00f3 Dormir \u00e0 Platja d&rsquo;Aro Vacances sur la Costa Brava Dormir \u00e0 S&rsquo;Agar\u00f3 avec des enfants Appartement vue sur mer Louer un appartement de vacances S&rsquo;Agar\u00f3 Location d&rsquo;appartement familial Costa Brava Escapade \u00e0 Platja d&rsquo;Aro Appartement avec terrasse S&rsquo;Agar\u00f3 Dormir pr\u00e8s de G\u00e9rone Appartement en premi\u00e8re ligne de mer S&rsquo;Agar\u00f3 Location de vacances Platja d&rsquo;Aro Appartement pr\u00e8s des sentiers Costa Brava Location \u00e0 la journ\u00e9e S&rsquo;Agar\u00f3 Louer un appartement Platja d&rsquo;Aro \n\t\t\t\t\t\t\t\t<\/div>\n\t\t\t\t<\/div>\n\t\t\t\t<\/div>\n\t\t","protected":false},"excerpt":{"rendered":"<p>Louer \u00e0 S&rsquo;Agar\u00f3 Dormir sur la Costa Brava Appartement Platja d&rsquo;Aro Appartement acceptant les animaux S&rsquo;Agar\u00f3 Vacances \u00e0 S&rsquo;Agar\u00f3 Escapade Costa Brava H\u00e9bergement vue sur mer Appartement pr\u00e8s de la mer S&rsquo;Agar\u00f3 Appartements avec piscine S&rsquo;Agar\u00f3 Dormir au centre de S&rsquo;Agar\u00f3 Escapade \u00e0 S&rsquo;Agar\u00f3 Louer un appartement sur la Costa Brava Dormir pr\u00e8s de la [&hellip;]<\/p>\n","protected":false},"author":1,"featured_media":0,"parent":0,"menu_order":0,"comment_status":"closed","ping_status":"closed","template":"","meta":{"footnotes":""},"class_list":["post-5303","page","type-page","status-publish","hentry","entry","owp-thumbs-layout-horizontal","owp-btn-normal","owp-tabs-layout-horizontal","has-no-thumbnails","has-product-nav"],"yoast_head":"<!-- This site is optimized with the Yoast SEO Premium plugin v26.4 (Yoast SEO v27.3) - https:\/\/yoast.com\/product\/yoast-seo-premium-wordpress\/ -->\n<title>FAQ - Espai S&#039;Agar\u00f3<\/title>\n<meta name=\"robots\" content=\"index, follow, max-snippet:-1, max-image-preview:large, max-video-preview:-1\" \/>\n<link rel=\"canonical\" href=\"https:\/\/espaisagaro.com\/fr\/faq\/\" \/>\n<meta property=\"og:locale\" content=\"fr_FR\" \/>\n<meta property=\"og:type\" content=\"article\" \/>\n<meta property=\"og:title\" content=\"FAQ\" \/>\n<meta property=\"og:description\" content=\"Louer \u00e0 S&rsquo;Agar\u00f3 Dormir sur la Costa Brava Appartement Platja d&rsquo;Aro Appartement acceptant les animaux S&rsquo;Agar\u00f3 Vacances \u00e0 S&rsquo;Agar\u00f3 Escapade Costa Brava H\u00e9bergement vue sur mer Appartement pr\u00e8s de la mer S&rsquo;Agar\u00f3 Appartements avec piscine S&rsquo;Agar\u00f3 Dormir au centre de S&rsquo;Agar\u00f3 Escapade \u00e0 S&rsquo;Agar\u00f3 Louer un appartement sur la Costa Brava Dormir pr\u00e8s de la [&hellip;]\" \/>\n<meta property=\"og:url\" content=\"https:\/\/espaisagaro.com\/fr\/faq\/\" \/>\n<meta property=\"og:site_name\" content=\"Espai S&#039;Agar\u00f3\" \/>\n<meta property=\"article:modified_time\" content=\"2024-07-22T16:22:52+00:00\" \/>\n<meta name=\"twitter:card\" content=\"summary_large_image\" \/>\n<meta name=\"twitter:label1\" content=\"Dur\u00e9e de lecture estim\u00e9e\" \/>\n\t<meta name=\"twitter:data1\" content=\"1 minute\" \/>\n<script type=\"application\/ld+json\" class=\"yoast-schema-graph\">{\"@context\":\"https:\\\/\\\/schema.org\",\"@graph\":[{\"@type\":\"WebPage\",\"@id\":\"https:\\\/\\\/espaisagaro.com\\\/fr\\\/faq\\\/\",\"url\":\"https:\\\/\\\/espaisagaro.com\\\/fr\\\/faq\\\/\",\"name\":\"FAQ - Espai S&#039;Agar\u00f3\",\"isPartOf\":{\"@id\":\"https:\\\/\\\/espaisagaro.com\\\/fr\\\/#website\"},\"datePublished\":\"2023-05-07T03:08:51+00:00\",\"dateModified\":\"2024-07-22T16:22:52+00:00\",\"breadcrumb\":{\"@id\":\"https:\\\/\\\/espaisagaro.com\\\/fr\\\/faq\\\/#breadcrumb\"},\"inLanguage\":\"fr-FR\",\"potentialAction\":[{\"@type\":\"ReadAction\",\"target\":[\"https:\\\/\\\/espaisagaro.com\\\/fr\\\/faq\\\/\"]}]},{\"@type\":\"BreadcrumbList\",\"@id\":\"https:\\\/\\\/espaisagaro.com\\\/fr\\\/faq\\\/#breadcrumb\",\"itemListElement\":[{\"@type\":\"ListItem\",\"position\":1,\"name\":\"Home\",\"item\":\"https:\\\/\\\/espaisagaro.com\\\/fr\\\/\"},{\"@type\":\"ListItem\",\"position\":2,\"name\":\"FAQ\"}]},{\"@type\":\"WebSite\",\"@id\":\"https:\\\/\\\/espaisagaro.com\\\/fr\\\/#website\",\"url\":\"https:\\\/\\\/espaisagaro.com\\\/fr\\\/\",\"name\":\"Espai S'Agar\u00f3\",\"description\":\"Location touristique d'appartements au coeur de la Costa Brava\",\"publisher\":{\"@id\":\"https:\\\/\\\/espaisagaro.com\\\/fr\\\/#organization\"},\"alternateName\":\"espaisagaro\",\"potentialAction\":[{\"@type\":\"SearchAction\",\"target\":{\"@type\":\"EntryPoint\",\"urlTemplate\":\"https:\\\/\\\/espaisagaro.com\\\/fr\\\/?s={search_term_string}\"},\"query-input\":{\"@type\":\"PropertyValueSpecification\",\"valueRequired\":true,\"valueName\":\"search_term_string\"}}],\"inLanguage\":\"fr-FR\"},{\"@type\":\"Organization\",\"@id\":\"https:\\\/\\\/espaisagaro.com\\\/fr\\\/#organization\",\"name\":\"Espai S'Agar\u00f3\",\"url\":\"https:\\\/\\\/espaisagaro.com\\\/fr\\\/\",\"logo\":{\"@type\":\"ImageObject\",\"inLanguage\":\"fr-FR\",\"@id\":\"https:\\\/\\\/espaisagaro.com\\\/fr\\\/#\\\/schema\\\/logo\\\/image\\\/\",\"url\":\"https:\\\/\\\/espaisagaro.com\\\/wp-content\\\/uploads\\\/espai.png\",\"contentUrl\":\"https:\\\/\\\/espaisagaro.com\\\/wp-content\\\/uploads\\\/espai.png\",\"width\":166,\"height\":165,\"caption\":\"Espai S'Agar\u00f3\"},\"image\":{\"@id\":\"https:\\\/\\\/espaisagaro.com\\\/fr\\\/#\\\/schema\\\/logo\\\/image\\\/\"}}]}<\/script>\n<!-- \/ Yoast SEO Premium plugin. -->","yoast_head_json":{"title":"FAQ - Espai S&#039;Agar\u00f3","robots":{"index":"index","follow":"follow","max-snippet":"max-snippet:-1","max-image-preview":"max-image-preview:large","max-video-preview":"max-video-preview:-1"},"canonical":"https:\/\/espaisagaro.com\/fr\/faq\/","og_locale":"fr_FR","og_type":"article","og_title":"FAQ","og_description":"Louer \u00e0 S&rsquo;Agar\u00f3 Dormir sur la Costa Brava Appartement Platja d&rsquo;Aro Appartement acceptant les animaux S&rsquo;Agar\u00f3 Vacances \u00e0 S&rsquo;Agar\u00f3 Escapade Costa Brava H\u00e9bergement vue sur mer Appartement pr\u00e8s de la mer S&rsquo;Agar\u00f3 Appartements avec piscine S&rsquo;Agar\u00f3 Dormir au centre de S&rsquo;Agar\u00f3 Escapade \u00e0 S&rsquo;Agar\u00f3 Louer un appartement sur la Costa Brava Dormir pr\u00e8s de la [&hellip;]","og_url":"https:\/\/espaisagaro.com\/fr\/faq\/","og_site_name":"Espai S&#039;Agar\u00f3","article_modified_time":"2024-07-22T16:22:52+00:00","twitter_card":"summary_large_image","twitter_misc":{"Dur\u00e9e de lecture estim\u00e9e":"1 minute"},"schema":{"@context":"https:\/\/schema.org","@graph":[{"@type":"WebPage","@id":"https:\/\/espaisagaro.com\/fr\/faq\/","url":"https:\/\/espaisagaro.com\/fr\/faq\/","name":"FAQ - Espai S&#039;Agar\u00f3","isPartOf":{"@id":"https:\/\/espaisagaro.com\/fr\/#website"},"datePublished":"2023-05-07T03:08:51+00:00","dateModified":"2024-07-22T16:22:52+00:00","breadcrumb":{"@id":"https:\/\/espaisagaro.com\/fr\/faq\/#breadcrumb"},"inLanguage":"fr-FR","potentialAction":[{"@type":"ReadAction","target":["https:\/\/espaisagaro.com\/fr\/faq\/"]}]},{"@type":"BreadcrumbList","@id":"https:\/\/espaisagaro.com\/fr\/faq\/#breadcrumb","itemListElement":[{"@type":"ListItem","position":1,"name":"Home","item":"https:\/\/espaisagaro.com\/fr\/"},{"@type":"ListItem","position":2,"name":"FAQ"}]},{"@type":"WebSite","@id":"https:\/\/espaisagaro.com\/fr\/#website","url":"https:\/\/espaisagaro.com\/fr\/","name":"Espai S'Agar\u00f3","description":"Location touristique d'appartements au coeur de la Costa Brava","publisher":{"@id":"https:\/\/espaisagaro.com\/fr\/#organization"},"alternateName":"espaisagaro","potentialAction":[{"@type":"SearchAction","target":{"@type":"EntryPoint","urlTemplate":"https:\/\/espaisagaro.com\/fr\/?s={search_term_string}"},"query-input":{"@type":"PropertyValueSpecification","valueRequired":true,"valueName":"search_term_string"}}],"inLanguage":"fr-FR"},{"@type":"Organization","@id":"https:\/\/espaisagaro.com\/fr\/#organization","name":"Espai S'Agar\u00f3","url":"https:\/\/espaisagaro.com\/fr\/","logo":{"@type":"ImageObject","inLanguage":"fr-FR","@id":"https:\/\/espaisagaro.com\/fr\/#\/schema\/logo\/image\/","url":"https:\/\/espaisagaro.com\/wp-content\/uploads\/espai.png","contentUrl":"https:\/\/espaisagaro.com\/wp-content\/uploads\/espai.png","width":166,"height":165,"caption":"Espai S'Agar\u00f3"},"image":{"@id":"https:\/\/espaisagaro.com\/fr\/#\/schema\/logo\/image\/"}}]}},"_links":{"self":[{"href":"https:\/\/espaisagaro.com\/fr\/wp-json\/wp\/v2\/pages\/5303","targetHints":{"allow":["GET"]}}],"collection":[{"href":"https:\/\/espaisagaro.com\/fr\/wp-json\/wp\/v2\/pages"}],"about":[{"href":"https:\/\/espaisagaro.com\/fr\/wp-json\/wp\/v2\/types\/page"}],"author":[{"embeddable":true,"href":"https:\/\/espaisagaro.com\/fr\/wp-json\/wp\/v2\/users\/1"}],"replies":[{"embeddable":true,"href":"https:\/\/espaisagaro.com\/fr\/wp-json\/wp\/v2\/comments?post=5303"}],"version-history":[{"count":5,"href":"https:\/\/espaisagaro.com\/fr\/wp-json\/wp\/v2\/pages\/5303\/revisions"}],"predecessor-version":[{"id":8326,"href":"https:\/\/espaisagaro.com\/fr\/wp-json\/wp\/v2\/pages\/5303\/revisions\/8326"}],"wp:attachment":[{"href":"https:\/\/espaisagaro.com\/fr\/wp-json\/wp\/v2\/media?parent=5303"}],"curies":[{"name":"wp","href":"https:\/\/api.w.org\/{rel}","templated":true}]}}