{"id":5309,"date":"2023-03-20T21:45:26","date_gmt":"2023-03-20T21:45:26","guid":{"rendered":"https:\/\/espaisagaro.com\/ou-sommes-nous\/"},"modified":"2024-07-22T16:23:03","modified_gmt":"2024-07-22T16:23:03","slug":"ou-sommes-nous","status":"publish","type":"page","link":"https:\/\/espaisagaro.com\/fr\/ou-sommes-nous\/","title":{"rendered":"O\u00f9 sommes-nous"},"content":{"rendered":"\t\t<div data-elementor-type=\"wp-page\" data-elementor-id=\"5309\" class=\"elementor elementor-5309 elementor-50\" data-elementor-post-type=\"page\">\n\t\t\t\t\t\t<section class=\"elementor-section elementor-top-section elementor-element elementor-element-1340801 elementor-section-full_width elementor-section-stretched elementor-section-height-default elementor-section-height-default\" data-id=\"1340801\" data-element_type=\"section\" data-e-type=\"section\" data-settings=\"{&quot;stretch_section&quot;:&quot;section-stretched&quot;}\">\n\t\t\t\t\t\t<div class=\"elementor-container elementor-column-gap-default\">\n\t\t\t\t\t<div class=\"elementor-column elementor-col-100 elementor-top-column elementor-element elementor-element-a59cf44\" data-id=\"a59cf44\" data-element_type=\"column\" data-e-type=\"column\">\n\t\t\t<div class=\"elementor-widget-wrap elementor-element-populated\">\n\t\t\t\t\t\t<div class=\"elementor-element elementor-element-9aa8cab elementor-widget elementor-widget-image\" data-id=\"9aa8cab\" data-element_type=\"widget\" data-e-type=\"widget\" data-widget_type=\"image.default\">\n\t\t\t\t\t\t\t\t\t\t\t\t\t\t\t<img fetchpriority=\"high\" decoding=\"async\" width=\"1920\" height=\"880\" src=\"https:\/\/espaisagaro.com\/wp-content\/uploads\/2023\/03\/foto-portada-ON-SOM-copia.jpg\" class=\"attachment-full size-full wp-image-2404\" alt=\"\" srcset=\"https:\/\/espaisagaro.com\/wp-content\/uploads\/2023\/03\/foto-portada-ON-SOM-copia.jpg 1920w, https:\/\/espaisagaro.com\/wp-content\/uploads\/2023\/03\/foto-portada-ON-SOM-copia-600x275.jpg 600w, https:\/\/espaisagaro.com\/wp-content\/uploads\/2023\/03\/foto-portada-ON-SOM-copia-300x138.jpg 300w, https:\/\/espaisagaro.com\/wp-content\/uploads\/2023\/03\/foto-portada-ON-SOM-copia-1024x469.jpg 1024w, https:\/\/espaisagaro.com\/wp-content\/uploads\/2023\/03\/foto-portada-ON-SOM-copia-768x352.jpg 768w, https:\/\/espaisagaro.com\/wp-content\/uploads\/2023\/03\/foto-portada-ON-SOM-copia-1536x704.jpg 1536w\" sizes=\"(max-width: 1920px) 100vw, 1920px\" \/>\t\t\t\t\t\t\t\t\t\t\t\t\t\t\t<\/div>\n\t\t\t\t\t<\/div>\n\t\t<\/div>\n\t\t\t\t\t<\/div>\n\t\t<\/section>\n\t\t\t\t<section class=\"elementor-section elementor-top-section elementor-element elementor-element-95338ee elementor-section-full_width elementor-section-height-default elementor-section-height-default\" data-id=\"95338ee\" data-element_type=\"section\" data-e-type=\"section\">\n\t\t\t\t\t\t<div class=\"elementor-container elementor-column-gap-default\">\n\t\t\t\t\t<div class=\"elementor-column elementor-col-100 elementor-top-column elementor-element elementor-element-0ff8983\" data-id=\"0ff8983\" data-element_type=\"column\" data-e-type=\"column\">\n\t\t\t<div class=\"elementor-widget-wrap elementor-element-populated\">\n\t\t\t\t\t\t<div class=\"elementor-element elementor-element-5617a82 elementor-widget elementor-widget-text-editor\" data-id=\"5617a82\" data-element_type=\"widget\" data-e-type=\"widget\" data-widget_type=\"text-editor.default\">\n\t\t\t\t\t\t\t\t\tLouer \u00e0 S&rsquo;Agar\u00f3 Dormir sur la Costa Brava Appartement Platja d&rsquo;Aro Appartement acceptant les animaux S&rsquo;Agar\u00f3 Vacances \u00e0 S&rsquo;Agar\u00f3 Escapade Costa Brava H\u00e9bergement vue sur mer Appartement pr\u00e8s de la mer S&rsquo;Agar\u00f3 Appartements avec piscine S&rsquo;Agar\u00f3 Dormir au centre de S&rsquo;Agar\u00f3 Escapade \u00e0 S&rsquo;Agar\u00f3 Louer un appartement sur la Costa Brava Dormir pr\u00e8s de la plage S&rsquo;Agar\u00f3 H\u00e9bergement familial S&rsquo;Agar\u00f3 Appartement confortable S&rsquo;Agar\u00f3 Appartement dans un quartier calme S&rsquo;Agar\u00f3 Dormir \u00e0 Platja d&rsquo;Aro Vacances sur la Costa Brava Dormir \u00e0 S&rsquo;Agar\u00f3 avec des enfants Appartement vue sur mer Louer un appartement de vacances S&rsquo;Agar\u00f3 Location d&rsquo;appartement familial Costa Brava Escapade \u00e0 Platja d&rsquo;Aro Appartement avec terrasse S&rsquo;Agar\u00f3 Dormir pr\u00e8s de G\u00e9rone Appartement en premi\u00e8re ligne de mer S&rsquo;Agar\u00f3 Location de vacances Platja d&rsquo;Aro Appartement pr\u00e8s des sentiers Costa Brava Location \u00e0 la journ\u00e9e S&rsquo;Agar\u00f3 Louer un appartement Platja d&rsquo;Aro \n\t\t\t\t\t\t\t\t<\/div>\n\t\t\t\t\t<\/div>\n\t\t<\/div>\n\t\t\t\t\t<\/div>\n\t\t<\/section>\n\t\t\t\t<section class=\"elementor-section elementor-top-section elementor-element elementor-element-e18743f elementor-section-boxed elementor-section-height-default elementor-section-height-default\" data-id=\"e18743f\" data-element_type=\"section\" data-e-type=\"section\">\n\t\t\t\t\t\t<div class=\"elementor-container elementor-column-gap-default\">\n\t\t\t\t\t<div class=\"elementor-column elementor-col-100 elementor-top-column elementor-element elementor-element-951e8fc\" data-id=\"951e8fc\" data-element_type=\"column\" data-e-type=\"column\">\n\t\t\t<div class=\"elementor-widget-wrap elementor-element-populated\">\n\t\t\t\t\t\t<div class=\"elementor-element elementor-element-89a0e53 elementor-widget elementor-widget-text-editor\" data-id=\"89a0e53\" data-element_type=\"widget\" data-e-type=\"widget\" data-widget_type=\"text-editor.default\">\n\t\t\t\t\t\t\t\t\t<p>S\u2019Agar\u00f3,<br \/> le coeur de <br \/>Costa Brava<\/p>\n\t\t\t\t\t\t\t\t<\/div>\n\t\t\t\t\t<\/div>\n\t\t<\/div>\n\t\t\t\t\t<\/div>\n\t\t<\/section>\n\t\t\t\t<section class=\"elementor-section elementor-top-section elementor-element elementor-element-fbc2839 elementor-section-boxed elementor-section-height-default elementor-section-height-default\" data-id=\"fbc2839\" data-element_type=\"section\" data-e-type=\"section\">\n\t\t\t\t\t\t<div class=\"elementor-container elementor-column-gap-default\">\n\t\t\t\t\t<div class=\"elementor-column elementor-col-100 elementor-top-column elementor-element elementor-element-07deac6\" data-id=\"07deac6\" data-element_type=\"column\" data-e-type=\"column\">\n\t\t\t<div class=\"elementor-widget-wrap elementor-element-populated\">\n\t\t\t\t\t\t<section class=\"elementor-section elementor-inner-section elementor-element elementor-element-33d7ef3 elementor-section-boxed elementor-section-height-default elementor-section-height-default\" data-id=\"33d7ef3\" data-element_type=\"section\" data-e-type=\"section\">\n\t\t\t\t\t\t<div class=\"elementor-container elementor-column-gap-default\">\n\t\t\t\t\t<div class=\"elementor-column elementor-col-50 elementor-inner-column elementor-element elementor-element-05625f3\" data-id=\"05625f3\" data-element_type=\"column\" data-e-type=\"column\">\n\t\t\t<div class=\"elementor-widget-wrap elementor-element-populated\">\n\t\t\t\t\t\t<div class=\"elementor-element elementor-element-9922a27 elementor-widget elementor-widget-image\" data-id=\"9922a27\" data-element_type=\"widget\" data-e-type=\"widget\" data-widget_type=\"image.default\">\n\t\t\t\t\t\t\t\t\t\t\t\t\t\t\t<img decoding=\"async\" width=\"178\" height=\"49\" src=\"https:\/\/espaisagaro.com\/wp-content\/uploads\/2023\/03\/cors.png\" class=\"attachment-large size-large wp-image-2407\" alt=\"\" \/>\t\t\t\t\t\t\t\t\t\t\t\t\t\t\t<\/div>\n\t\t\t\t\t<\/div>\n\t\t<\/div>\n\t\t\t\t<div class=\"elementor-column elementor-col-50 elementor-inner-column elementor-element elementor-element-4518369\" data-id=\"4518369\" data-element_type=\"column\" data-e-type=\"column\">\n\t\t\t<div class=\"elementor-widget-wrap elementor-element-populated\">\n\t\t\t\t\t\t<div class=\"elementor-element elementor-element-02eeff8 elementor-widget elementor-widget-text-editor\" data-id=\"02eeff8\" data-element_type=\"widget\" data-e-type=\"widget\" data-widget_type=\"text-editor.default\">\n\t\t\t\t\t\t\t\t\t<p>Entre Sant Feliu de Gu\u00edxols et Platja d&rsquo;Aro, \u00e0 mi-chemin entre Barcelone et la France, et entre Blanes et Portbou, nous trouvons S&rsquo;AGAR\u00d3, l&rsquo;un des plus beaux centres r\u00e9sidentiels et touristiques de la Costa Brava. Son origine remonte \u00e0 1916 avec la construction de la premi\u00e8re r\u00e9sidence d&rsquo;\u00e9t\u00e9 de style noucentiste avec l&rsquo;id\u00e9e qu&rsquo;il s&rsquo;agissait d&rsquo;une urbanisation destin\u00e9e au tourisme et aux vacances d&rsquo;\u00e9t\u00e9 de la haute bourgeoisie.<br>\nAu fil des ann\u00e9es, la force du tourisme s&rsquo;est d\u00e9velopp\u00e9e et tout autour du complexe initial (et tout le long de la c\u00f4te en g\u00e9n\u00e9ral) de nouveaux b\u00e2timents et appartements ont \u00e9t\u00e9 construits, jusqu&rsquo;\u00e0 former ce que nous connaissons aujourd&rsquo;hui sous le nom de S&rsquo;Agar\u00f3.<br><br>\nIl y a deux magnifiques plages, l&rsquo;une de Sant Pol, longue de 900 m et compos\u00e9e de sable tr\u00e8s fin et d&rsquo;eaux peu profondes, id\u00e9ale pour les familles avec de jeunes enfants ou les personnes \u00e0 mobilit\u00e9 r\u00e9duite. Elle dispose d&rsquo;une promenade qui la borde, d&rsquo;une aire de jeux pour enfants dans le Parc de les Dunes et d&rsquo;un grand nombre de services (parking, location de transats, bars, restaurants, Croix Rouge, \u00e9cole de sports nautiques&#8230;) et de l&rsquo;autre la plage de Sa Conca, touchant l&rsquo;urbanisation de S&rsquo;Agar\u00f3 avec ses maisons majestueuses et la promenade qui y passe. C&rsquo;est une grande crique de 400 m\u00e8tres, avec du sable plus \u00e9pais et des eaux plus profondes. Vous pouvez y acc\u00e9der en voiture, mais vous devez le quitter \u00e0 250 m\u00e8tres ou \u00e0 pied, en faisant une agr\u00e9able promenade le long du Cam\u00ed de Ronda. C&rsquo;est une plage tr\u00e8s famili\u00e8re, entour\u00e9e de pins et de rochers, d&rsquo;une grande beaut\u00e9.<br><br>\nS&rsquo;Agar\u00f3 se caract\u00e9rise par \u00eatre un quartier r\u00e9sidentiel calme et familier, avec des magasins de qualit\u00e9, une vari\u00e9t\u00e9 de restaurants et de bars et tr\u00e8s proche et bien reli\u00e9 \u00e0 nos voisins de Platja d&rsquo;Aro et Sant Feliu de Gu\u00edxols. <\/p>\t\t\t\t\t\t\t\t<\/div>\n\t\t\t\t\t<\/div>\n\t\t<\/div>\n\t\t\t\t\t<\/div>\n\t\t<\/section>\n\t\t\t\t\t<\/div>\n\t\t<\/div>\n\t\t\t\t\t<\/div>\n\t\t<\/section>\n\t\t\t\t<section class=\"elementor-section elementor-top-section elementor-element elementor-element-81367ce elementor-section-full_width elementor-section-stretched elementor-section-height-default elementor-section-height-default\" data-id=\"81367ce\" data-element_type=\"section\" data-e-type=\"section\" data-settings=\"{&quot;stretch_section&quot;:&quot;section-stretched&quot;}\">\n\t\t\t\t\t\t<div class=\"elementor-container elementor-column-gap-default\">\n\t\t\t\t\t<div class=\"elementor-column elementor-col-100 elementor-top-column elementor-element elementor-element-56a93cc\" data-id=\"56a93cc\" data-element_type=\"column\" data-e-type=\"column\">\n\t\t\t<div class=\"elementor-widget-wrap elementor-element-populated\">\n\t\t\t\t\t\t<div class=\"elementor-element elementor-element-e34879b elementor-widget elementor-widget-image\" data-id=\"e34879b\" data-element_type=\"widget\" data-e-type=\"widget\" data-widget_type=\"image.default\">\n\t\t\t\t\t\t\t\t\t\t\t\t\t\t\t<img decoding=\"async\" width=\"1920\" height=\"571\" src=\"https:\/\/espaisagaro.com\/wp-content\/uploads\/2023\/03\/mapa.png\" class=\"attachment-full size-full wp-image-2410\" alt=\"\" srcset=\"https:\/\/espaisagaro.com\/wp-content\/uploads\/2023\/03\/mapa.png 1920w, https:\/\/espaisagaro.com\/wp-content\/uploads\/2023\/03\/mapa-600x178.png 600w, https:\/\/espaisagaro.com\/wp-content\/uploads\/2023\/03\/mapa-300x89.png 300w, https:\/\/espaisagaro.com\/wp-content\/uploads\/2023\/03\/mapa-1024x305.png 1024w, https:\/\/espaisagaro.com\/wp-content\/uploads\/2023\/03\/mapa-768x228.png 768w, https:\/\/espaisagaro.com\/wp-content\/uploads\/2023\/03\/mapa-1536x457.png 1536w\" sizes=\"(max-width: 1920px) 100vw, 1920px\" \/>\t\t\t\t\t\t\t\t\t\t\t\t\t\t\t<\/div>\n\t\t\t\t<div class=\"elementor-element elementor-element-5439087 elementor-hidden-desktop elementor-hidden-tablet elementor-widget elementor-widget-spacer\" data-id=\"5439087\" data-element_type=\"widget\" data-e-type=\"widget\" data-widget_type=\"spacer.default\">\n\t\t\t\t\t\t\t<div class=\"elementor-spacer\">\n\t\t\t<div class=\"elementor-spacer-inner\"><\/div>\n\t\t<\/div>\n\t\t\t\t\t\t<\/div>\n\t\t\t\t\t<\/div>\n\t\t<\/div>\n\t\t\t\t\t<\/div>\n\t\t<\/section>\n\t\t\t\t<section class=\"elementor-section elementor-top-section elementor-element elementor-element-6486b64c elementor-section-full_width elementor-section-stretched elementor-section-height-default elementor-section-height-default\" data-id=\"6486b64c\" data-element_type=\"section\" data-e-type=\"section\" data-settings=\"{&quot;stretch_section&quot;:&quot;section-stretched&quot;}\">\n\t\t\t\t\t\t<div class=\"elementor-container elementor-column-gap-default\">\n\t\t\t\t\t<div class=\"elementor-column elementor-col-100 elementor-top-column elementor-element elementor-element-1b57ad27\" data-id=\"1b57ad27\" data-element_type=\"column\" data-e-type=\"column\">\n\t\t\t<div class=\"elementor-widget-wrap elementor-element-populated\">\n\t\t\t\t\t\t<div class=\"elementor-element elementor-element-1ae8a614 elementor--h-position-center elementor--v-position-middle elementor-widget elementor-widget-slides\" data-id=\"1ae8a614\" data-element_type=\"widget\" data-e-type=\"widget\" data-settings=\"{&quot;navigation&quot;:&quot;none&quot;,&quot;transition&quot;:&quot;fade&quot;,&quot;transition_speed&quot;:500}\" data-widget_type=\"slides.default\">\n\t\t\t\t\t\t\t\t\t\t<div class=\"elementor-slides-wrapper elementor-main-swiper swiper\" role=\"region\" aria-roledescription=\"carousel\" aria-label=\"Diapositives\" dir=\"ltr\" data-animation=\"zoomIn\">\n\t\t\t\t<div class=\"swiper-wrapper elementor-slides\">\n\t\t\t\t\t\t\t\t\t\t<div class=\"elementor-repeater-item-5578067 swiper-slide\" role=\"group\" aria-roledescription=\"slide\"><div class=\"swiper-slide-bg\" role=\"img\" aria-label=\"Contacte 2\"><\/div><a class=\"swiper-slide-inner\" href=\"https:\/\/espaisagaro.com\/fr\/contact\/\"><div class=\"swiper-slide-contents\"><div  class=\"elementor-button elementor-slide-button elementor-size-lg\">Contact<\/div><\/div><\/a><\/div>\t\t\t\t<\/div>\n\t\t\t\t\t\t\t<\/div>\n\t\t\t\t\t\t\t\t<\/div>\n\t\t\t\t\t<\/div>\n\t\t<\/div>\n\t\t\t\t\t<\/div>\n\t\t<\/section>\n\t\t\t\t<\/div>\n\t\t","protected":false},"excerpt":{"rendered":"<p>Louer \u00e0 S&rsquo;Agar\u00f3 Dormir sur la Costa Brava Appartement Platja d&rsquo;Aro Appartement acceptant les animaux S&rsquo;Agar\u00f3 Vacances \u00e0 S&rsquo;Agar\u00f3 Escapade Costa Brava H\u00e9bergement vue sur mer Appartement pr\u00e8s de la mer S&rsquo;Agar\u00f3 Appartements avec piscine S&rsquo;Agar\u00f3 Dormir au centre de S&rsquo;Agar\u00f3 Escapade \u00e0 S&rsquo;Agar\u00f3 Louer un appartement sur la Costa Brava Dormir pr\u00e8s de la [&hellip;]<\/p>\n","protected":false},"author":1,"featured_media":0,"parent":0,"menu_order":0,"comment_status":"closed","ping_status":"closed","template":"elementor_header_footer","meta":{"footnotes":""},"class_list":["post-5309","page","type-page","status-publish","hentry","entry","owp-thumbs-layout-horizontal","owp-btn-normal","owp-tabs-layout-horizontal","has-no-thumbnails","has-product-nav"],"yoast_head":"<!-- This site is optimized with the Yoast SEO Premium plugin v26.4 (Yoast SEO v27.3) - https:\/\/yoast.com\/product\/yoast-seo-premium-wordpress\/ -->\n<title>O\u00f9 sommes-nous - Espai S&#039;Agar\u00f3<\/title>\n<meta name=\"robots\" content=\"index, follow, max-snippet:-1, max-image-preview:large, max-video-preview:-1\" \/>\n<link rel=\"canonical\" href=\"https:\/\/espaisagaro.com\/fr\/ou-sommes-nous\/\" \/>\n<meta property=\"og:locale\" content=\"fr_FR\" \/>\n<meta property=\"og:type\" content=\"article\" \/>\n<meta property=\"og:title\" content=\"O\u00f9 sommes-nous\" \/>\n<meta property=\"og:description\" content=\"Louer \u00e0 S&rsquo;Agar\u00f3 Dormir sur la Costa Brava Appartement Platja d&rsquo;Aro Appartement acceptant les animaux S&rsquo;Agar\u00f3 Vacances \u00e0 S&rsquo;Agar\u00f3 Escapade Costa Brava H\u00e9bergement vue sur mer Appartement pr\u00e8s de la mer S&rsquo;Agar\u00f3 Appartements avec piscine S&rsquo;Agar\u00f3 Dormir au centre de S&rsquo;Agar\u00f3 Escapade \u00e0 S&rsquo;Agar\u00f3 Louer un appartement sur la Costa Brava Dormir pr\u00e8s de la [&hellip;]\" \/>\n<meta property=\"og:url\" content=\"https:\/\/espaisagaro.com\/fr\/ou-sommes-nous\/\" \/>\n<meta property=\"og:site_name\" content=\"Espai S&#039;Agar\u00f3\" \/>\n<meta property=\"article:modified_time\" content=\"2024-07-22T16:23:03+00:00\" \/>\n<meta property=\"og:image\" content=\"https:\/\/espaisagaro.com\/wp-content\/uploads\/2023\/03\/foto-portada-ON-SOM-copia.jpg\" \/>\n\t<meta property=\"og:image:width\" content=\"1920\" \/>\n\t<meta property=\"og:image:height\" content=\"880\" \/>\n\t<meta property=\"og:image:type\" content=\"image\/jpeg\" \/>\n<meta name=\"twitter:card\" content=\"summary_large_image\" \/>\n<meta name=\"twitter:label1\" content=\"Dur\u00e9e de lecture estim\u00e9e\" \/>\n\t<meta name=\"twitter:data1\" content=\"2 minutes\" \/>\n<script type=\"application\/ld+json\" class=\"yoast-schema-graph\">{\"@context\":\"https:\\\/\\\/schema.org\",\"@graph\":[{\"@type\":\"WebPage\",\"@id\":\"https:\\\/\\\/espaisagaro.com\\\/fr\\\/ou-sommes-nous\\\/\",\"url\":\"https:\\\/\\\/espaisagaro.com\\\/fr\\\/ou-sommes-nous\\\/\",\"name\":\"O\u00f9 sommes-nous - Espai S&#039;Agar\u00f3\",\"isPartOf\":{\"@id\":\"https:\\\/\\\/espaisagaro.com\\\/fr\\\/#website\"},\"primaryImageOfPage\":{\"@id\":\"https:\\\/\\\/espaisagaro.com\\\/fr\\\/ou-sommes-nous\\\/#primaryimage\"},\"image\":{\"@id\":\"https:\\\/\\\/espaisagaro.com\\\/fr\\\/ou-sommes-nous\\\/#primaryimage\"},\"thumbnailUrl\":\"https:\\\/\\\/espaisagaro.com\\\/wp-content\\\/uploads\\\/2023\\\/03\\\/foto-portada-ON-SOM-copia.jpg\",\"datePublished\":\"2023-03-20T21:45:26+00:00\",\"dateModified\":\"2024-07-22T16:23:03+00:00\",\"breadcrumb\":{\"@id\":\"https:\\\/\\\/espaisagaro.com\\\/fr\\\/ou-sommes-nous\\\/#breadcrumb\"},\"inLanguage\":\"fr-FR\",\"potentialAction\":[{\"@type\":\"ReadAction\",\"target\":[\"https:\\\/\\\/espaisagaro.com\\\/fr\\\/ou-sommes-nous\\\/\"]}]},{\"@type\":\"ImageObject\",\"inLanguage\":\"fr-FR\",\"@id\":\"https:\\\/\\\/espaisagaro.com\\\/fr\\\/ou-sommes-nous\\\/#primaryimage\",\"url\":\"https:\\\/\\\/espaisagaro.com\\\/wp-content\\\/uploads\\\/2023\\\/03\\\/foto-portada-ON-SOM-copia.jpg\",\"contentUrl\":\"https:\\\/\\\/espaisagaro.com\\\/wp-content\\\/uploads\\\/2023\\\/03\\\/foto-portada-ON-SOM-copia.jpg\"},{\"@type\":\"BreadcrumbList\",\"@id\":\"https:\\\/\\\/espaisagaro.com\\\/fr\\\/ou-sommes-nous\\\/#breadcrumb\",\"itemListElement\":[{\"@type\":\"ListItem\",\"position\":1,\"name\":\"Home\",\"item\":\"https:\\\/\\\/espaisagaro.com\\\/fr\\\/\"},{\"@type\":\"ListItem\",\"position\":2,\"name\":\"O\u00f9 sommes-nous\"}]},{\"@type\":\"WebSite\",\"@id\":\"https:\\\/\\\/espaisagaro.com\\\/fr\\\/#website\",\"url\":\"https:\\\/\\\/espaisagaro.com\\\/fr\\\/\",\"name\":\"Espai S'Agar\u00f3\",\"description\":\"Location touristique d'appartements au coeur de la Costa Brava\",\"publisher\":{\"@id\":\"https:\\\/\\\/espaisagaro.com\\\/fr\\\/#organization\"},\"alternateName\":\"espaisagaro\",\"potentialAction\":[{\"@type\":\"SearchAction\",\"target\":{\"@type\":\"EntryPoint\",\"urlTemplate\":\"https:\\\/\\\/espaisagaro.com\\\/fr\\\/?s={search_term_string}\"},\"query-input\":{\"@type\":\"PropertyValueSpecification\",\"valueRequired\":true,\"valueName\":\"search_term_string\"}}],\"inLanguage\":\"fr-FR\"},{\"@type\":\"Organization\",\"@id\":\"https:\\\/\\\/espaisagaro.com\\\/fr\\\/#organization\",\"name\":\"Espai S'Agar\u00f3\",\"url\":\"https:\\\/\\\/espaisagaro.com\\\/fr\\\/\",\"logo\":{\"@type\":\"ImageObject\",\"inLanguage\":\"fr-FR\",\"@id\":\"https:\\\/\\\/espaisagaro.com\\\/fr\\\/#\\\/schema\\\/logo\\\/image\\\/\",\"url\":\"https:\\\/\\\/espaisagaro.com\\\/wp-content\\\/uploads\\\/espai.png\",\"contentUrl\":\"https:\\\/\\\/espaisagaro.com\\\/wp-content\\\/uploads\\\/espai.png\",\"width\":166,\"height\":165,\"caption\":\"Espai S'Agar\u00f3\"},\"image\":{\"@id\":\"https:\\\/\\\/espaisagaro.com\\\/fr\\\/#\\\/schema\\\/logo\\\/image\\\/\"}}]}<\/script>\n<!-- \/ Yoast SEO Premium plugin. -->","yoast_head_json":{"title":"O\u00f9 sommes-nous - Espai S&#039;Agar\u00f3","robots":{"index":"index","follow":"follow","max-snippet":"max-snippet:-1","max-image-preview":"max-image-preview:large","max-video-preview":"max-video-preview:-1"},"canonical":"https:\/\/espaisagaro.com\/fr\/ou-sommes-nous\/","og_locale":"fr_FR","og_type":"article","og_title":"O\u00f9 sommes-nous","og_description":"Louer \u00e0 S&rsquo;Agar\u00f3 Dormir sur la Costa Brava Appartement Platja d&rsquo;Aro Appartement acceptant les animaux S&rsquo;Agar\u00f3 Vacances \u00e0 S&rsquo;Agar\u00f3 Escapade Costa Brava H\u00e9bergement vue sur mer Appartement pr\u00e8s de la mer S&rsquo;Agar\u00f3 Appartements avec piscine S&rsquo;Agar\u00f3 Dormir au centre de S&rsquo;Agar\u00f3 Escapade \u00e0 S&rsquo;Agar\u00f3 Louer un appartement sur la Costa Brava Dormir pr\u00e8s de la [&hellip;]","og_url":"https:\/\/espaisagaro.com\/fr\/ou-sommes-nous\/","og_site_name":"Espai S&#039;Agar\u00f3","article_modified_time":"2024-07-22T16:23:03+00:00","og_image":[{"width":1920,"height":880,"url":"https:\/\/espaisagaro.com\/wp-content\/uploads\/2023\/03\/foto-portada-ON-SOM-copia.jpg","type":"image\/jpeg"}],"twitter_card":"summary_large_image","twitter_misc":{"Dur\u00e9e de lecture estim\u00e9e":"2 minutes"},"schema":{"@context":"https:\/\/schema.org","@graph":[{"@type":"WebPage","@id":"https:\/\/espaisagaro.com\/fr\/ou-sommes-nous\/","url":"https:\/\/espaisagaro.com\/fr\/ou-sommes-nous\/","name":"O\u00f9 sommes-nous - Espai S&#039;Agar\u00f3","isPartOf":{"@id":"https:\/\/espaisagaro.com\/fr\/#website"},"primaryImageOfPage":{"@id":"https:\/\/espaisagaro.com\/fr\/ou-sommes-nous\/#primaryimage"},"image":{"@id":"https:\/\/espaisagaro.com\/fr\/ou-sommes-nous\/#primaryimage"},"thumbnailUrl":"https:\/\/espaisagaro.com\/wp-content\/uploads\/2023\/03\/foto-portada-ON-SOM-copia.jpg","datePublished":"2023-03-20T21:45:26+00:00","dateModified":"2024-07-22T16:23:03+00:00","breadcrumb":{"@id":"https:\/\/espaisagaro.com\/fr\/ou-sommes-nous\/#breadcrumb"},"inLanguage":"fr-FR","potentialAction":[{"@type":"ReadAction","target":["https:\/\/espaisagaro.com\/fr\/ou-sommes-nous\/"]}]},{"@type":"ImageObject","inLanguage":"fr-FR","@id":"https:\/\/espaisagaro.com\/fr\/ou-sommes-nous\/#primaryimage","url":"https:\/\/espaisagaro.com\/wp-content\/uploads\/2023\/03\/foto-portada-ON-SOM-copia.jpg","contentUrl":"https:\/\/espaisagaro.com\/wp-content\/uploads\/2023\/03\/foto-portada-ON-SOM-copia.jpg"},{"@type":"BreadcrumbList","@id":"https:\/\/espaisagaro.com\/fr\/ou-sommes-nous\/#breadcrumb","itemListElement":[{"@type":"ListItem","position":1,"name":"Home","item":"https:\/\/espaisagaro.com\/fr\/"},{"@type":"ListItem","position":2,"name":"O\u00f9 sommes-nous"}]},{"@type":"WebSite","@id":"https:\/\/espaisagaro.com\/fr\/#website","url":"https:\/\/espaisagaro.com\/fr\/","name":"Espai S'Agar\u00f3","description":"Location touristique d'appartements au coeur de la Costa Brava","publisher":{"@id":"https:\/\/espaisagaro.com\/fr\/#organization"},"alternateName":"espaisagaro","potentialAction":[{"@type":"SearchAction","target":{"@type":"EntryPoint","urlTemplate":"https:\/\/espaisagaro.com\/fr\/?s={search_term_string}"},"query-input":{"@type":"PropertyValueSpecification","valueRequired":true,"valueName":"search_term_string"}}],"inLanguage":"fr-FR"},{"@type":"Organization","@id":"https:\/\/espaisagaro.com\/fr\/#organization","name":"Espai S'Agar\u00f3","url":"https:\/\/espaisagaro.com\/fr\/","logo":{"@type":"ImageObject","inLanguage":"fr-FR","@id":"https:\/\/espaisagaro.com\/fr\/#\/schema\/logo\/image\/","url":"https:\/\/espaisagaro.com\/wp-content\/uploads\/espai.png","contentUrl":"https:\/\/espaisagaro.com\/wp-content\/uploads\/espai.png","width":166,"height":165,"caption":"Espai S'Agar\u00f3"},"image":{"@id":"https:\/\/espaisagaro.com\/fr\/#\/schema\/logo\/image\/"}}]}},"_links":{"self":[{"href":"https:\/\/espaisagaro.com\/fr\/wp-json\/wp\/v2\/pages\/5309","targetHints":{"allow":["GET"]}}],"collection":[{"href":"https:\/\/espaisagaro.com\/fr\/wp-json\/wp\/v2\/pages"}],"about":[{"href":"https:\/\/espaisagaro.com\/fr\/wp-json\/wp\/v2\/types\/page"}],"author":[{"embeddable":true,"href":"https:\/\/espaisagaro.com\/fr\/wp-json\/wp\/v2\/users\/1"}],"replies":[{"embeddable":true,"href":"https:\/\/espaisagaro.com\/fr\/wp-json\/wp\/v2\/comments?post=5309"}],"version-history":[{"count":5,"href":"https:\/\/espaisagaro.com\/fr\/wp-json\/wp\/v2\/pages\/5309\/revisions"}],"predecessor-version":[{"id":8335,"href":"https:\/\/espaisagaro.com\/fr\/wp-json\/wp\/v2\/pages\/5309\/revisions\/8335"}],"wp:attachment":[{"href":"https:\/\/espaisagaro.com\/fr\/wp-json\/wp\/v2\/media?parent=5309"}],"curies":[{"name":"wp","href":"https:\/\/api.w.org\/{rel}","templated":true}]}}